{"id":8217,"date":"2024-10-24T11:01:04","date_gmt":"2024-10-24T09:01:04","guid":{"rendered":"https:\/\/refuge-de-darwyn.ch\/activities\/for-the-little-ones\/exhibition-in-schools\/"},"modified":"2025-12-05T14:57:58","modified_gmt":"2025-12-05T13:57:58","slug":"exhibition-in-schools","status":"publish","type":"page","link":"https:\/\/refuge-de-darwyn.ch\/en\/activities\/for-the-little-ones\/exhibition-in-schools\/","title":{"rendered":"Presentation in schools (3P-8P) or at the Refuge"},"content":{"rendered":"\n<p class=\"gb-headline gb-headline-ae3f4b7f gb-headline-text\">Nadja, in charge of educational activities, presents Darwyn&#8217;s Refuge and its activities! You can choose between a presentation at the Refuge, or in the classroom. <\/p>\n\n<p class=\"has-text-align-center\"><strong>Victims of our success, we are forced to stop enrolment for the 2025-2026 school year&#8230;! We look forward to welcoming you to our Refuge next fall! <\/strong><\/p>\n\n<p><\/p>\n","protected":false},"excerpt":{"rendered":"<p>Nadja, in charge of educational activities, presents Darwyn&#8217;s Refuge and its activities! You can choose between a presentation at the Refuge, or in the classroom. Victims of our success, we are forced to stop enrolment for the 2025-2026 school year&#8230;! We look forward to welcoming you to our Refuge next fall!<\/p>\n","protected":false},"author":1,"featured_media":0,"parent":8102,"menu_order":4,"comment_status":"closed","ping_status":"closed","template":"","meta":{"_acf_changed":false,"_seopress_robots_primary_cat":"","_seopress_titles_title":"Bien-\u00eatre animal : Pr\u00e9sentation interactive en \u00e9cole","_seopress_titles_desc":"D\u00e9couvrez le bien-\u00eatre animal avec Nadja lors d'un atelier de 45 min en classe. Explorez les actions du Refuge pour sensibiliser les jeunes.","_seopress_robots_index":"","footnotes":""},"page_category":[17],"class_list":{"0":"post-8217","1":"page","2":"type-page","3":"status-publish","5":"page_category-standard"},"acf":[],"_links":{"self":[{"href":"https:\/\/refuge-de-darwyn.ch\/en\/wp-json\/wp\/v2\/pages\/8217","targetHints":{"allow":["GET"]}}],"collection":[{"href":"https:\/\/refuge-de-darwyn.ch\/en\/wp-json\/wp\/v2\/pages"}],"about":[{"href":"https:\/\/refuge-de-darwyn.ch\/en\/wp-json\/wp\/v2\/types\/page"}],"author":[{"embeddable":true,"href":"https:\/\/refuge-de-darwyn.ch\/en\/wp-json\/wp\/v2\/users\/1"}],"replies":[{"embeddable":true,"href":"https:\/\/refuge-de-darwyn.ch\/en\/wp-json\/wp\/v2\/comments?post=8217"}],"version-history":[{"count":9,"href":"https:\/\/refuge-de-darwyn.ch\/en\/wp-json\/wp\/v2\/pages\/8217\/revisions"}],"predecessor-version":[{"id":15992,"href":"https:\/\/refuge-de-darwyn.ch\/en\/wp-json\/wp\/v2\/pages\/8217\/revisions\/15992"}],"up":[{"embeddable":true,"href":"https:\/\/refuge-de-darwyn.ch\/en\/wp-json\/wp\/v2\/pages\/8102"}],"wp:attachment":[{"href":"https:\/\/refuge-de-darwyn.ch\/en\/wp-json\/wp\/v2\/media?parent=8217"}],"wp:term":[{"taxonomy":"page_category","embeddable":true,"href":"https:\/\/refuge-de-darwyn.ch\/en\/wp-json\/wp\/v2\/page_category?post=8217"}],"curies":[{"name":"wp","href":"https:\/\/api.w.org\/{rel}","templated":true}]}}