{"id":8086,"date":"2024-09-04T13:59:13","date_gmt":"2024-09-04T11:59:13","guid":{"rendered":"https:\/\/refuge-de-darwyn.ch\/the-association\/our-association\/our-mission\/"},"modified":"2025-03-07T08:32:46","modified_gmt":"2025-03-07T07:32:46","slug":"our-mission","status":"publish","type":"page","link":"https:\/\/refuge-de-darwyn.ch\/en\/the-association\/our-association\/our-mission\/","title":{"rendered":"Our mission"},"content":{"rendered":"<div class=\"gb-container gb-container-282f007b outer\">\n<div class=\"gb-container gb-container-0a92a879 inner\">\n<div class=\"gb-container gb-container-2cf3cc5a\">\n\n<h1 class=\"gb-headline gb-headline-b5ef71ce gb-headline-text\">Darwyn&#8217;s Refuge Mission<\/h1>\n\n\n<div class=\"gb-container gb-container-fddf3e36\">\n\n<div class=\"gb-headline gb-headline-e718fcda\"><span class=\"gb-icon\">                <\/span><span class=\"gb-headline-text\">The association <strong>has been<\/strong> recognized as <strong>a public utility since 2003<\/strong>.&nbsp;<\/span><\/div>\n\n\n\n<div class=\"gb-headline gb-headline-145f67e6\"><span class=\"gb-icon\">      <\/span><span class=\"gb-headline-text\">Darwyn&#8217;s Refuge has been <strong>recognized as a section of the PSA<\/strong> (Swiss Animal Protection) since 2010.<\/span><\/div>\n\n\n\n<div class=\"gb-headline gb-headline-90e7c3c4\"><span class=\"gb-icon\">           <\/span><span class=\"gb-headline-text\">Darwyn&#8217;s Refuge was awarded <strong>the Prix Cun\u00e9o<\/strong> by the SPA de Gen\u00e8ve in 2002 and <strong>the Prix des v\u00e9t\u00e9rinaires genevois<\/strong> in 2006.<\/span><\/div>\n\n<\/div>\n<\/div>\n\n<div class=\"gb-container gb-container-a1556cc6\">\n\n<figure class=\"gb-block-image gb-block-image-379ed26a\"><img loading=\"lazy\" decoding=\"async\" width=\"1200\" height=\"900\" class=\"gb-image gb-image-379ed26a\" src=\"https:\/\/refuge-de-darwyn.ch\/wp-content\/uploads\/2024\/09\/mission-du-refuge-de-darwyn.jpg\" alt=\"Entrance to Darwyn's Refuge  \" title=\"mission-du-refuge-de-darwyn\" srcset=\"https:\/\/refuge-de-darwyn.ch\/wp-content\/uploads\/2024\/09\/mission-du-refuge-de-darwyn.jpg 1200w, https:\/\/refuge-de-darwyn.ch\/wp-content\/uploads\/2024\/09\/mission-du-refuge-de-darwyn-300x225.jpg 300w, https:\/\/refuge-de-darwyn.ch\/wp-content\/uploads\/2024\/09\/mission-du-refuge-de-darwyn-1024x768.jpg 1024w, https:\/\/refuge-de-darwyn.ch\/wp-content\/uploads\/2024\/09\/mission-du-refuge-de-darwyn-768x576.jpg 768w, https:\/\/refuge-de-darwyn.ch\/wp-content\/uploads\/2024\/09\/mission-du-refuge-de-darwyn-600x450.jpg 600w\" sizes=\"auto, (max-width: 1200px) 100vw, 1200px\" \/><\/figure>\n\n<\/div>\n<\/div>\n<\/div><div class=\"gb-container gb-container-109b45df outer\">\n<div class=\"gb-container gb-container-e3e6c2db inner\">\n\n<p class=\"gb-headline gb-headline-8d0a487c gb-headline-text\">For thousands of years, the horse has been man&#8217;s favourite companion.  <strong>This exceptional relationship, from which Man benefits for his pleasure or work, unfortunately all too often ends in a tragic and revolting way: when the horse is too old or can no longer give his owner complete satisfaction, he is sent&#8230; to slaughter.<\/strong><\/p>\n\n\n\n<p>Outraged by this state of affairs, and fascinated by this companion since childhood, Anouk THIBAUD decided to create the association &#8220;Le Refuge de Darwyn&#8221; (in homage to her lost horse). The association was founded on 17.02.2000 and is now based in Geneva, Switzerland. <\/p>\n\n\n\n<p>Founded in 2000 by Anouk Thibaud, Darwyn&#8217;s Refuge is a non-profit association recognized as a public utility by the Department of Finance, recognized by the Cantonal Veterinary Office, and representing a section of Swiss Animal Protection since December 1, 2010 (the first section with equines).<\/p>\n\n\n\n<p><br\/><strong>The Refuge&#8217;s mission is to :<\/strong><\/p>\n\n\n\n<div class=\"gb-headline gb-headline-2a99298c\"><span class=\"gb-icon\">  <\/span><span class=\"gb-headline-text\">participate in the protection of animals in general, and in particular&nbsp;the protection of equidae, horses and donkeys,<\/span><\/div>\n\n\n\n<div class=\"gb-headline gb-headline-89034ca2\"><span class=\"gb-icon\">  <\/span><span class=\"gb-headline-text\">raise public awareness of horse and donkey abuse,<\/span><\/div>\n\n\n\n<div class=\"gb-headline gb-headline-0ad59071\"><span class=\"gb-icon\">  <\/span><span class=\"gb-headline-text\">influence legislation to ensure dignified living conditions for horses and&nbsp;donkeys,<\/span><\/div>\n\n\n\n<div class=\"gb-headline gb-headline-e90f77f4\"><span class=\"gb-icon\">  <\/span><span class=\"gb-headline-text\">combat non-compliance with the laws governing the treatment and keeping of horses&nbsp;and donkeys,<\/span><\/div>\n\n\n\n<div class=\"gb-headline gb-headline-abe0c751\"><span class=\"gb-icon\">  <\/span><span class=\"gb-headline-text\">create a horse protection league in French-speaking Switzerland.<\/span><\/div>\n\n\n\n<p><strong>The Refuge fulfills its mission by :<\/strong><\/p>\n\n\n\n<div class=\"gb-headline gb-headline-b4be78d7\">intervening, following complaints, to make an assessment, open a dialogue and propose solutions to those responsible for the dispute,<\/div>\n\n\n\n<div class=\"gb-headline gb-headline-88135ad0\">reporting unsolvable cases to the appropriate authorities,<\/div>\n\n\n\n<div class=\"gb-headline gb-headline-7c1d0f53\">for sequestered horses and donkeys,<\/div>\n\n\n\n<div class=\"gb-headline gb-headline-2f1842af\">taking in abused horses and caring for them to help them regain their physical and mental balance,<\/div>\n\n\n\n<div class=\"gb-headline gb-headline-b9cb11c8\">placing horses in foster homes where conditions meet the requirements set by Le Refuge,<\/div>\n\n\n\n<div class=\"gb-headline gb-headline-30fff321\">helping to place horses for owners who, for various reasons, can no longer afford them,<\/div>\n\n\n\n<div class=\"gb-headline gb-headline-66fe276b\">offering services to adults and children to raise awareness of horse protection &#8211; school outings, EMS visits, educational camp, stand\/boutique at equestrian events and more,<\/div>\n\n\n\n<div class=\"gb-headline gb-headline-c609c4f7\">labeling stables for retired horses to ensure good care in the right facilities,<\/div>\n\n\n\n<div class=\"gb-headline gb-headline-79771530\">taking in horses whose owners are no longer able to maintain them, due to financial problems (illness, unemployment, divorce, death, etc.), and who fall into the category of &#8220;social cases&#8221;.<\/div>\n\n\n\n<div class=\"gb-headline gb-headline-f422356f\">helping similar associations or foundations.<\/div>\n\n\n\n<p>The Refuge operates thanks to membership fees and the support of various Foundations, which provide the entire material infrastructure.<br\/>The five-member Committee meets regularly to monitor and oversee the numerous tasks and actions.<\/p>\n\n\n\n<p><strong>The association is recognized by the SPA and cantonal veterinary services.  <\/strong><\/p>\n\n\n\n<p>If you love horses, become a member of &#8220;Darwyn&#8217;s Refuge&#8221; by paying an annual fee.<\/p>\n\n\n<div class=\"gb-container gb-container-ba69338d\">\n\n<a class=\"gb-button gb-button-9dbb169c btn-primary\" href=\"https:\/\/refuge-de-darwyn.ch\/en\/the-association\/our-association\/contact\/\"><span class=\"gb-button-text\">Become a member<\/span><span class=\"gb-icon\">\n    \n<\/span><\/a>\n\n<\/div>\n<\/div>\n<\/div>","protected":false},"excerpt":{"rendered":"<p>Darwyn&#8217;s Refuge Mission The association has been recognized as a public utility since 2003.&nbsp; Darwyn&#8217;s Refuge has been recognized as a section of the PSA (Swiss Animal Protection) since 2010. Darwyn&#8217;s Refuge was awarded the Prix Cun\u00e9o by the SPA de Gen\u00e8ve in 2002 and the Prix des v\u00e9t\u00e9rinaires genevois in 2006. For thousands of &#8230; <a title=\"Our mission\" class=\"read-more\" href=\"https:\/\/refuge-de-darwyn.ch\/en\/the-association\/our-association\/our-mission\/\" aria-label=\"Read more about Our mission\">Read more<\/a><\/p>\n","protected":false},"author":1,"featured_media":0,"parent":7997,"menu_order":1,"comment_status":"closed","ping_status":"closed","template":"","meta":{"_acf_changed":false,"_seopress_robots_primary_cat":"","_seopress_titles_title":"Protect horses with Darwyn's Refuge","_seopress_titles_desc":"Find out more about Darwyn's Refuge and support our mission to protect equines from abuse. Join us now! ","_seopress_robots_index":"","footnotes":""},"page_category":[],"class_list":["post-8086","page","type-page","status-publish"],"acf":[],"_links":{"self":[{"href":"https:\/\/refuge-de-darwyn.ch\/en\/wp-json\/wp\/v2\/pages\/8086","targetHints":{"allow":["GET"]}}],"collection":[{"href":"https:\/\/refuge-de-darwyn.ch\/en\/wp-json\/wp\/v2\/pages"}],"about":[{"href":"https:\/\/refuge-de-darwyn.ch\/en\/wp-json\/wp\/v2\/types\/page"}],"author":[{"embeddable":true,"href":"https:\/\/refuge-de-darwyn.ch\/en\/wp-json\/wp\/v2\/users\/1"}],"replies":[{"embeddable":true,"href":"https:\/\/refuge-de-darwyn.ch\/en\/wp-json\/wp\/v2\/comments?post=8086"}],"version-history":[{"count":3,"href":"https:\/\/refuge-de-darwyn.ch\/en\/wp-json\/wp\/v2\/pages\/8086\/revisions"}],"predecessor-version":[{"id":10044,"href":"https:\/\/refuge-de-darwyn.ch\/en\/wp-json\/wp\/v2\/pages\/8086\/revisions\/10044"}],"up":[{"embeddable":true,"href":"https:\/\/refuge-de-darwyn.ch\/en\/wp-json\/wp\/v2\/pages\/7997"}],"wp:attachment":[{"href":"https:\/\/refuge-de-darwyn.ch\/en\/wp-json\/wp\/v2\/media?parent=8086"}],"wp:term":[{"taxonomy":"page_category","embeddable":true,"href":"https:\/\/refuge-de-darwyn.ch\/en\/wp-json\/wp\/v2\/page_category?post=8086"}],"curies":[{"name":"wp","href":"https:\/\/api.w.org\/{rel}","templated":true}]}}