{"id":9790,"date":"2024-10-28T10:46:43","date_gmt":"2024-10-28T09:46:43","guid":{"rendered":"https:\/\/refuge-de-darwyn.ch\/produit\/schluesselanhaenger-aus-leder\/"},"modified":"2025-12-03T09:49:59","modified_gmt":"2025-12-03T08:49:59","slug":"schluesselanhaenger-aus-leder","status":"publish","type":"product","link":"https:\/\/refuge-de-darwyn.ch\/de\/produkt\/schluesselanhaenger-aus-leder\/","title":{"rendered":"Schl\u00fcsselanh\u00e4nger aus Leder"},"content":{"rendered":"<p>Schl\u00fcsselanh\u00e4nger aus Leder mit dem Bild von Darwyns Zuflucht<\/p>\n","protected":false},"excerpt":{"rendered":"<p>Schl\u00fcsselanh\u00e4nger aus Leder mit dem Bild von Darwyns Zuflucht<\/p>\n","protected":false},"featured_media":5455,"template":"","meta":{"_acf_changed":false,"_seopress_robots_primary_cat":"none","_seopress_titles_title":"Darwyn's Refugium Schl\u00fcsselanh\u00e4nger aus Leder: elegant und einzigartig","_seopress_titles_desc":"","_seopress_robots_index":""},"product_brand":[],"product_cat":[151],"product_tag":[],"class_list":{"0":"post-9790","1":"product","2":"type-product","3":"status-publish","4":"has-post-thumbnail","6":"product_cat-geschenke","8":"first","9":"instock","10":"shipping-taxable","11":"purchasable","12":"product-type-variable"},"acf":[],"_links":{"self":[{"href":"https:\/\/refuge-de-darwyn.ch\/de\/wp-json\/wp\/v2\/product\/9790","targetHints":{"allow":["GET"]}}],"collection":[{"href":"https:\/\/refuge-de-darwyn.ch\/de\/wp-json\/wp\/v2\/product"}],"about":[{"href":"https:\/\/refuge-de-darwyn.ch\/de\/wp-json\/wp\/v2\/types\/product"}],"wp:featuredmedia":[{"embeddable":true,"href":"https:\/\/refuge-de-darwyn.ch\/de\/wp-json\/wp\/v2\/media\/5455"}],"wp:attachment":[{"href":"https:\/\/refuge-de-darwyn.ch\/de\/wp-json\/wp\/v2\/media?parent=9790"}],"wp:term":[{"taxonomy":"product_brand","embeddable":true,"href":"https:\/\/refuge-de-darwyn.ch\/de\/wp-json\/wp\/v2\/product_brand?post=9790"},{"taxonomy":"product_cat","embeddable":true,"href":"https:\/\/refuge-de-darwyn.ch\/de\/wp-json\/wp\/v2\/product_cat?post=9790"},{"taxonomy":"product_tag","embeddable":true,"href":"https:\/\/refuge-de-darwyn.ch\/de\/wp-json\/wp\/v2\/product_tag?post=9790"}],"curies":[{"name":"wp","href":"https:\/\/api.w.org\/{rel}","templated":true}]}}