{"id":9778,"date":"2024-10-28T10:48:29","date_gmt":"2024-10-28T09:48:29","guid":{"rendered":"https:\/\/refuge-de-darwyn.ch\/produit\/schluesselanhaenger-aus-kunststoff\/"},"modified":"2024-10-28T10:48:29","modified_gmt":"2024-10-28T09:48:29","slug":"schluesselanhaenger-aus-kunststoff","status":"publish","type":"product","link":"https:\/\/refuge-de-darwyn.ch\/de\/produkt\/schluesselanhaenger-aus-kunststoff\/","title":{"rendered":"Schl\u00fcsselanh\u00e4nger aus Kunststoff"},"content":{"rendered":"<p>Schl\u00fcsselanh\u00e4nger aus Plastik mit dem Logo von Darwyns Zufluchtsort<\/p>\n","protected":false},"excerpt":{"rendered":"<p>Schl\u00fcsselanh\u00e4nger aus Plastik mit dem Logo von Darwyns Zufluchtsort<\/p>\n","protected":false},"featured_media":5461,"template":"","meta":{"_acf_changed":false,"_seopress_robots_primary_cat":"","_seopress_titles_title":"Darwyn's Refugium Schl\u00fcsselanh\u00e4nger: Nehmen Sie die Sache \u00fcberall mit hin!","_seopress_titles_desc":"","_seopress_robots_index":""},"product_brand":[],"product_cat":[151],"product_tag":[],"class_list":{"0":"post-9778","1":"product","2":"type-product","3":"status-publish","4":"has-post-thumbnail","6":"product_cat-geschenke","8":"first","9":"instock","10":"shipping-taxable","11":"purchasable","12":"product-type-simple"},"acf":[],"_links":{"self":[{"href":"https:\/\/refuge-de-darwyn.ch\/de\/wp-json\/wp\/v2\/product\/9778","targetHints":{"allow":["GET"]}}],"collection":[{"href":"https:\/\/refuge-de-darwyn.ch\/de\/wp-json\/wp\/v2\/product"}],"about":[{"href":"https:\/\/refuge-de-darwyn.ch\/de\/wp-json\/wp\/v2\/types\/product"}],"wp:featuredmedia":[{"embeddable":true,"href":"https:\/\/refuge-de-darwyn.ch\/de\/wp-json\/wp\/v2\/media\/5461"}],"wp:attachment":[{"href":"https:\/\/refuge-de-darwyn.ch\/de\/wp-json\/wp\/v2\/media?parent=9778"}],"wp:term":[{"taxonomy":"product_brand","embeddable":true,"href":"https:\/\/refuge-de-darwyn.ch\/de\/wp-json\/wp\/v2\/product_brand?post=9778"},{"taxonomy":"product_cat","embeddable":true,"href":"https:\/\/refuge-de-darwyn.ch\/de\/wp-json\/wp\/v2\/product_cat?post=9778"},{"taxonomy":"product_tag","embeddable":true,"href":"https:\/\/refuge-de-darwyn.ch\/de\/wp-json\/wp\/v2\/product_tag?post=9778"}],"curies":[{"name":"wp","href":"https:\/\/api.w.org\/{rel}","templated":true}]}}