{"id":9685,"date":"2024-11-07T11:37:28","date_gmt":"2024-11-07T10:37:28","guid":{"rendered":"https:\/\/refuge-de-darwyn.ch\/produit\/eine-spende-machen\/"},"modified":"2025-12-03T09:49:57","modified_gmt":"2025-12-03T08:49:57","slug":"eine-spende-machen","status":"publish","type":"product","link":"https:\/\/refuge-de-darwyn.ch\/de\/produkt\/eine-spende-machen\/","title":{"rendered":"Eine Spende machen"},"content":{"rendered":"<p>Helfen Sie uns, indem Sie sich am aktuellen S.O.S. beteiligen, um ein Pferd zu retten, sich an den Operationskosten zu beteiligen oder eine Spende zu t\u00e4tigen, um unsere Arbeit im Allgemeinen zu unterst\u00fctzen.<\/p>\n<p>Unsere Sch\u00fctzlinge sagen Ihnen ein gro\u00dfes Dankesch\u00f6n!<\/p>\n<p>Wenn Sie m\u00f6chten, k\u00f6nnen Sie eine einmalige Spende t\u00e4tigen oder eine Patenschaft f\u00fcr ein Pferd \u00fcbernehmen und dies auf wiederkehrender Basis tun.<\/p>\n","protected":false},"excerpt":{"rendered":"<p>Helfen Sie uns, indem Sie sich am aktuellen S.O.S. beteiligen, um ein Pferd zu retten, sich an den Operationskosten zu beteiligen oder eine Spende zu t\u00e4tigen, um unsere Arbeit im Allgemeinen zu unterst\u00fctzen. Unsere Sch\u00fctzlinge sagen Ihnen ein gro\u00dfes Dankesch\u00f6n! Wenn Sie m\u00f6chten, k\u00f6nnen Sie eine einmalige Spende t\u00e4tigen oder eine Patenschaft f\u00fcr ein Pferd &#8230; <a title=\"Eine Spende machen\" class=\"read-more\" href=\"https:\/\/refuge-de-darwyn.ch\/de\/produkt\/eine-spende-machen\/\" aria-label=\"Mehr Informationen \u00fcber Eine Spende machen\">Weiterlesen<\/a><\/p>\n","protected":false},"featured_media":5637,"template":"","meta":{"_acf_changed":false,"_seopress_robots_primary_cat":"none","_seopress_titles_title":"Helfen Sie einem Pferd: Spenden Sie noch heute oder \u00fcbernehmen Sie eine Patenschaft.","_seopress_titles_desc":"","_seopress_robots_index":""},"product_brand":[],"product_cat":[137],"product_tag":[],"class_list":{"0":"post-9685","1":"product","2":"type-product","3":"status-publish","4":"has-post-thumbnail","6":"product_cat-unterstutzen-sie-unsere-arbeit","7":"product-has-custom-price","9":"first","10":"instock","11":"virtual","12":"purchasable","13":"product-type-simple"},"acf":[],"_links":{"self":[{"href":"https:\/\/refuge-de-darwyn.ch\/de\/wp-json\/wp\/v2\/product\/9685","targetHints":{"allow":["GET"]}}],"collection":[{"href":"https:\/\/refuge-de-darwyn.ch\/de\/wp-json\/wp\/v2\/product"}],"about":[{"href":"https:\/\/refuge-de-darwyn.ch\/de\/wp-json\/wp\/v2\/types\/product"}],"wp:featuredmedia":[{"embeddable":true,"href":"https:\/\/refuge-de-darwyn.ch\/de\/wp-json\/wp\/v2\/media\/5637"}],"wp:attachment":[{"href":"https:\/\/refuge-de-darwyn.ch\/de\/wp-json\/wp\/v2\/media?parent=9685"}],"wp:term":[{"taxonomy":"product_brand","embeddable":true,"href":"https:\/\/refuge-de-darwyn.ch\/de\/wp-json\/wp\/v2\/product_brand?post=9685"},{"taxonomy":"product_cat","embeddable":true,"href":"https:\/\/refuge-de-darwyn.ch\/de\/wp-json\/wp\/v2\/product_cat?post=9685"},{"taxonomy":"product_tag","embeddable":true,"href":"https:\/\/refuge-de-darwyn.ch\/de\/wp-json\/wp\/v2\/product_tag?post=9685"}],"curies":[{"name":"wp","href":"https:\/\/api.w.org\/{rel}","templated":true}]}}