{"id":9682,"date":"2024-11-21T09:23:24","date_gmt":"2024-11-21T08:23:24","guid":{"rendered":"https:\/\/refuge-de-darwyn.ch\/produit\/patenschaft-fuer-ein-pferd\/"},"modified":"2025-12-03T09:50:00","modified_gmt":"2025-12-03T08:50:00","slug":"patenschaft-fuer-ein-pferd","status":"publish","type":"product","link":"https:\/\/refuge-de-darwyn.ch\/de\/produkt\/patenschaft-fuer-ein-pferd\/","title":{"rendered":"Patenschaft f\u00fcr ein Pferd"},"content":{"rendered":"<p>Unterst\u00fctzen Sie unsere Arbeit, indem Sie eine Patenschaft f\u00fcr ein Pferd \u00fcbernehmen!<br \/>\nDie Patenschaft ist eine monatliche Unterst\u00fctzung, die uns hilft, die Kosten f\u00fcr das von Ihnen ausgew\u00e4hlte Pferd zu bezahlen (Tierarzt, Hufschmied, Osteo, etc.). Im Gegenzug erhalten Sie viermal im Jahr eine Postkarte mit Neuigkeiten \u00fcber Ihr Patenkind! <\/p>\n","protected":false},"excerpt":{"rendered":"<p>Unterst\u00fctzen Sie unsere Arbeit, indem Sie eine Patenschaft f\u00fcr ein Pferd \u00fcbernehmen! Die Patenschaft ist eine monatliche Unterst\u00fctzung, die uns hilft, die Kosten f\u00fcr das von Ihnen ausgew\u00e4hlte Pferd zu bezahlen (Tierarzt, Hufschmied, Osteo, etc.). Im Gegenzug erhalten Sie viermal im Jahr eine Postkarte mit Neuigkeiten \u00fcber Ihr Patenkind!<\/p>\n","protected":false},"featured_media":5695,"template":"","meta":{"_acf_changed":false,"_seopress_robots_primary_cat":"none","_seopress_titles_title":"Beteiligen Sie sich an S.O.S: Retten wir gemeinsam ein Pferd!","_seopress_titles_desc":"","_seopress_robots_index":""},"product_brand":[],"product_cat":[137],"product_tag":[],"class_list":{"0":"post-9682","1":"product","2":"type-product","3":"status-publish","4":"has-post-thumbnail","6":"product_cat-unterstutzen-sie-unsere-arbeit","7":"product-has-custom-price","9":"first","10":"instock","11":"virtual","12":"purchasable","13":"product-type-simple"},"acf":[],"_links":{"self":[{"href":"https:\/\/refuge-de-darwyn.ch\/de\/wp-json\/wp\/v2\/product\/9682","targetHints":{"allow":["GET"]}}],"collection":[{"href":"https:\/\/refuge-de-darwyn.ch\/de\/wp-json\/wp\/v2\/product"}],"about":[{"href":"https:\/\/refuge-de-darwyn.ch\/de\/wp-json\/wp\/v2\/types\/product"}],"wp:featuredmedia":[{"embeddable":true,"href":"https:\/\/refuge-de-darwyn.ch\/de\/wp-json\/wp\/v2\/media\/5695"}],"wp:attachment":[{"href":"https:\/\/refuge-de-darwyn.ch\/de\/wp-json\/wp\/v2\/media?parent=9682"}],"wp:term":[{"taxonomy":"product_brand","embeddable":true,"href":"https:\/\/refuge-de-darwyn.ch\/de\/wp-json\/wp\/v2\/product_brand?post=9682"},{"taxonomy":"product_cat","embeddable":true,"href":"https:\/\/refuge-de-darwyn.ch\/de\/wp-json\/wp\/v2\/product_cat?post=9682"},{"taxonomy":"product_tag","embeddable":true,"href":"https:\/\/refuge-de-darwyn.ch\/de\/wp-json\/wp\/v2\/product_tag?post=9682"}],"curies":[{"name":"wp","href":"https:\/\/api.w.org\/{rel}","templated":true}]}}