{"id":15761,"date":"2025-04-22T11:36:48","date_gmt":"2025-04-22T09:36:48","guid":{"rendered":"https:\/\/refuge-de-darwyn.ch\/produit\/t-shirt-fuer-kinder\/"},"modified":"2025-04-22T11:36:48","modified_gmt":"2025-04-22T09:36:48","slug":"t-shirt-fuer-kinder","status":"publish","type":"product","link":"https:\/\/refuge-de-darwyn.ch\/de\/produkt\/t-shirt-fuer-kinder\/","title":{"rendered":"T-Shirt f\u00fcr Kinder"},"content":{"rendered":"<p>T-Shirt in Kindergr\u00f6\u00dfe<\/p>\n<p>Collection 2024 mit dem neuen Logo<\/p>\n","protected":false},"excerpt":{"rendered":"<p>T-Shirt in Kindergr\u00f6\u00dfe Collection 2024 mit dem neuen Logo<\/p>\n","protected":false},"featured_media":10964,"template":"","meta":{"_acf_changed":false,"_seopress_robots_primary_cat":"","_seopress_titles_title":"","_seopress_titles_desc":"","_seopress_robots_index":""},"product_brand":[],"product_cat":[163],"product_tag":[],"class_list":{"0":"post-15761","1":"product","2":"type-product","3":"status-publish","4":"has-post-thumbnail","6":"product_cat-kleidung","8":"first","9":"instock","10":"shipping-taxable","11":"purchasable","12":"product-type-variable"},"acf":[],"_links":{"self":[{"href":"https:\/\/refuge-de-darwyn.ch\/de\/wp-json\/wp\/v2\/product\/15761","targetHints":{"allow":["GET"]}}],"collection":[{"href":"https:\/\/refuge-de-darwyn.ch\/de\/wp-json\/wp\/v2\/product"}],"about":[{"href":"https:\/\/refuge-de-darwyn.ch\/de\/wp-json\/wp\/v2\/types\/product"}],"wp:featuredmedia":[{"embeddable":true,"href":"https:\/\/refuge-de-darwyn.ch\/de\/wp-json\/wp\/v2\/media\/10964"}],"wp:attachment":[{"href":"https:\/\/refuge-de-darwyn.ch\/de\/wp-json\/wp\/v2\/media?parent=15761"}],"wp:term":[{"taxonomy":"product_brand","embeddable":true,"href":"https:\/\/refuge-de-darwyn.ch\/de\/wp-json\/wp\/v2\/product_brand?post=15761"},{"taxonomy":"product_cat","embeddable":true,"href":"https:\/\/refuge-de-darwyn.ch\/de\/wp-json\/wp\/v2\/product_cat?post=15761"},{"taxonomy":"product_tag","embeddable":true,"href":"https:\/\/refuge-de-darwyn.ch\/de\/wp-json\/wp\/v2\/product_tag?post=15761"}],"curies":[{"name":"wp","href":"https:\/\/api.w.org\/{rel}","templated":true}]}}