{"id":15725,"date":"2025-05-05T10:30:00","date_gmt":"2025-05-05T08:30:00","guid":{"rendered":"https:\/\/refuge-de-darwyn.ch\/produit\/gutschein-fuer-eine-woche-camp-im-refuge\/"},"modified":"2025-05-05T10:30:00","modified_gmt":"2025-05-05T08:30:00","slug":"gutschein-fuer-eine-woche-camp-im-refuge","status":"publish","type":"product","link":"https:\/\/refuge-de-darwyn.ch\/de\/produkt\/gutschein-fuer-eine-woche-camp-im-refuge\/","title":{"rendered":"Gutschein f\u00fcr eine Woche Camp im Refuge!"},"content":{"rendered":"<p>Schenken Sie Ihrem Kind oder Patenkind eine Woche im Camp&#8230;<\/p>\n<p>Hausgemachte Mahlzeiten, Aktivit\u00e4ten mit Pferden, Aufkl\u00e4rung \u00fcber Misshandlung, Spiele, Basteln, Schwimmbad im Sommer und Abenteuer!<\/p>\n<p>Die Camps finden eine Woche zu Ostern, jede Woche im Sommer und eine Woche im Oktober statt!<\/p>\n<p>&nbsp;<\/p>\n","protected":false},"excerpt":{"rendered":"<p>Schenken Sie Ihrem Kind oder Patenkind eine Woche im Camp&#8230; Hausgemachte Mahlzeiten, Aktivit\u00e4ten mit Pferden, Aufkl\u00e4rung \u00fcber Misshandlung, Spiele, Basteln, Schwimmbad im Sommer und Abenteuer! Die Camps finden eine Woche zu Ostern, jede Woche im Sommer und eine Woche im Oktober statt! &nbsp;<\/p>\n","protected":false},"featured_media":11206,"template":"","meta":{"_acf_changed":false,"_seopress_robots_primary_cat":"none","_seopress_titles_title":"","_seopress_titles_desc":"","_seopress_robots_index":""},"product_brand":[],"product_cat":[151],"product_tag":[],"class_list":{"0":"post-15725","1":"product","2":"type-product","3":"status-publish","4":"has-post-thumbnail","6":"product_cat-geschenke","8":"first","9":"instock","10":"shipping-taxable","11":"purchasable","12":"product-type-simple"},"acf":[],"_links":{"self":[{"href":"https:\/\/refuge-de-darwyn.ch\/de\/wp-json\/wp\/v2\/product\/15725","targetHints":{"allow":["GET"]}}],"collection":[{"href":"https:\/\/refuge-de-darwyn.ch\/de\/wp-json\/wp\/v2\/product"}],"about":[{"href":"https:\/\/refuge-de-darwyn.ch\/de\/wp-json\/wp\/v2\/types\/product"}],"wp:featuredmedia":[{"embeddable":true,"href":"https:\/\/refuge-de-darwyn.ch\/de\/wp-json\/wp\/v2\/media\/11206"}],"wp:attachment":[{"href":"https:\/\/refuge-de-darwyn.ch\/de\/wp-json\/wp\/v2\/media?parent=15725"}],"wp:term":[{"taxonomy":"product_brand","embeddable":true,"href":"https:\/\/refuge-de-darwyn.ch\/de\/wp-json\/wp\/v2\/product_brand?post=15725"},{"taxonomy":"product_cat","embeddable":true,"href":"https:\/\/refuge-de-darwyn.ch\/de\/wp-json\/wp\/v2\/product_cat?post=15725"},{"taxonomy":"product_tag","embeddable":true,"href":"https:\/\/refuge-de-darwyn.ch\/de\/wp-json\/wp\/v2\/product_tag?post=15725"}],"curies":[{"name":"wp","href":"https:\/\/api.w.org\/{rel}","templated":true}]}}