{"id":15722,"date":"2025-06-02T09:58:17","date_gmt":"2025-06-02T07:58:17","guid":{"rendered":"https:\/\/refuge-de-darwyn.ch\/produit\/stueck-fuer-wagen\/"},"modified":"2025-06-02T09:58:17","modified_gmt":"2025-06-02T07:58:17","slug":"stueck-fuer-wagen","status":"publish","type":"product","link":"https:\/\/refuge-de-darwyn.ch\/de\/produkt\/stueck-fuer-wagen\/","title":{"rendered":"St\u00fcck f\u00fcr Wagen"},"content":{"rendered":"<p>Mit den M\u00fcnzen mit dem Logo von Darwyn&#8217;s Refuge m\u00fcssen Sie sich nie wieder um einen Einkaufswagen k\u00fcmmern! Die M\u00fcnzen sind mit einem Karabinerhaken versehen und lassen sich ganz einfach an Ihren Schl\u00fcsseln befestigen. <\/p>\n","protected":false},"excerpt":{"rendered":"<p>Mit den M\u00fcnzen mit dem Logo von Darwyn&#8217;s Refuge m\u00fcssen Sie sich nie wieder um einen Einkaufswagen k\u00fcmmern! Die M\u00fcnzen sind mit einem Karabinerhaken versehen und lassen sich ganz einfach an Ihren Schl\u00fcsseln befestigen.<\/p>\n","protected":false},"featured_media":11562,"template":"","meta":{"_acf_changed":false,"_seopress_robots_primary_cat":"","_seopress_titles_title":"","_seopress_titles_desc":"","_seopress_robots_index":""},"product_brand":[],"product_cat":[151],"product_tag":[],"class_list":{"0":"post-15722","1":"product","2":"type-product","3":"status-publish","4":"has-post-thumbnail","6":"product_cat-geschenke","8":"first","9":"instock","10":"shipping-taxable","11":"product-type-simple"},"acf":[],"_links":{"self":[{"href":"https:\/\/refuge-de-darwyn.ch\/de\/wp-json\/wp\/v2\/product\/15722","targetHints":{"allow":["GET"]}}],"collection":[{"href":"https:\/\/refuge-de-darwyn.ch\/de\/wp-json\/wp\/v2\/product"}],"about":[{"href":"https:\/\/refuge-de-darwyn.ch\/de\/wp-json\/wp\/v2\/types\/product"}],"wp:featuredmedia":[{"embeddable":true,"href":"https:\/\/refuge-de-darwyn.ch\/de\/wp-json\/wp\/v2\/media\/11562"}],"wp:attachment":[{"href":"https:\/\/refuge-de-darwyn.ch\/de\/wp-json\/wp\/v2\/media?parent=15722"}],"wp:term":[{"taxonomy":"product_brand","embeddable":true,"href":"https:\/\/refuge-de-darwyn.ch\/de\/wp-json\/wp\/v2\/product_brand?post=15722"},{"taxonomy":"product_cat","embeddable":true,"href":"https:\/\/refuge-de-darwyn.ch\/de\/wp-json\/wp\/v2\/product_cat?post=15722"},{"taxonomy":"product_tag","embeddable":true,"href":"https:\/\/refuge-de-darwyn.ch\/de\/wp-json\/wp\/v2\/product_tag?post=15722"}],"curies":[{"name":"wp","href":"https:\/\/api.w.org\/{rel}","templated":true}]}}