{"id":10939,"date":"2025-04-22T11:24:50","date_gmt":"2025-04-22T09:24:50","guid":{"rendered":"https:\/\/refuge-de-darwyn.ch\/produit\/t-shirt-fuer-frauen-mit-langen-aermeln\/"},"modified":"2025-04-22T11:24:50","modified_gmt":"2025-04-22T09:24:50","slug":"t-shirt-fuer-frauen-mit-langen-aermeln","status":"publish","type":"product","link":"https:\/\/refuge-de-darwyn.ch\/de\/produkt\/t-shirt-fuer-frauen-mit-langen-aermeln\/","title":{"rendered":"T-Shirt f\u00fcr Frauen mit langen \u00c4rmeln"},"content":{"rendered":"<p>T-Shirt mit langen \u00c4rmeln<\/p>\n<p>Taillierter Schnitt<\/p>\n","protected":false},"excerpt":{"rendered":"<p>T-Shirt mit langen \u00c4rmeln Taillierter Schnitt<\/p>\n","protected":false},"featured_media":10902,"template":"","meta":{"_acf_changed":false,"_seopress_robots_primary_cat":"none","_seopress_titles_title":"","_seopress_titles_desc":"","_seopress_robots_index":""},"product_brand":[],"product_cat":[163],"product_tag":[],"class_list":{"0":"post-10939","1":"product","2":"type-product","3":"status-publish","4":"has-post-thumbnail","6":"product_cat-kleidung","8":"first","9":"instock","10":"shipping-taxable","11":"purchasable","12":"product-type-variable"},"acf":[],"_links":{"self":[{"href":"https:\/\/refuge-de-darwyn.ch\/de\/wp-json\/wp\/v2\/product\/10939","targetHints":{"allow":["GET"]}}],"collection":[{"href":"https:\/\/refuge-de-darwyn.ch\/de\/wp-json\/wp\/v2\/product"}],"about":[{"href":"https:\/\/refuge-de-darwyn.ch\/de\/wp-json\/wp\/v2\/types\/product"}],"wp:featuredmedia":[{"embeddable":true,"href":"https:\/\/refuge-de-darwyn.ch\/de\/wp-json\/wp\/v2\/media\/10902"}],"wp:attachment":[{"href":"https:\/\/refuge-de-darwyn.ch\/de\/wp-json\/wp\/v2\/media?parent=10939"}],"wp:term":[{"taxonomy":"product_brand","embeddable":true,"href":"https:\/\/refuge-de-darwyn.ch\/de\/wp-json\/wp\/v2\/product_brand?post=10939"},{"taxonomy":"product_cat","embeddable":true,"href":"https:\/\/refuge-de-darwyn.ch\/de\/wp-json\/wp\/v2\/product_cat?post=10939"},{"taxonomy":"product_tag","embeddable":true,"href":"https:\/\/refuge-de-darwyn.ch\/de\/wp-json\/wp\/v2\/product_tag?post=10939"}],"curies":[{"name":"wp","href":"https:\/\/api.w.org\/{rel}","templated":true}]}}