{"id":10849,"date":"2025-04-22T11:16:02","date_gmt":"2025-04-22T09:16:02","guid":{"rendered":"https:\/\/refuge-de-darwyn.ch\/produit\/softshelljacke-fuer-frauen-kollektion-2024\/"},"modified":"2025-04-22T11:16:02","modified_gmt":"2025-04-22T09:16:02","slug":"softshelljacke-fuer-frauen-kollektion-2024","status":"publish","type":"product","link":"https:\/\/refuge-de-darwyn.ch\/de\/produkt\/softshelljacke-fuer-frauen-kollektion-2024\/","title":{"rendered":"Softshelljacke f\u00fcr Frauen Kollektion 2024"},"content":{"rendered":"<p>Wasserabweisende Softshell-Jacke, perfekt f\u00fcr die \u00dcbergangszeit<\/p>\n<p>Taillierter Schnitt<\/p>\n","protected":false},"excerpt":{"rendered":"<p>Wasserabweisende Softshell-Jacke, perfekt f\u00fcr die \u00dcbergangszeit Taillierter Schnitt<\/p>\n","protected":false},"featured_media":10593,"template":"","meta":{"_acf_changed":false,"_seopress_robots_primary_cat":"","_seopress_titles_title":"","_seopress_titles_desc":"","_seopress_robots_index":""},"product_brand":[],"product_cat":[163],"product_tag":[],"class_list":{"0":"post-10849","1":"product","2":"type-product","3":"status-publish","4":"has-post-thumbnail","6":"product_cat-kleidung","8":"first","9":"instock","10":"shipping-taxable","11":"purchasable","12":"product-type-variable"},"acf":[],"_links":{"self":[{"href":"https:\/\/refuge-de-darwyn.ch\/de\/wp-json\/wp\/v2\/product\/10849","targetHints":{"allow":["GET"]}}],"collection":[{"href":"https:\/\/refuge-de-darwyn.ch\/de\/wp-json\/wp\/v2\/product"}],"about":[{"href":"https:\/\/refuge-de-darwyn.ch\/de\/wp-json\/wp\/v2\/types\/product"}],"wp:featuredmedia":[{"embeddable":true,"href":"https:\/\/refuge-de-darwyn.ch\/de\/wp-json\/wp\/v2\/media\/10593"}],"wp:attachment":[{"href":"https:\/\/refuge-de-darwyn.ch\/de\/wp-json\/wp\/v2\/media?parent=10849"}],"wp:term":[{"taxonomy":"product_brand","embeddable":true,"href":"https:\/\/refuge-de-darwyn.ch\/de\/wp-json\/wp\/v2\/product_brand?post=10849"},{"taxonomy":"product_cat","embeddable":true,"href":"https:\/\/refuge-de-darwyn.ch\/de\/wp-json\/wp\/v2\/product_cat?post=10849"},{"taxonomy":"product_tag","embeddable":true,"href":"https:\/\/refuge-de-darwyn.ch\/de\/wp-json\/wp\/v2\/product_tag?post=10849"}],"curies":[{"name":"wp","href":"https:\/\/api.w.org\/{rel}","templated":true}]}}