{"id":10756,"date":"2025-04-22T10:55:14","date_gmt":"2025-04-22T08:55:14","guid":{"rendered":"https:\/\/refuge-de-darwyn.ch\/produit\/unisex-sportjacke\/"},"modified":"2025-04-22T10:55:14","modified_gmt":"2025-04-22T08:55:14","slug":"unisex-sportjacke","status":"publish","type":"product","link":"https:\/\/refuge-de-darwyn.ch\/de\/produkt\/unisex-sportjacke\/","title":{"rendered":"Unisex-Sportjacke"},"content":{"rendered":"<p>Unisex-Sportjacke<\/p>\n<p>Atmungsaktives Material f\u00fcr k\u00f6rperliche Aktivit\u00e4t<\/p>\n<p>Kollektion 2024 mit neuem Logo<\/p>\n","protected":false},"excerpt":{"rendered":"<p>Unisex-Sportjacke Atmungsaktives Material f\u00fcr k\u00f6rperliche Aktivit\u00e4t Kollektion 2024 mit neuem Logo<\/p>\n","protected":false},"featured_media":10581,"template":"","meta":{"_acf_changed":false,"_seopress_robots_primary_cat":"","_seopress_titles_title":"","_seopress_titles_desc":"","_seopress_robots_index":""},"product_brand":[],"product_cat":[163],"product_tag":[],"class_list":{"0":"post-10756","1":"product","2":"type-product","3":"status-publish","4":"has-post-thumbnail","6":"product_cat-kleidung","8":"first","9":"instock","10":"shipping-taxable","11":"purchasable","12":"product-type-variable"},"acf":[],"_links":{"self":[{"href":"https:\/\/refuge-de-darwyn.ch\/de\/wp-json\/wp\/v2\/product\/10756","targetHints":{"allow":["GET"]}}],"collection":[{"href":"https:\/\/refuge-de-darwyn.ch\/de\/wp-json\/wp\/v2\/product"}],"about":[{"href":"https:\/\/refuge-de-darwyn.ch\/de\/wp-json\/wp\/v2\/types\/product"}],"wp:featuredmedia":[{"embeddable":true,"href":"https:\/\/refuge-de-darwyn.ch\/de\/wp-json\/wp\/v2\/media\/10581"}],"wp:attachment":[{"href":"https:\/\/refuge-de-darwyn.ch\/de\/wp-json\/wp\/v2\/media?parent=10756"}],"wp:term":[{"taxonomy":"product_brand","embeddable":true,"href":"https:\/\/refuge-de-darwyn.ch\/de\/wp-json\/wp\/v2\/product_brand?post=10756"},{"taxonomy":"product_cat","embeddable":true,"href":"https:\/\/refuge-de-darwyn.ch\/de\/wp-json\/wp\/v2\/product_cat?post=10756"},{"taxonomy":"product_tag","embeddable":true,"href":"https:\/\/refuge-de-darwyn.ch\/de\/wp-json\/wp\/v2\/product_tag?post=10756"}],"curies":[{"name":"wp","href":"https:\/\/api.w.org\/{rel}","templated":true}]}}