{"id":9623,"date":"2025-03-03T13:54:24","date_gmt":"2025-03-03T12:54:24","guid":{"rendered":"https:\/\/refuge-de-darwyn.ch\/aktivitaeten\/unsere-veranstaltungen\/bikhorse\/"},"modified":"2025-03-05T12:04:43","modified_gmt":"2025-03-05T11:04:43","slug":"bikhorse","status":"publish","type":"page","link":"https:\/\/refuge-de-darwyn.ch\/de\/aktivitaeten\/unsere-veranstaltungen\/bikhorse\/","title":{"rendered":"Bik&#8217;Horse"},"content":{"rendered":"\n<p class=\"gb-headline gb-headline-ae3f4b7f gb-headline-text\">Melden Sie sich jetzt f\u00fcr unsere traditionelle Pferde- und Fahrradrallye am 15. Juni an! Begrenzte Pl\u00e4tze, warten Sie nicht zu lange! <\/p>\n\n<p>Das Team kann aus 2 bis 6 Teilnehmern bestehen, mit mindestens einem Pferd (Team nur Reiter ok!).<\/p>\n\n<p>Abfahrt von der Bergh\u00fctte f\u00fcr einen Rundweg von ca. 15 km mit sch\u00f6nen Posten! 60.- pro Person, inklusive Essen (ohne Getr\u00e4nke)! <\/p>\n\n<p>Bitte geben Sie die Anzahl der Pferde im Team im Feld &#8222;Bemerkungen und Erl\u00e4uterungen&#8220; an, um die Organisation zu erleichtern.<\/p>\n\n<p><\/p>\n","protected":false},"excerpt":{"rendered":"<p>Melden Sie sich jetzt f\u00fcr unsere traditionelle Pferde- und Fahrradrallye am 15. Juni an! Begrenzte Pl\u00e4tze, warten Sie nicht zu lange! Das Team kann aus 2 bis 6 Teilnehmern bestehen, mit mindestens einem Pferd (Team nur Reiter ok!). Abfahrt von der Bergh\u00fctte f\u00fcr einen Rundweg von ca. 15 km mit sch\u00f6nen Posten! 60.- pro Person, &#8230; <a title=\"Bik&#8217;Horse\" class=\"read-more\" href=\"https:\/\/refuge-de-darwyn.ch\/de\/aktivitaeten\/unsere-veranstaltungen\/bikhorse\/\" aria-label=\"Mehr Informationen \u00fcber Bik&#8217;Horse\">Weiterlesen<\/a><\/p>\n","protected":false},"author":1,"featured_media":0,"parent":8228,"menu_order":4,"comment_status":"closed","ping_status":"closed","template":"","meta":{"_acf_changed":false,"_seopress_robots_primary_cat":"","_seopress_titles_title":"Inscrivez-vous pour un brunch terroir savoureux!","_seopress_titles_desc":"Inscrivez-vous d\u00e8s maintenant pour notre Brunch du terroir et savourez des produits locaux. Remplissez le formulaire pour r\u00e9server votre place !","_seopress_robots_index":"","footnotes":""},"page_category":[83],"class_list":{"0":"post-9623","1":"page","2":"type-page","3":"status-publish","5":"page_category-formulaire"},"acf":[],"_links":{"self":[{"href":"https:\/\/refuge-de-darwyn.ch\/de\/wp-json\/wp\/v2\/pages\/9623","targetHints":{"allow":["GET"]}}],"collection":[{"href":"https:\/\/refuge-de-darwyn.ch\/de\/wp-json\/wp\/v2\/pages"}],"about":[{"href":"https:\/\/refuge-de-darwyn.ch\/de\/wp-json\/wp\/v2\/types\/page"}],"author":[{"embeddable":true,"href":"https:\/\/refuge-de-darwyn.ch\/de\/wp-json\/wp\/v2\/users\/1"}],"replies":[{"embeddable":true,"href":"https:\/\/refuge-de-darwyn.ch\/de\/wp-json\/wp\/v2\/comments?post=9623"}],"version-history":[{"count":1,"href":"https:\/\/refuge-de-darwyn.ch\/de\/wp-json\/wp\/v2\/pages\/9623\/revisions"}],"predecessor-version":[{"id":9626,"href":"https:\/\/refuge-de-darwyn.ch\/de\/wp-json\/wp\/v2\/pages\/9623\/revisions\/9626"}],"up":[{"embeddable":true,"href":"https:\/\/refuge-de-darwyn.ch\/de\/wp-json\/wp\/v2\/pages\/8228"}],"wp:attachment":[{"href":"https:\/\/refuge-de-darwyn.ch\/de\/wp-json\/wp\/v2\/media?parent=9623"}],"wp:term":[{"taxonomy":"page_category","embeddable":true,"href":"https:\/\/refuge-de-darwyn.ch\/de\/wp-json\/wp\/v2\/page_category?post=9623"}],"curies":[{"name":"wp","href":"https:\/\/api.w.org\/{rel}","templated":true}]}}