{"id":8231,"date":"2024-10-09T13:44:47","date_gmt":"2024-10-09T11:44:47","guid":{"rendered":"https:\/\/refuge-de-darwyn.ch\/die-vereinigung\/unser-verein\/in-der-presse\/"},"modified":"2025-03-03T08:21:05","modified_gmt":"2025-03-03T07:21:05","slug":"in-der-presse","status":"publish","type":"page","link":"https:\/\/refuge-de-darwyn.ch\/de\/die-vereinigung\/unser-verein\/in-der-presse\/","title":{"rendered":"In der Presse"},"content":{"rendered":"<div class=\"gb-container gb-container-2b84abeb outer header-backdrop\">\n<div class=\"gb-container gb-container-d666bafb inner\">\n<h1 class=\"gb-headline gb-headline-5101ebc0 gb-headline-text\">In der Presse<\/h1>\n\n\n<p class=\"gb-headline gb-headline-3cdceaf0 gb-headline-text\">Erfahren Sie mehr \u00fcber die Entwicklung des Tierheims, die Rettungsaktionen, Portr\u00e4ts usw., die in den Jahren seit der Gr\u00fcndung des Tierheims in der Presse ver\u00f6ffentlicht wurden.<\/p>\n\n\n<div class='yearly-wrapper'><div class='yearly-wrapper__year'>   <h2 class='h3'>2023<\/h2>   <div class='yearly-wrapper__group'><div class='yearly-wrapper__item'>   <h3 class='yearly-wrapper__title body-title'>Reitschule wegen Misshandlung verurteilt<\/h3>   <p class='yearly-wrapper__date'>18.02.2023 - Tribune de Gen\u00e8ve<\/p>   <a href='https:\/\/refuge-de-darwyn.ch\/wp-content\/uploads\/2024\/10\/20230220-manege-condamne-maltraitance.jpg' class='yearly-wrapper__link btn-tertiary' target='_blank'>Lesen Sie den Artikel<\/a><\/div><\/div><\/div><div class='yearly-wrapper__year'>   <h2 class='h3'>2022<\/h2>   <div class='yearly-wrapper__group'><div class='yearly-wrapper__item'>   <h3 class='yearly-wrapper__title body-title'>Portr\u00e4t in Terre &amp; Nature<\/h3>   <p class='yearly-wrapper__date'>24.03.2022 - Terre & Nature<\/p>   <a href='https:\/\/refuge-de-darwyn.ch\/wp-content\/uploads\/2024\/10\/20220324-portrait-terre-et-nature.pdf' class='yearly-wrapper__link btn-tertiary' target='_blank'>Lesen Sie den Artikel<\/a><\/div><\/div><\/div><div class='yearly-wrapper__year'>   <h2 class='h3'>2020<\/h2>   <div class='yearly-wrapper__group'><div class='yearly-wrapper__item'>   <h3 class='yearly-wrapper__title body-title'>Dutzende von Pferden, denen ein schneller Tod drohte, wurden gerettet.<\/h3>   <p class='yearly-wrapper__date'>28.04.2020 - Tribune de Gen\u00e8ve<\/p>   <a href='https:\/\/refuge-de-darwyn.ch\/wp-content\/uploads\/2025\/01\/TDG-Mivido-28042020.jpg.pdf' class='yearly-wrapper__link btn-tertiary' target='_blank'>Lesen Sie den Artikel<\/a><\/div><\/div><\/div><div class='yearly-wrapper__year'>   <h2 class='h3'>2019<\/h2>   <div class='yearly-wrapper__group'><div class='yearly-wrapper__item'>   <h3 class='yearly-wrapper__title body-title'>Soziales statt Privilegien<\/h3>   <p class='yearly-wrapper__date'>18.01.2019 - Tribune de Gen\u00e8ve<\/p>   <a href='https:\/\/refuge-de-darwyn.ch\/wp-content\/uploads\/2024\/10\/20190118-du-social-plutot-que-des-privileges.jpg' class='yearly-wrapper__link btn-tertiary' target='_blank'>Lesen Sie den Artikel<\/a><\/div><div class='yearly-wrapper__item'>   <h3 class='yearly-wrapper__title body-title'>Darwyns Zufluchtsort wird weiter betrieben.<\/h3>   <p class='yearly-wrapper__date'>13.01.2019 - Tribune de Gen\u00e8ve<\/p>   <a href='https:\/\/refuge-de-darwyn.ch\/wp-content\/uploads\/2024\/10\/20190113-refuge-darwyn-continue.jpg' class='yearly-wrapper__link btn-tertiary' target='_blank'>Lesen Sie den Artikel<\/a><\/div><\/div><\/div><div class='yearly-wrapper__year'>   <h2 class='h3'>2018<\/h2>   <div class='yearly-wrapper__group'><div class='yearly-wrapper__item'>   <h3 class='yearly-wrapper__title body-title'>Subvention f\u00fcr Darwyns Zufluchtsort um ein Sechstel gek\u00fcrzt<\/h3>   <p class='yearly-wrapper__date'>17.12.2018 - 20 minutes<\/p>   <a href='https:\/\/www.20min.ch\/fr\/story\/subvention-divisee-par-six-pour-le-refuge-de-darwyn-247678433057' class='yearly-wrapper__link btn-tertiary' target='_blank'>Lesen Sie den Artikel<\/a><\/div><div class='yearly-wrapper__item'>   <h3 class='yearly-wrapper__title body-title'>Martigny: 36 Rassepferde, die von Beschlagnahmung bedroht waren, finden ein neues Zuhause<\/h3>   <p class='yearly-wrapper__date'>13.12.2018 - Le Nouvelliste<\/p>   <a href='https:\/\/www.lenouvelliste.ch\/valais\/bas-valais\/martigny-district\/fully\/martigny-menaces-de-sequestre-trente-six-chevaux-de-race-trouvent-un-nouveau-domicile-806837?utm_source=native&amp;utm_medium=link&amp;utm_campaign=article&amp;utm_term=2025-01-23' class='yearly-wrapper__link btn-tertiary' target='_blank'>Lesen Sie den Artikel<\/a><\/div><div class='yearly-wrapper__item'>   <h3 class='yearly-wrapper__title body-title'>Berittene Polizei, eine Genfer Brigade trainiert in Belgien<\/h3>   <p class='yearly-wrapper__date'>20.01.2018 - Le Matin<\/p>   <a href='https:\/\/refuge-de-darwyn.ch\/wp-content\/uploads\/2024\/11\/LeMatin_20_01_18.pdf' class='yearly-wrapper__link btn-tertiary' target='_blank'>Lesen Sie den Artikel<\/a><\/div><div class='yearly-wrapper__item'>   <h3 class='yearly-wrapper__title body-title'>Berittene Polizei, eine Genfer Brigade trainiert in Belgien &#8211; Fortsetzung<\/h3>   <p class='yearly-wrapper__date'>18.01.2018 - Le Matin<\/p>   <a href='https:\/\/refuge-de-darwyn.ch\/wp-content\/uploads\/2025\/01\/LeMatin_20_01_18-suite-police-montee-1.pdf' class='yearly-wrapper__link btn-tertiary' target='_blank'>Lesen Sie den Artikel<\/a><\/div><\/div><\/div><div class='yearly-wrapper__year'>   <h2 class='h3'>2017<\/h2>   <div class='yearly-wrapper__group'><div class='yearly-wrapper__item'>   <h3 class='yearly-wrapper__title body-title'>Bresse: wegen Misshandlung verurteilt<\/h3>   <p class='yearly-wrapper__date'>16.11.2017 - Journal de Sa\u00f4ne et Loire<\/p>   <a href='https:\/\/refuge-de-darwyn.ch\/wp-content\/uploads\/2025\/01\/JSL_16_11_17.pdf' class='yearly-wrapper__link btn-tertiary' target='_blank'>Lesen Sie den Artikel<\/a><\/div><div class='yearly-wrapper__item'>   <h3 class='yearly-wrapper__title body-title'>Er misshandelte seine Pferde, ein Jahr Gef\u00e4ngnis ohne Bew\u00e4hrung<\/h3>   <p class='yearly-wrapper__date'>14.11.2017 - L'Ind\u00e9pendant<\/p>   <a href='https:\/\/refuge-de-darwyn.ch\/wp-content\/uploads\/2025\/01\/Lindependant_14_11_17.pdf' class='yearly-wrapper__link btn-tertiary' target='_blank'>Lesen Sie den Artikel<\/a><\/div><div class='yearly-wrapper__item'>   <h3 class='yearly-wrapper__title body-title'>Ein Jahr Gef\u00e4ngnis f\u00fcr eine neue Tierqu\u00e4lerei<\/h3>   <p class='yearly-wrapper__date'>11.11.2017 - Journal de Sa\u00f4ne et Loire<\/p>   <a href='https:\/\/refuge-de-darwyn.ch\/wp-content\/uploads\/2025\/01\/JSL_11_11_17.pdf' class='yearly-wrapper__link btn-tertiary' target='_blank'>Lesen Sie den Artikel<\/a><\/div><div class='yearly-wrapper__item'>   <h3 class='yearly-wrapper__title body-title'>Genf wird eine Pferdebrigade gr\u00fcnden<\/h3>   <p class='yearly-wrapper__date'>29.09.2017 - Le Matin<\/p>   <a href='https:\/\/refuge-de-darwyn.ch\/wp-content\/uploads\/2025\/01\/LeMatin_29_09_17.pdf' class='yearly-wrapper__link btn-tertiary' target='_blank'>Lesen Sie den Artikel<\/a><\/div><div class='yearly-wrapper__item'>   <h3 class='yearly-wrapper__title body-title'>Alles f\u00fcr Pferde!<\/h3>   <p class='yearly-wrapper__date'>07.08.2017 - Nouvelle.ch<\/p>   <a href='https:\/\/refuge-de-darwyn.ch\/wp-content\/uploads\/2025\/01\/Nouvelles_07_08_17.pdf' class='yearly-wrapper__link btn-tertiary' target='_blank'>Lesen Sie den Artikel<\/a><\/div><div class='yearly-wrapper__item'>   <h3 class='yearly-wrapper__title body-title'>Es ist die Bardot<\/h3>   <p class='yearly-wrapper__date'>01.07.2017 - Le Matin<\/p>   <a href='https:\/\/refuge-de-darwyn.ch\/wp-content\/uploads\/2025\/01\/LeMatin_01_07_17.pdf' class='yearly-wrapper__link btn-tertiary' target='_blank'>Lesen Sie den Artikel<\/a><\/div><div class='yearly-wrapper__item'>   <h3 class='yearly-wrapper__title body-title'>Vier Pferde wurden wegen mangelnder Pflege beschlagnahmt.<\/h3>   <p class='yearly-wrapper__date'>03.02.2017 - Dauphin\u00e9 Lib\u00e9r\u00e9<\/p>   <a href='https:\/\/refuge-de-darwyn.ch\/wp-content\/uploads\/2025\/01\/DL_03_02_17.pdf' class='yearly-wrapper__link btn-tertiary' target='_blank'>Lesen Sie den Artikel<\/a><\/div><\/div><\/div><\/div>\n\n<\/div>\n<\/div>","protected":false},"excerpt":{"rendered":"<p>In der Presse Erfahren Sie mehr \u00fcber die Entwicklung des Tierheims, die Rettungsaktionen, Portr\u00e4ts usw., die in den Jahren seit der Gr\u00fcndung des Tierheims in der Presse ver\u00f6ffentlicht wurden.<\/p>\n","protected":false},"author":1,"featured_media":0,"parent":7991,"menu_order":4,"comment_status":"closed","ping_status":"closed","template":"","meta":{"_acf_changed":false,"_seopress_robots_primary_cat":"","_seopress_titles_title":"Entwicklungen und Rettungen: Geschichte des Tierheims","_seopress_titles_desc":"","_seopress_robots_index":"","footnotes":""},"page_category":[],"class_list":["post-8231","page","type-page","status-publish"],"acf":[],"_links":{"self":[{"href":"https:\/\/refuge-de-darwyn.ch\/de\/wp-json\/wp\/v2\/pages\/8231","targetHints":{"allow":["GET"]}}],"collection":[{"href":"https:\/\/refuge-de-darwyn.ch\/de\/wp-json\/wp\/v2\/pages"}],"about":[{"href":"https:\/\/refuge-de-darwyn.ch\/de\/wp-json\/wp\/v2\/types\/page"}],"author":[{"embeddable":true,"href":"https:\/\/refuge-de-darwyn.ch\/de\/wp-json\/wp\/v2\/users\/1"}],"replies":[{"embeddable":true,"href":"https:\/\/refuge-de-darwyn.ch\/de\/wp-json\/wp\/v2\/comments?post=8231"}],"version-history":[{"count":1,"href":"https:\/\/refuge-de-darwyn.ch\/de\/wp-json\/wp\/v2\/pages\/8231\/revisions"}],"predecessor-version":[{"id":8233,"href":"https:\/\/refuge-de-darwyn.ch\/de\/wp-json\/wp\/v2\/pages\/8231\/revisions\/8233"}],"up":[{"embeddable":true,"href":"https:\/\/refuge-de-darwyn.ch\/de\/wp-json\/wp\/v2\/pages\/7991"}],"wp:attachment":[{"href":"https:\/\/refuge-de-darwyn.ch\/de\/wp-json\/wp\/v2\/media?parent=8231"}],"wp:term":[{"taxonomy":"page_category","embeddable":true,"href":"https:\/\/refuge-de-darwyn.ch\/de\/wp-json\/wp\/v2\/page_category?post=8231"}],"curies":[{"name":"wp","href":"https:\/\/api.w.org\/{rel}","templated":true}]}}