{"id":8226,"date":"2024-10-16T13:44:12","date_gmt":"2024-10-16T11:44:12","guid":{"rendered":"https:\/\/refuge-de-darwyn.ch\/die-vereinigung\/unser-verein\/spendenbescheinigung\/"},"modified":"2025-03-03T08:21:05","modified_gmt":"2025-03-03T07:21:05","slug":"spendenbescheinigung","status":"publish","type":"page","link":"https:\/\/refuge-de-darwyn.ch\/de\/die-vereinigung\/unser-verein\/spendenbescheinigung\/","title":{"rendered":"Spendenbescheinigung"},"content":{"rendered":"\n<p class=\"gb-headline gb-headline-3cdceaf0 gb-headline-text\">F\u00fcllen Sie dieses Formular aus, damit wir Ihnen Ihre Bescheinigung zusenden k\u00f6nnen.&nbsp;<br><strong> Vielen Dank f\u00fcr Ihre wertvolle Unterst\u00fctzung!<\/strong><\/p>\n","protected":false},"excerpt":{"rendered":"<p>F\u00fcllen Sie dieses Formular aus, damit wir Ihnen Ihre Bescheinigung zusenden k\u00f6nnen.&nbsp; Vielen Dank f\u00fcr Ihre wertvolle Unterst\u00fctzung!<\/p>\n","protected":false},"author":1,"featured_media":0,"parent":7991,"menu_order":6,"comment_status":"closed","ping_status":"closed","template":"","meta":{"_acf_changed":false,"_seopress_robots_primary_cat":"","_seopress_titles_title":"Erhalten Sie Ihre Bescheinigung ganz einfach: Formular","_seopress_titles_desc":"","_seopress_robots_index":"","footnotes":""},"page_category":[83],"class_list":{"0":"post-8226","1":"page","2":"type-page","3":"status-publish","5":"page_category-formulaire"},"acf":[],"_links":{"self":[{"href":"https:\/\/refuge-de-darwyn.ch\/de\/wp-json\/wp\/v2\/pages\/8226","targetHints":{"allow":["GET"]}}],"collection":[{"href":"https:\/\/refuge-de-darwyn.ch\/de\/wp-json\/wp\/v2\/pages"}],"about":[{"href":"https:\/\/refuge-de-darwyn.ch\/de\/wp-json\/wp\/v2\/types\/page"}],"author":[{"embeddable":true,"href":"https:\/\/refuge-de-darwyn.ch\/de\/wp-json\/wp\/v2\/users\/1"}],"replies":[{"embeddable":true,"href":"https:\/\/refuge-de-darwyn.ch\/de\/wp-json\/wp\/v2\/comments?post=8226"}],"version-history":[{"count":1,"href":"https:\/\/refuge-de-darwyn.ch\/de\/wp-json\/wp\/v2\/pages\/8226\/revisions"}],"predecessor-version":[{"id":8227,"href":"https:\/\/refuge-de-darwyn.ch\/de\/wp-json\/wp\/v2\/pages\/8226\/revisions\/8227"}],"up":[{"embeddable":true,"href":"https:\/\/refuge-de-darwyn.ch\/de\/wp-json\/wp\/v2\/pages\/7991"}],"wp:attachment":[{"href":"https:\/\/refuge-de-darwyn.ch\/de\/wp-json\/wp\/v2\/media?parent=8226"}],"wp:term":[{"taxonomy":"page_category","embeddable":true,"href":"https:\/\/refuge-de-darwyn.ch\/de\/wp-json\/wp\/v2\/page_category?post=8226"}],"curies":[{"name":"wp","href":"https:\/\/api.w.org\/{rel}","templated":true}]}}