{"id":8220,"date":"2024-10-16T15:41:37","date_gmt":"2024-10-16T13:41:37","guid":{"rendered":"https:\/\/refuge-de-darwyn.ch\/die-vereinigung\/unsere-aktion\/ein-pferd-platzieren\/"},"modified":"2025-03-03T08:21:01","modified_gmt":"2025-03-03T07:21:01","slug":"ein-pferd-platzieren","status":"publish","type":"page","link":"https:\/\/refuge-de-darwyn.ch\/de\/die-vereinigung\/unsere-aktion\/ein-pferd-platzieren\/","title":{"rendered":"Ein Pferd platzieren"},"content":{"rendered":"\n<p class=\"gb-headline gb-headline-3cdceaf0 gb-headline-text\">Wenn Sie ein Pferd unterbringen m\u00f6chten, f\u00fcllen Sie bitte dieses Formular mit den entsprechenden Informationen aus und wir werden Ihren Antrag pr\u00fcfen.<\/p>\n\n<p class=\"gb-headline gb-headline-cf470095 gb-headline-text\"><strong>Wichtiger Hinweis :<\/strong> Wir erinnern daran, dass wir nur in der Schweiz und in der Region 74 oder 01 in Frankreich intervenieren.<\/p>\n","protected":false},"excerpt":{"rendered":"<p>Wenn Sie ein Pferd unterbringen m\u00f6chten, f\u00fcllen Sie bitte dieses Formular mit den entsprechenden Informationen aus und wir werden Ihren Antrag pr\u00fcfen. Wichtiger Hinweis : Wir erinnern daran, dass wir nur in der Schweiz und in der Region 74 oder 01 in Frankreich intervenieren.<\/p>\n","protected":false},"author":1,"featured_media":0,"parent":8112,"menu_order":4,"comment_status":"closed","ping_status":"closed","template":"","meta":{"_acf_changed":false,"_seopress_robots_primary_cat":"","_seopress_titles_title":"Platzieren Sie Ihr Pferd in der Schweiz oder in Frankreich (74\/01)","_seopress_titles_desc":"","_seopress_robots_index":"","footnotes":""},"page_category":[83],"class_list":{"0":"post-8220","1":"page","2":"type-page","3":"status-publish","5":"page_category-formulaire"},"acf":[],"_links":{"self":[{"href":"https:\/\/refuge-de-darwyn.ch\/de\/wp-json\/wp\/v2\/pages\/8220","targetHints":{"allow":["GET"]}}],"collection":[{"href":"https:\/\/refuge-de-darwyn.ch\/de\/wp-json\/wp\/v2\/pages"}],"about":[{"href":"https:\/\/refuge-de-darwyn.ch\/de\/wp-json\/wp\/v2\/types\/page"}],"author":[{"embeddable":true,"href":"https:\/\/refuge-de-darwyn.ch\/de\/wp-json\/wp\/v2\/users\/1"}],"replies":[{"embeddable":true,"href":"https:\/\/refuge-de-darwyn.ch\/de\/wp-json\/wp\/v2\/comments?post=8220"}],"version-history":[{"count":1,"href":"https:\/\/refuge-de-darwyn.ch\/de\/wp-json\/wp\/v2\/pages\/8220\/revisions"}],"predecessor-version":[{"id":8221,"href":"https:\/\/refuge-de-darwyn.ch\/de\/wp-json\/wp\/v2\/pages\/8220\/revisions\/8221"}],"up":[{"embeddable":true,"href":"https:\/\/refuge-de-darwyn.ch\/de\/wp-json\/wp\/v2\/pages\/8112"}],"wp:attachment":[{"href":"https:\/\/refuge-de-darwyn.ch\/de\/wp-json\/wp\/v2\/media?parent=8220"}],"wp:term":[{"taxonomy":"page_category","embeddable":true,"href":"https:\/\/refuge-de-darwyn.ch\/de\/wp-json\/wp\/v2\/page_category?post=8220"}],"curies":[{"name":"wp","href":"https:\/\/api.w.org\/{rel}","templated":true}]}}