{"id":8212,"date":"2024-10-24T09:49:31","date_gmt":"2024-10-24T07:49:31","guid":{"rendered":"https:\/\/refuge-de-darwyn.ch\/aktivitaeten\/fuer-die-kleinen\/sommerlager\/"},"modified":"2025-12-03T09:51:46","modified_gmt":"2025-12-03T08:51:46","slug":"sommerlager","status":"publish","type":"page","link":"https:\/\/refuge-de-darwyn.ch\/de\/aktivitaeten\/fuer-die-kleinen\/sommerlager\/","title":{"rendered":"Sommerlager"},"content":{"rendered":"\n<p class=\"gb-headline gb-headline-ae3f4b7f gb-headline-text\">Auf Wunsch einiger Teilnehmer der letzten Jahre haben wir beschlossen, eine spezielle Woche f\u00fcr die &#8222;Gro\u00dfen&#8220; zu er\u00f6ffnen, damit sie die Camps im Refugium fortsetzen k\u00f6nnen! Woche 5 ist daher f\u00fcr Kinder im Alter von 12 bis 15 Jahren reserviert! Da die Wochen fast vollst\u00e4ndig ausgebucht sind, k\u00f6nnen Sie sich unter folgender E-Mail-Adresse auf die Warteliste setzen lassen: mila@refuge-de-darwyn.ch, falls es eine Stornierung geben sollte!  <\/p>\n<div class=\"gb-container gb-container-4053a0e7\">\n<div class=\"gb-container gb-container-595f4bb4\">\n\n<h2 class=\"gb-headline gb-headline-31d0f095 gb-headline-text h4\">Details<\/h2>\n\n\n\n<div class=\"gb-headline gb-headline-cf470095 gb-headline-text\">Kinder ab dem vollendeten 5. Lebensjahr bis zum 12.<\/div>\n\n\n\n<div class=\"gb-headline gb-headline-8be5f88e gb-headline-text\">Maximal 25 Kinder<\/div>\n\n\n\n<div class=\"gb-headline gb-headline-c1b4f30d gb-headline-text\">Vorrang f\u00fcr Mitglieder des Darwyn Refuge<\/div>\n\n\n\n<div class=\"gb-headline gb-headline-921cec00 gb-headline-text\">Montag bis Freitag von 9.00 bis 17.00 Uhr<\/div>\n\n\n\n<div class=\"gb-headline gb-headline-7b00f659 gb-headline-text\">Gepflegtes Fr\u00fchst\u00fcck, Abendessen und Snacks (hausgemacht und lokale Produkte)<\/div>\n\n\n\n<p class=\"gb-headline gb-headline-5710132a gb-headline-text\">Preis 480.-, aber 430.- bei Anmeldung vor dem 1. Juni.<\/p>\n\n<\/div>\n\n<div class=\"gb-container gb-container-79f81a1d\">\n\n<h2 class=\"gb-headline gb-headline-3cdceaf0 gb-headline-text h4\">Aktivit\u00e4ten<\/h2>\n\n\n\n<div class=\"gb-headline gb-headline-c8ee54f3 gb-headline-text\">Ann\u00e4herung an die Pferde<\/div>\n\n\n\n<div class=\"gb-headline gb-headline-9561af5b gb-headline-text\">B\u00fcrste<\/div>\n\n\n\n<div class=\"gb-headline gb-headline-9d1d1585 gb-headline-text\">Sensibilisierung f\u00fcr die Misshandlung von Pferden auf spielerische Weise<\/div>\n\n\n\n<div class=\"gb-headline gb-headline-45b8a6a9 gb-headline-text\">Spiele auf dem Pferd<\/div>\n\n\n\n<div class=\"gb-headline gb-headline-846bf6e9 gb-headline-text\">Arbeit mit Pferden in Freiheit<\/div>\n\n\n\n<div class=\"gb-headline gb-headline-9fb26643 gb-headline-text\">Spazierg\u00e4nge<\/div>\n\n\n\n<div class=\"gb-headline gb-headline-2cdea298 gb-headline-text\">Auff\u00fchrung f\u00fcr die Eltern am Donnerstagabend und \u00dcbernachtung im Stroh f\u00fcr die Kinder<\/div>\n\n\n\n<div class=\"gb-headline gb-headline-0dcc52d7 gb-headline-text\">Und vieles mehr: Unterricht in der Reithalle, Basteln, Kochen, Schatzsuche, Schwimmbadaktivit\u00e4ten, verschiedene Spiele, etc.<\/div>\n\n<\/div>\n<\/div>\n<p><\/p>\n","protected":false},"excerpt":{"rendered":"<p>Auf Wunsch einiger Teilnehmer der letzten Jahre haben wir beschlossen, eine spezielle Woche f\u00fcr die &#8222;Gro\u00dfen&#8220; zu er\u00f6ffnen, damit sie die Camps im Refugium fortsetzen k\u00f6nnen! Woche 5 ist daher f\u00fcr Kinder im Alter von 12 bis 15 Jahren reserviert! Da die Wochen fast vollst\u00e4ndig ausgebucht sind, k\u00f6nnen Sie sich unter folgender E-Mail-Adresse auf die &#8230; <a title=\"Sommerlager\" class=\"read-more\" href=\"https:\/\/refuge-de-darwyn.ch\/de\/aktivitaeten\/fuer-die-kleinen\/sommerlager\/\" aria-label=\"Mehr Informationen \u00fcber Sommerlager\">Weiterlesen<\/a><\/p>\n","protected":false},"author":1,"featured_media":0,"parent":8105,"menu_order":2,"comment_status":"closed","ping_status":"closed","template":"","meta":{"_acf_changed":false,"_seopress_robots_primary_cat":"","_seopress_titles_title":"Sommercamps im Refuge: Jetzt mit einer speziellen Woche f\u00fcr 12-15-J\u00e4hrige!","_seopress_titles_desc":"Entdecken Sie unsere spezielle \"gro\u00dfe\" Woche im Refuge f\u00fcr 12- bis 15-J\u00e4hrige. Aktivit\u00e4ten mit Pferden, \u00dcbernachtung im Stroh und vieles mehr. Buchen Sie vor dem 1. Juni!  ","_seopress_robots_index":"","footnotes":""},"page_category":[83],"class_list":{"0":"post-8212","1":"page","2":"type-page","3":"status-publish","5":"page_category-formulaire"},"acf":[],"_links":{"self":[{"href":"https:\/\/refuge-de-darwyn.ch\/de\/wp-json\/wp\/v2\/pages\/8212","targetHints":{"allow":["GET"]}}],"collection":[{"href":"https:\/\/refuge-de-darwyn.ch\/de\/wp-json\/wp\/v2\/pages"}],"about":[{"href":"https:\/\/refuge-de-darwyn.ch\/de\/wp-json\/wp\/v2\/types\/page"}],"author":[{"embeddable":true,"href":"https:\/\/refuge-de-darwyn.ch\/de\/wp-json\/wp\/v2\/users\/1"}],"replies":[{"embeddable":true,"href":"https:\/\/refuge-de-darwyn.ch\/de\/wp-json\/wp\/v2\/comments?post=8212"}],"version-history":[{"count":2,"href":"https:\/\/refuge-de-darwyn.ch\/de\/wp-json\/wp\/v2\/pages\/8212\/revisions"}],"predecessor-version":[{"id":15890,"href":"https:\/\/refuge-de-darwyn.ch\/de\/wp-json\/wp\/v2\/pages\/8212\/revisions\/15890"}],"up":[{"embeddable":true,"href":"https:\/\/refuge-de-darwyn.ch\/de\/wp-json\/wp\/v2\/pages\/8105"}],"wp:attachment":[{"href":"https:\/\/refuge-de-darwyn.ch\/de\/wp-json\/wp\/v2\/media?parent=8212"}],"wp:term":[{"taxonomy":"page_category","embeddable":true,"href":"https:\/\/refuge-de-darwyn.ch\/de\/wp-json\/wp\/v2\/page_category?post=8212"}],"curies":[{"name":"wp","href":"https:\/\/api.w.org\/{rel}","templated":true}]}}