{"id":8203,"date":"2024-10-24T11:01:04","date_gmt":"2024-10-24T09:01:04","guid":{"rendered":"https:\/\/refuge-de-darwyn.ch\/aktivitaeten\/fuer-die-kleinen\/ausstellungen-in-schulen\/"},"modified":"2025-12-05T14:57:58","modified_gmt":"2025-12-05T13:57:58","slug":"ausstellungen-in-schulen","status":"publish","type":"page","link":"https:\/\/refuge-de-darwyn.ch\/de\/aktivitaeten\/fuer-die-kleinen\/ausstellungen-in-schulen\/","title":{"rendered":"Pr\u00e4sentation in den Schulen (3P-8P) oder im Refugium"},"content":{"rendered":"\n<p class=\"gb-headline gb-headline-ae3f4b7f gb-headline-text\">Nadja, die f\u00fcr die p\u00e4dagogischen Aktivit\u00e4ten verantwortlich ist, bietet Ihnen eine Pr\u00e4sentation \u00fcber Darwyns Tierheim und seine Arbeit an! Sie k\u00f6nnen zwischen dem Angebot im Refugium oder im Klassenzimmer w\u00e4hlen. <\/p>\n\n<p class=\"has-text-align-center\"><strong>Als Opfer unseres Erfolgs sehen wir uns gezwungen, die Einschreibungen f\u00fcr das Schuljahr 2025-2026 zu stoppen&#8230;! Wir hoffen, dass wir Ihnen unsere Zuflucht im n\u00e4chsten Schuljahr zeigen k\u00f6nnen! <\/strong><\/p>\n\n<p><\/p>\n","protected":false},"excerpt":{"rendered":"<p>Nadja, die f\u00fcr die p\u00e4dagogischen Aktivit\u00e4ten verantwortlich ist, bietet Ihnen eine Pr\u00e4sentation \u00fcber Darwyns Tierheim und seine Arbeit an! Sie k\u00f6nnen zwischen dem Angebot im Refugium oder im Klassenzimmer w\u00e4hlen. Als Opfer unseres Erfolgs sehen wir uns gezwungen, die Einschreibungen f\u00fcr das Schuljahr 2025-2026 zu stoppen&#8230;! Wir hoffen, dass wir Ihnen unsere Zuflucht im n\u00e4chsten &#8230; <a title=\"Pr\u00e4sentation in den Schulen (3P-8P) oder im Refugium\" class=\"read-more\" href=\"https:\/\/refuge-de-darwyn.ch\/de\/aktivitaeten\/fuer-die-kleinen\/ausstellungen-in-schulen\/\" aria-label=\"Mehr Informationen \u00fcber Pr\u00e4sentation in den Schulen (3P-8P) oder im Refugium\">Weiterlesen<\/a><\/p>\n","protected":false},"author":1,"featured_media":0,"parent":8105,"menu_order":4,"comment_status":"closed","ping_status":"closed","template":"","meta":{"_acf_changed":false,"_seopress_robots_primary_cat":"","_seopress_titles_title":"Bien-\u00eatre animal : Pr\u00e9sentation interactive en \u00e9cole","_seopress_titles_desc":"D\u00e9couvrez le bien-\u00eatre animal avec Nadja lors d'un atelier de 45 min en classe. Explorez les actions du Refuge pour sensibiliser les jeunes.","_seopress_robots_index":"","footnotes":""},"page_category":[17],"class_list":{"0":"post-8203","1":"page","2":"type-page","3":"status-publish","5":"page_category-standard"},"acf":[],"_links":{"self":[{"href":"https:\/\/refuge-de-darwyn.ch\/de\/wp-json\/wp\/v2\/pages\/8203","targetHints":{"allow":["GET"]}}],"collection":[{"href":"https:\/\/refuge-de-darwyn.ch\/de\/wp-json\/wp\/v2\/pages"}],"about":[{"href":"https:\/\/refuge-de-darwyn.ch\/de\/wp-json\/wp\/v2\/types\/page"}],"author":[{"embeddable":true,"href":"https:\/\/refuge-de-darwyn.ch\/de\/wp-json\/wp\/v2\/users\/1"}],"replies":[{"embeddable":true,"href":"https:\/\/refuge-de-darwyn.ch\/de\/wp-json\/wp\/v2\/comments?post=8203"}],"version-history":[{"count":9,"href":"https:\/\/refuge-de-darwyn.ch\/de\/wp-json\/wp\/v2\/pages\/8203\/revisions"}],"predecessor-version":[{"id":15991,"href":"https:\/\/refuge-de-darwyn.ch\/de\/wp-json\/wp\/v2\/pages\/8203\/revisions\/15991"}],"up":[{"embeddable":true,"href":"https:\/\/refuge-de-darwyn.ch\/de\/wp-json\/wp\/v2\/pages\/8105"}],"wp:attachment":[{"href":"https:\/\/refuge-de-darwyn.ch\/de\/wp-json\/wp\/v2\/media?parent=8203"}],"wp:term":[{"taxonomy":"page_category","embeddable":true,"href":"https:\/\/refuge-de-darwyn.ch\/de\/wp-json\/wp\/v2\/page_category?post=8203"}],"curies":[{"name":"wp","href":"https:\/\/api.w.org\/{rel}","templated":true}]}}