{"id":8182,"date":"2024-10-24T17:08:54","date_gmt":"2024-10-24T15:08:54","guid":{"rendered":"https:\/\/refuge-de-darwyn.ch\/aktion-pferde-raus\/"},"modified":"2025-03-03T08:21:05","modified_gmt":"2025-03-03T07:21:05","slug":"aktion-pferde-raus","status":"publish","type":"page","link":"https:\/\/refuge-de-darwyn.ch\/de\/aktivitaeten\/fuer-alle\/aktion-pferde-raus\/","title":{"rendered":"Aktion: Pferde raus!"},"content":{"rendered":"<div class=\"gb-container gb-container-c4e133e9 outer header-backdrop\">\n<div class=\"gb-container gb-container-9d341f5c inner\">\n\n<h1 class=\"gb-headline gb-headline-0a2d5ea0 gb-headline-text inner\">Aktion: F\u00fchren Sie die Pferde aus<\/h1>\n\n\n<div class=\"gb-container gb-container-1af0dcbc inner\">\n<div class=\"gb-container gb-container-ee615360\">\n\n<p class=\"gb-headline gb-headline-1d710937 gb-headline-text\">Wenn man ihnen die Wahl lie\u00dfe, w\u00fcrden sich die Pferde f\u00fcr eine Gruppenhaltung mit regelm\u00e4\u00dfigem Auslauf und Weidegang entscheiden.<\/p>\n\n\n\n<p class=\"gb-headline gb-headline-cc1db6fe gb-headline-text\">Dennoch lebt die Mehrheit der Pferde in der Schweiz h\u00e4ufig 23 Stunden lang in engen Einzelboxen im Stall.<\/p>\n\n\n\n<p class=\"gb-headline gb-headline-3a57f448 gb-headline-text\">Dies gilt insbesondere f\u00fcr sehr teure Sportpferde und f\u00fcr Pferde, die in Reitschulen eingesetzt werden.<\/p>\n\n\n\n<p class=\"gb-headline gb-headline-c5488929 gb-headline-text\">Mit der landesweiten Kampagne &#8222;Raus mit den Pferden!&#8220; will der Schweizer Tierschutz STS jedem Pferd in unserem Land regelm\u00e4\u00dfigen Auslauf und Weidegang erm\u00f6glichen.<\/p>\n\n<\/div>\n\n<div class=\"gb-container gb-container-29acb16b\">\n\n<figure class=\"gb-block-image gb-block-image-b74024cc\"><img loading=\"lazy\" decoding=\"async\" width=\"282\" height=\"400\" class=\"gb-image gb-image-b74024cc\" src=\"https:\/\/refuge-de-darwyn.ch\/wp-content\/uploads\/2024\/10\/sortez-les-chevaux.jpg\" alt=\"\" title=\"Pferde herausholen\" srcset=\"https:\/\/refuge-de-darwyn.ch\/wp-content\/uploads\/2024\/10\/sortez-les-chevaux.jpg 282w, https:\/\/refuge-de-darwyn.ch\/wp-content\/uploads\/2024\/10\/sortez-les-chevaux-212x300.jpg 212w\" sizes=\"auto, (max-width: 282px) 100vw, 282px\" \/><\/figure>\n\n<\/div>\n<\/div>\n\n\n<h2 class=\"gb-headline gb-headline-22850625 gb-headline-text h3\">F\u00f6rderung des Wohlbefindens von Pferden<\/h2>\n\n\n<div class=\"gb-container gb-container-a1a19693 text-two-columns\">\n\n<p>Pferde sind Herdentiere, die viel Bewegung brauchen. Der STS fordert und f\u00f6rdert daher seit vielen Jahren regelm\u00e4\u00dfigen Auslauf im Freien, Weidegang und soziale Kontakte f\u00fcr alle Pferde. <\/p>\n\n\n\n<p>Das STS-Pferdelabel, das seit 2011 existiert und von der STS-Kontrollstelle \u00fcberpr\u00fcft wird, zeichnet Betriebe aus, die ihre Pferde Tag und Nacht in Gruppen halten und ihnen Auslauf und Weidegang garantieren &#8211; mit professioneller F\u00fchrung und gutem Verst\u00e4ndnis f\u00fcr das Pferd.<\/p>\n\n\n\n<p>Aber nicht jeder Betrieb ist in der Lage oder will in der Lage sein, solche Bedingungen f\u00fcr alle Pferde im Gruppenstall zu gew\u00e4hrleisten. Um zumindest allen Pferden in unserem Land, unabh\u00e4ngig vom Stallsystem (Gruppen- oder Einzelhaltung), so viel freie Bewegung wie m\u00f6glich zu erm\u00f6glichen, mit Auslauf und Weidegang, startet der STS heute seine nationale Kampagne &#8222;Raus mit den Pferden&#8220;. <\/p>\n\n\n\n<p>Reitst\u00e4lle oder Bauernh\u00f6fe, die ihre Pferde in Einzelboxen halten, k\u00f6nnen ebenfalls teilnehmen. Voraussetzung ist jedoch, dass ein t\u00e4glicher Auslauf in der Gruppe stattfindet, m\u00f6glichst auf einer Weide und ansonsten auf einem Au\u00dfenklimabereich, der einen Auslauf bei jedem Wetter erm\u00f6glicht.   <\/p>\n\n\n\n<p>Jeder, der diese Verpflichtung gegen\u00fcber seinen Pferden eingeht, wird zum &#8222;Botschafter&#8220; f\u00fcr artgerechte Pferdehaltung und erh\u00e4lt vom STS ein Dokument, das ihn als &#8222;pferdefreundlichen&#8220; Halter ausweist und ihn auf eine entsprechende Liste setzt.<\/p>\n\n<\/div>\n\n<div class=\"gb-container gb-container-04a5fff8\">\n\n<a class=\"gb-button gb-button-d3500835 btn-secondary\" href=\"http:\/\/refuge-de-darwyn.ch\/wp-content\/uploads\/2024\/10\/sortez_chevaux_conditions.pdf\" target=\"_blank\" rel=\"noopener noreferrer\"><span class=\"gb-icon\">\n    \n<\/span><span class=\"gb-button-text\">Wie erhalten Sie das Zertifikat?<\/span><\/a>\n\n\n\n<a class=\"gb-button gb-button-0d893d71 btn-tertiary\" href=\"https:\/\/tierschutz.com\/fr\/promouvoir-le-bien-etre-des-chevaux-avec-laction-sortez-les-chevaux\/\" target=\"_blank\" rel=\"noopener noreferrer\"><span class=\"gb-icon\">\n    \n<\/span><span class=\"gb-button-text\">Link zum PSA-Artikel<\/span><\/a>\n\n<\/div>\n\n<div class=\"gb-container gb-container-ce47c0b0 inner\">\n\n<h2 class=\"gb-headline gb-headline-d8766da8 gb-headline-text h3\">Wichtige Unterst\u00fctzungen<\/h2>\n\n\n\n<div class=\"gb-headline gb-headline-5ba68b7b gb-headline-text\">Die neue Tierschutzkampagne wurde insbesondere vom &#8222;Darwyn&#8217;s Refuge&#8220; f\u00fcr Pferde, dem Verband Schweizerischer Pferdezuchtorganisationen VSP und der Firma Hauptner unterst\u00fctzt. Nicht zu vergessen, dass &#8211; last, but not least &#8211; der Zirkusdirektor Fredy Knie jun. sich der Kampagne anschlie\u00dft, um die gute Sache zu unterst\u00fctzen.  <\/div>\n\n<\/div>\n<\/div>\n<\/div>","protected":false},"excerpt":{"rendered":"<p>Aktion: F\u00fchren Sie die Pferde aus Wenn man ihnen die Wahl lie\u00dfe, w\u00fcrden sich die Pferde f\u00fcr eine Gruppenhaltung mit regelm\u00e4\u00dfigem Auslauf und Weidegang entscheiden. Dennoch lebt die Mehrheit der Pferde in der Schweiz h\u00e4ufig 23 Stunden lang in engen Einzelboxen im Stall. Dies gilt insbesondere f\u00fcr sehr teure Sportpferde und f\u00fcr Pferde, die in &#8230; <a title=\"Aktion: Pferde raus!\" class=\"read-more\" href=\"https:\/\/refuge-de-darwyn.ch\/de\/aktivitaeten\/fuer-alle\/aktion-pferde-raus\/\" aria-label=\"Mehr Informationen \u00fcber Aktion: Pferde raus!\">Weiterlesen<\/a><\/p>\n","protected":false},"author":1,"featured_media":0,"parent":8236,"menu_order":2,"comment_status":"closed","ping_status":"closed","template":"","meta":{"_acf_changed":false,"_seopress_robots_primary_cat":"","_seopress_titles_title":"Nationale Kampagne : Pferde an die frische Luft!","_seopress_titles_desc":"Beteiligen Sie sich an der STS-Kampagne und sorgen Sie daf\u00fcr, dass die Pferde in der Schweiz regelm\u00e4\u00dfig Auslauf haben, damit sie gl\u00fccklich und gesund sind.","_seopress_robots_index":"","footnotes":""},"page_category":[],"class_list":["post-8182","page","type-page","status-publish"],"acf":[],"_links":{"self":[{"href":"https:\/\/refuge-de-darwyn.ch\/de\/wp-json\/wp\/v2\/pages\/8182","targetHints":{"allow":["GET"]}}],"collection":[{"href":"https:\/\/refuge-de-darwyn.ch\/de\/wp-json\/wp\/v2\/pages"}],"about":[{"href":"https:\/\/refuge-de-darwyn.ch\/de\/wp-json\/wp\/v2\/types\/page"}],"author":[{"embeddable":true,"href":"https:\/\/refuge-de-darwyn.ch\/de\/wp-json\/wp\/v2\/users\/1"}],"replies":[{"embeddable":true,"href":"https:\/\/refuge-de-darwyn.ch\/de\/wp-json\/wp\/v2\/comments?post=8182"}],"version-history":[{"count":1,"href":"https:\/\/refuge-de-darwyn.ch\/de\/wp-json\/wp\/v2\/pages\/8182\/revisions"}],"predecessor-version":[{"id":8184,"href":"https:\/\/refuge-de-darwyn.ch\/de\/wp-json\/wp\/v2\/pages\/8182\/revisions\/8184"}],"up":[{"embeddable":true,"href":"https:\/\/refuge-de-darwyn.ch\/de\/wp-json\/wp\/v2\/pages\/8236"}],"wp:attachment":[{"href":"https:\/\/refuge-de-darwyn.ch\/de\/wp-json\/wp\/v2\/media?parent=8182"}],"wp:term":[{"taxonomy":"page_category","embeddable":true,"href":"https:\/\/refuge-de-darwyn.ch\/de\/wp-json\/wp\/v2\/page_category?post=8182"}],"curies":[{"name":"wp","href":"https:\/\/api.w.org\/{rel}","templated":true}]}}