{"id":8168,"date":"2025-01-30T17:14:50","date_gmt":"2025-01-30T16:14:50","guid":{"rendered":"https:\/\/refuge-de-darwyn.ch\/aktivitaeten\/fuer-die-kleinen\/schulrennen\/"},"modified":"2025-03-03T08:20:52","modified_gmt":"2025-03-03T07:20:52","slug":"schulrennen","status":"publish","type":"page","link":"https:\/\/refuge-de-darwyn.ch\/de\/aktivitaeten\/fuer-die-kleinen\/schulrennen\/","title":{"rendered":"Schulrennen"},"content":{"rendered":"\n<p class=\"gb-headline gb-headline-ae3f4b7f gb-headline-text\">Besuchen Sie das Tierheim mit Ihrer Klasse! Halb- oder ganzt\u00e4gig: Vorstellung des Tierheims, Sensibilisierung f\u00fcr das Wohlbefinden der Tiere, Striegeln und Fu\u00dfspiele mit den Pferden und Ponys, p\u00e4dagogischer Parcours und andere m\u00f6gliche Aktivit\u00e4ten, die Sie mit uns abstimmen k\u00f6nnen.   <\/p>\n\n<p><strong>Preise: <\/strong>15 CHF f\u00fcr einen halben Tag und 25 CHF f\u00fcr einen ganzen Tag, aber es besteht die M\u00f6glichkeit, die <strong>Preise <\/strong>Ihrem Budget anzupassen, flexible Zeiten.<\/p>\n","protected":false},"excerpt":{"rendered":"<p>Besuchen Sie das Tierheim mit Ihrer Klasse! Halb- oder ganzt\u00e4gig: Vorstellung des Tierheims, Sensibilisierung f\u00fcr das Wohlbefinden der Tiere, Striegeln und Fu\u00dfspiele mit den Pferden und Ponys, p\u00e4dagogischer Parcours und andere m\u00f6gliche Aktivit\u00e4ten, die Sie mit uns abstimmen k\u00f6nnen. Preise: 15 CHF f\u00fcr einen halben Tag und 25 CHF f\u00fcr einen ganzen Tag, aber es &#8230; <a title=\"Schulrennen\" class=\"read-more\" href=\"https:\/\/refuge-de-darwyn.ch\/de\/aktivitaeten\/fuer-die-kleinen\/schulrennen\/\" aria-label=\"Mehr Informationen \u00fcber Schulrennen\">Weiterlesen<\/a><\/p>\n","protected":false},"author":1,"featured_media":0,"parent":8105,"menu_order":4,"comment_status":"closed","ping_status":"closed","template":"","meta":{"_acf_changed":false,"_seopress_robots_primary_cat":"","_seopress_titles_title":"Erlebnisklasse: Tierschutz im Tierheim!","_seopress_titles_desc":"Erkunden Sie den Tierschutz im Tierheim! Halber Tag ab 15CHF. Sensibilisierung, Spiele und Reitaktivit\u00e4ten f\u00fcr Ihr Budget.  ","_seopress_robots_index":"","footnotes":""},"page_category":[83],"class_list":{"0":"post-8168","1":"page","2":"type-page","3":"status-publish","5":"page_category-formulaire"},"acf":[],"_links":{"self":[{"href":"https:\/\/refuge-de-darwyn.ch\/de\/wp-json\/wp\/v2\/pages\/8168","targetHints":{"allow":["GET"]}}],"collection":[{"href":"https:\/\/refuge-de-darwyn.ch\/de\/wp-json\/wp\/v2\/pages"}],"about":[{"href":"https:\/\/refuge-de-darwyn.ch\/de\/wp-json\/wp\/v2\/types\/page"}],"author":[{"embeddable":true,"href":"https:\/\/refuge-de-darwyn.ch\/de\/wp-json\/wp\/v2\/users\/1"}],"replies":[{"embeddable":true,"href":"https:\/\/refuge-de-darwyn.ch\/de\/wp-json\/wp\/v2\/comments?post=8168"}],"version-history":[{"count":1,"href":"https:\/\/refuge-de-darwyn.ch\/de\/wp-json\/wp\/v2\/pages\/8168\/revisions"}],"predecessor-version":[{"id":8169,"href":"https:\/\/refuge-de-darwyn.ch\/de\/wp-json\/wp\/v2\/pages\/8168\/revisions\/8169"}],"up":[{"embeddable":true,"href":"https:\/\/refuge-de-darwyn.ch\/de\/wp-json\/wp\/v2\/pages\/8105"}],"wp:attachment":[{"href":"https:\/\/refuge-de-darwyn.ch\/de\/wp-json\/wp\/v2\/media?parent=8168"}],"wp:term":[{"taxonomy":"page_category","embeddable":true,"href":"https:\/\/refuge-de-darwyn.ch\/de\/wp-json\/wp\/v2\/page_category?post=8168"}],"curies":[{"name":"wp","href":"https:\/\/api.w.org\/{rel}","templated":true}]}}