{"id":8147,"date":"2024-09-11T11:38:36","date_gmt":"2024-09-11T09:38:36","guid":{"rendered":"https:\/\/refuge-de-darwyn.ch\/ihr-pferd-in-einer-pension\/"},"modified":"2025-03-03T08:20:34","modified_gmt":"2025-03-03T07:20:34","slug":"ihr-pferd-in-einer-pension","status":"publish","type":"page","link":"https:\/\/refuge-de-darwyn.ch\/de\/uns-unterstuetzen\/durch-ihre-handlungen\/ihr-pferd-in-einer-pension\/","title":{"rendered":"Ihr Pferd in einer Pension"},"content":{"rendered":"<div class=\"gb-container gb-container-c4e133e9 outer header-backdrop\">\n<div class=\"gb-container gb-container-9d341f5c inner\">\n\n<h1 class=\"gb-headline gb-headline-0a2d5ea0 gb-headline-text inner\">Ihr Pferd in Pension bei uns<\/h1>\n\n\n\n<p class=\"gb-headline gb-headline-f6d1feae gb-headline-text\">Das Refuge, das sich in Genf befindet, nimmt auch Pferde von Eigent\u00fcmern in Pension. Dies erm\u00f6glicht es auch Familien, die Pferde bei sich aufnehmen, diese im Refuge unterzubringen. <\/p>\n\n\n<div class=\"gb-container gb-container-1af0dcbc inner\">\n<div class=\"gb-container gb-container-ee615360\">\n\n<h2 class=\"gb-headline gb-headline-a9214729 gb-headline-text h4\">Was die Pension beinhaltet :<\/h2>\n\n\n\n<div class=\"gb-headline gb-headline-ac6be7db gb-headline-text\">Die Box muss t\u00e4glich gereinigt und regelm\u00e4\u00dfig desinfiziert werden.<\/div>\n\n\n\n<div class=\"gb-headline gb-headline-65769dfc gb-headline-text\">F\u00fctterung des Pferdes.<\/div>\n\n\n\n<div class=\"gb-headline gb-headline-3f9c214e gb-headline-text\">Verwaltung von Kuren mit Mineralsalzen, Wurmkuren usw.<\/div>\n\n\n\n<div class=\"gb-headline gb-headline-d978b03b gb-headline-text\">Verlassen \/ Wiederbetreten des Parks.<\/div>\n\n\n\n<div class=\"gb-headline gb-headline-9b1748dc gb-headline-text\">Verteilung von Mash einmal pro Woche.<\/div>\n\n<\/div>\n\n<div class=\"gb-container gb-container-bd0527ed\">\n\n<h2 class=\"gb-headline gb-headline-ea37e006 gb-headline-text h4\">Verf\u00fcgbare Infrastruktur :<\/h2>\n\n\n\n<div class=\"gb-headline gb-headline-b03ae780 gb-headline-text\">Halboffene Reithalle 15 x 40, Sp\u00e4nepl\u00e4tze f\u00fcr den Winter mit Gestellen.<\/div>\n\n\n\n<div class=\"gb-headline gb-headline-80d1e759 gb-headline-text\">Hei\u00dfe\/kalte Dusche.<\/div>\n\n\n\n<div class=\"gb-headline gb-headline-469d0530 gb-headline-text\">15 Hektar Wiese f\u00fcr die Sommersaison.<\/div>\n\n\n\n<div class=\"gb-headline gb-headline-22df2114 gb-headline-text\">Boxen oder Terrassenboxen zur Auswahl.<\/div>\n\n\n\n<div class=\"gb-headline gb-headline-07f1b045 gb-headline-text\">Einstreu nach Wahl (Stroh oder grobbl\u00e4ttrige Sp\u00e4ne).<\/div>\n\n\n\n<div class=\"gb-headline gb-headline-19585290 gb-headline-text\">Gereinigtes Heu f\u00fcr Pferde mit Emphysem.<\/div>\n\n\n\n<div class=\"gb-headline gb-headline-1b3c2e79 gb-headline-text\">Futter nach Bedarf des Pferdes.<\/div>\n\n<\/div>\n<\/div>\n\n<div class=\"gb-container gb-container-ce47c0b0 inner\">\n\n<div class=\"gb-headline gb-headline-5ba68b7b gb-headline-text\"><strong>Ihr Pferd wird wie ein Pferd aus dem Tierheim gepflegt, unabh\u00e4ngig davon, ob Sie es besuchen oder nicht.<\/strong><\/div>\n\n\n\n<a class=\"gb-button gb-button-3703ea12 btn-primary\" href=\"https:\/lassociation\/unsere-assoziation\/kontakt\/?message=Antrag%20de%20pension\"><span class=\"gb-button-text\">Pension beantragen<\/span><span class=\"gb-icon\">\n    \n<\/span><\/a>\n\n<\/div>\n\n<div class=\"gb-container gb-container-92f96c26 inner\">\n\n<h2 class=\"gb-headline gb-headline-9990f0d9 gb-headline-text h3\">Unsere Pferde in Pension<\/h2>\n\n\n\n<div class=\"gb-grid-wrapper gb-grid-wrapper-3ba5e340 gb-query-loop-wrapper\">\n<div class=\"gb-grid-column gb-grid-column-f626df91 gb-query-loop-item post-9017 chevaux type-chevaux status-publish has-post-thumbnail hentry motif-admission-soziale-probleme situation-zu-sponsern cheval-statut-in-pension\"><div class=\"gb-container gb-container-f626df91 ratio-3-2\" style=\"background-image: url(https:\/\/refuge-de-darwyn.ch\/wp-content\/uploads\/2024\/09\/no-horse-image.jpg);\">\n<a class=\"gb-container gb-container-f0a21192 ratio-3-2\" style=\"background-image: url(https:\/\/refuge-de-darwyn.ch\/wp-content\/uploads\/2024\/08\/Woody-1.jpg);\" href=\"https:\/\/refuge-de-darwyn.ch\/de\/chevaux\/woody\/\">\n<div class=\"gb-headline gb-headline-35fd27ce gb-headline-text\">Woody<\/div>\n<\/a>\n<\/div><\/div>\n\n<div class=\"gb-grid-column gb-grid-column-f626df91 gb-query-loop-item post-9167 chevaux type-chevaux status-publish has-post-thumbnail hentry motif-admission-mivido-de situation-zu-sponsern cheval-statut-in-pension\"><div class=\"gb-container gb-container-f626df91 ratio-3-2\" style=\"background-image: url(https:\/\/refuge-de-darwyn.ch\/wp-content\/uploads\/2024\/09\/no-horse-image.jpg);\">\n<a class=\"gb-container gb-container-f0a21192 ratio-3-2\" style=\"background-image: url(https:\/\/refuge-de-darwyn.ch\/wp-content\/uploads\/2024\/08\/Sao.jpg);\" href=\"https:\/\/refuge-de-darwyn.ch\/de\/chevaux\/sao-saint-clair\/\">\n<div class=\"gb-headline gb-headline-35fd27ce gb-headline-text\">Sao Saint Clair<\/div>\n<\/a>\n<\/div><\/div>\n\n<div class=\"gb-grid-column gb-grid-column-f626df91 gb-query-loop-item post-9403 chevaux type-chevaux status-publish has-post-thumbnail hentry motif-admission-mivido-de situation-zu-sponsern cheval-statut-in-pension\"><div class=\"gb-container gb-container-f626df91 ratio-3-2\" style=\"background-image: url(https:\/\/refuge-de-darwyn.ch\/wp-content\/uploads\/2024\/09\/no-horse-image.jpg);\">\n<a class=\"gb-container gb-container-f0a21192 ratio-3-2\" style=\"background-image: url(https:\/\/refuge-de-darwyn.ch\/wp-content\/uploads\/2024\/08\/Jessy.jpg);\" href=\"https:\/\/refuge-de-darwyn.ch\/de\/chevaux\/jessie\/\">\n<div class=\"gb-headline gb-headline-35fd27ce gb-headline-text\">Jessie<\/div>\n<\/a>\n<\/div><\/div>\n\n<div class=\"gb-grid-column gb-grid-column-f626df91 gb-query-loop-item post-9432 chevaux type-chevaux status-publish has-post-thumbnail hentry motif-admission-mivido-de situation-zu-sponsern cheval-statut-in-pension\"><div class=\"gb-container gb-container-f626df91 ratio-3-2\" style=\"background-image: url(https:\/\/refuge-de-darwyn.ch\/wp-content\/uploads\/2024\/09\/no-horse-image.jpg);\">\n<a class=\"gb-container gb-container-f0a21192 ratio-3-2\" style=\"background-image: url(https:\/\/refuge-de-darwyn.ch\/wp-content\/uploads\/2024\/08\/Early.jpg);\" href=\"https:\/\/refuge-de-darwyn.ch\/de\/chevaux\/fruehe\/\">\n<div class=\"gb-headline gb-headline-35fd27ce gb-headline-text\">Early du Lys<\/div>\n<\/a>\n<\/div><\/div>\n\n<div class=\"gb-grid-column gb-grid-column-f626df91 gb-query-loop-item post-8405 chevaux type-chevaux status-publish has-post-thumbnail hentry motif-admission-anvertraut-an-die-zuflucht situation-zu-sponsern cheval-statut-in-pension\"><div class=\"gb-container gb-container-f626df91 ratio-3-2\" style=\"background-image: url(https:\/\/refuge-de-darwyn.ch\/wp-content\/uploads\/2024\/09\/no-horse-image.jpg);\">\n<a class=\"gb-container gb-container-f0a21192 ratio-3-2\" style=\"background-image: url(https:\/\/refuge-de-darwyn.ch\/wp-content\/uploads\/2024\/08\/Aureo.jpg);\" href=\"https:\/\/refuge-de-darwyn.ch\/de\/chevaux\/aureo\/\">\n<div class=\"gb-headline gb-headline-35fd27ce gb-headline-text\">Aur\u00e9o<\/div>\n<\/a>\n<\/div><\/div>\n\n<div class=\"gb-grid-column gb-grid-column-f626df91 gb-query-loop-item post-8289 chevaux type-chevaux status-publish has-post-thumbnail hentry motif-admission-verzicht situation-zu-sponsern cheval-statut-in-pension\"><div class=\"gb-container gb-container-f626df91 ratio-3-2\" style=\"background-image: url(https:\/\/refuge-de-darwyn.ch\/wp-content\/uploads\/2024\/09\/no-horse-image.jpg);\">\n<a class=\"gb-container gb-container-f0a21192 ratio-3-2\" style=\"background-image: url(https:\/\/refuge-de-darwyn.ch\/wp-content\/uploads\/2024\/08\/Tiya.jpeg);\" href=\"https:\/\/refuge-de-darwyn.ch\/de\/chevaux\/tiya\/\">\n<div class=\"gb-headline gb-headline-35fd27ce gb-headline-text\">Tiya<\/div>\n<\/a>\n<\/div><\/div>\n<\/div>\n\n<\/div>\n<\/div>\n<\/div>","protected":false},"excerpt":{"rendered":"<p>Ihr Pferd in Pension bei uns Das Refuge, das sich in Genf befindet, nimmt auch Pferde von Eigent\u00fcmern in Pension. Dies erm\u00f6glicht es auch Familien, die Pferde bei sich aufnehmen, diese im Refuge unterzubringen. Was die Pension beinhaltet : Die Box muss t\u00e4glich gereinigt und regelm\u00e4\u00dfig desinfiziert werden. F\u00fctterung des Pferdes. Verwaltung von Kuren mit &#8230; <a title=\"Ihr Pferd in einer Pension\" class=\"read-more\" href=\"https:\/\/refuge-de-darwyn.ch\/de\/uns-unterstuetzen\/durch-ihre-handlungen\/ihr-pferd-in-einer-pension\/\" aria-label=\"Mehr Informationen \u00fcber Ihr Pferd in einer Pension\">Weiterlesen<\/a><\/p>\n","protected":false},"author":1,"featured_media":0,"parent":8152,"menu_order":2,"comment_status":"closed","ping_status":"closed","template":"","meta":{"_acf_changed":false,"_seopress_robots_primary_cat":"","_seopress_titles_title":"Pferdepension in Genf: Komfort und Pflege garantiert","_seopress_titles_desc":"","_seopress_robots_index":"","_seopress_analysis_target_kw":"","footnotes":""},"page_category":[],"class_list":["post-8147","page","type-page","status-publish"],"acf":[],"_links":{"self":[{"href":"https:\/\/refuge-de-darwyn.ch\/de\/wp-json\/wp\/v2\/pages\/8147","targetHints":{"allow":["GET"]}}],"collection":[{"href":"https:\/\/refuge-de-darwyn.ch\/de\/wp-json\/wp\/v2\/pages"}],"about":[{"href":"https:\/\/refuge-de-darwyn.ch\/de\/wp-json\/wp\/v2\/types\/page"}],"author":[{"embeddable":true,"href":"https:\/\/refuge-de-darwyn.ch\/de\/wp-json\/wp\/v2\/users\/1"}],"replies":[{"embeddable":true,"href":"https:\/\/refuge-de-darwyn.ch\/de\/wp-json\/wp\/v2\/comments?post=8147"}],"version-history":[{"count":1,"href":"https:\/\/refuge-de-darwyn.ch\/de\/wp-json\/wp\/v2\/pages\/8147\/revisions"}],"predecessor-version":[{"id":8149,"href":"https:\/\/refuge-de-darwyn.ch\/de\/wp-json\/wp\/v2\/pages\/8147\/revisions\/8149"}],"up":[{"embeddable":true,"href":"https:\/\/refuge-de-darwyn.ch\/de\/wp-json\/wp\/v2\/pages\/8152"}],"wp:attachment":[{"href":"https:\/\/refuge-de-darwyn.ch\/de\/wp-json\/wp\/v2\/media?parent=8147"}],"wp:term":[{"taxonomy":"page_category","embeddable":true,"href":"https:\/\/refuge-de-darwyn.ch\/de\/wp-json\/wp\/v2\/page_category?post=8147"}],"curies":[{"name":"wp","href":"https:\/\/api.w.org\/{rel}","templated":true}]}}