{"id":8142,"date":"2024-09-11T13:38:48","date_gmt":"2024-09-11T11:38:48","guid":{"rendered":"https:\/\/refuge-de-darwyn.ch\/die-vereinigung\/unsere-aktion\/misshandlung-melden\/"},"modified":"2025-03-03T08:20:30","modified_gmt":"2025-03-03T07:20:30","slug":"misshandlung-melden","status":"publish","type":"page","link":"https:\/\/refuge-de-darwyn.ch\/de\/die-vereinigung\/unsere-aktion\/misshandlung-melden\/","title":{"rendered":"Misshandlung melden"},"content":{"rendered":"\n<p class=\"gb-headline gb-headline-3cdceaf0 gb-headline-text\">Wenn Sie eine schlechte Behandlung vermuten, melden Sie dies bitte \u00fcber unser Formular.<\/p>\n\n<p class=\"gb-headline gb-headline-cf470095 gb-headline-text\"><strong>Wichtig:<\/strong> Unsere Organisation ist in der Schweiz und haupts\u00e4chlich in den Departements 74 und 01 t\u00e4tig. F\u00fcr 71 werden wir Ihre Meldung weiterleiten. <\/p>\n","protected":false},"excerpt":{"rendered":"<p>Wenn Sie eine schlechte Behandlung vermuten, melden Sie dies bitte \u00fcber unser Formular. Wichtig: Unsere Organisation ist in der Schweiz und haupts\u00e4chlich in den Departements 74 und 01 t\u00e4tig. F\u00fcr 71 werden wir Ihre Meldung weiterleiten.<\/p>\n","protected":false},"author":1,"featured_media":0,"parent":8112,"menu_order":3,"comment_status":"closed","ping_status":"closed","template":"","meta":{"_acf_changed":false,"_seopress_robots_primary_cat":"","_seopress_titles_title":"Melden Sie Missbrauch in den Departements 74 und 01","_seopress_titles_desc":"","_seopress_robots_index":"","footnotes":""},"page_category":[83],"class_list":{"0":"post-8142","1":"page","2":"type-page","3":"status-publish","5":"page_category-formulaire"},"acf":[],"_links":{"self":[{"href":"https:\/\/refuge-de-darwyn.ch\/de\/wp-json\/wp\/v2\/pages\/8142","targetHints":{"allow":["GET"]}}],"collection":[{"href":"https:\/\/refuge-de-darwyn.ch\/de\/wp-json\/wp\/v2\/pages"}],"about":[{"href":"https:\/\/refuge-de-darwyn.ch\/de\/wp-json\/wp\/v2\/types\/page"}],"author":[{"embeddable":true,"href":"https:\/\/refuge-de-darwyn.ch\/de\/wp-json\/wp\/v2\/users\/1"}],"replies":[{"embeddable":true,"href":"https:\/\/refuge-de-darwyn.ch\/de\/wp-json\/wp\/v2\/comments?post=8142"}],"version-history":[{"count":1,"href":"https:\/\/refuge-de-darwyn.ch\/de\/wp-json\/wp\/v2\/pages\/8142\/revisions"}],"predecessor-version":[{"id":8143,"href":"https:\/\/refuge-de-darwyn.ch\/de\/wp-json\/wp\/v2\/pages\/8142\/revisions\/8143"}],"up":[{"embeddable":true,"href":"https:\/\/refuge-de-darwyn.ch\/de\/wp-json\/wp\/v2\/pages\/8112"}],"wp:attachment":[{"href":"https:\/\/refuge-de-darwyn.ch\/de\/wp-json\/wp\/v2\/media?parent=8142"}],"wp:term":[{"taxonomy":"page_category","embeddable":true,"href":"https:\/\/refuge-de-darwyn.ch\/de\/wp-json\/wp\/v2\/page_category?post=8142"}],"curies":[{"name":"wp","href":"https:\/\/api.w.org\/{rel}","templated":true}]}}