{"id":8137,"date":"2024-09-19T10:21:32","date_gmt":"2024-09-19T08:21:32","guid":{"rendered":"https:\/\/refuge-de-darwyn.ch\/aktivitaeten\/fuer-die-kleinen\/geburtstagsfeier-im-tierheim\/"},"modified":"2026-02-26T14:25:02","modified_gmt":"2026-02-26T13:25:02","slug":"geburtstagsfeier-im-tierheim","status":"publish","type":"page","link":"https:\/\/refuge-de-darwyn.ch\/de\/aktivitaeten\/fuer-die-kleinen\/geburtstagsfeier-im-tierheim\/","title":{"rendered":"Feiern Sie Ihren Geburtstag im Refugium"},"content":{"rendered":"<div class=\"gb-container gb-container-2b84abeb outer header-backdrop\">\n<div class=\"gb-container gb-container-59c18c20 inner\">\n<div class=\"gb-container gb-container-e4642485\">\n<h1 class=\"gb-headline gb-headline-179ecd9c gb-headline-text\">Feiern Sie Ihren Geburtstag im Refugium<\/h1>\n\n<div class=\"gb-container gb-container-f58eae74\">\n\n<div class=\"gb-headline gb-headline-278832dc gb-headline-text\">F\u00fcr Kinder ab 6 Jahren bieten wir mittwochs und samstags Geburtstagsarrangements an.<\/div>\n\n\n\n<p>Um zu buchen, m\u00fcssen Sie nur :<\/p>\n\n\n\n<ol class=\"wp-block-list\">\n<li><strong><a href=\"#reservation\">W\u00e4hlen Sie die Formel<\/a><\/strong> im obigen Formular<\/li>\n\n\n\n<li><strong>W\u00e4hlen Sie ein freies Datum<\/strong> aus dem angezeigten Kalender aus<strong>.<\/strong> <\/li>\n\n\n\n<li><strong>F\u00fcllen Sie das Formular<\/strong> mit den Einzelheiten Ihres Antrags aus und warten Sie auf die Best\u00e4tigung.<\/li>\n\n\n\n<li>Bei Best\u00e4tigung ist <strong>eine Anzahlung von CHF 200<\/strong> per Bank\u00fcberweisung zu <strong>leisten<\/strong>.<\/li>\n\n\n\n<li>Drucken Sie unsere <strong><a href=\"#invitations\">hausgemachte Einladungen<\/a><\/strong> f\u00fcr Ihre G\u00e4ste.<\/li>\n<\/ol>\n\n\n\n<h2 class=\"gb-headline gb-headline-b99b1d2d gb-headline-text body-title\">Sie k\u00f6nnen aus folgenden Angeboten w\u00e4hlen :<\/h2>\n\n<\/div>\n<\/div>\n\n<div class=\"gb-container gb-container-d40246f1\">\n<div class=\"gb-container gb-container-7718be06\">\n\n<h3 class=\"gb-headline gb-headline-a37b47df gb-headline-text h4\">Formel &#8222;Kleiner Cowboy oder kleines Cow-Girl&#8220;.<\/h3>\n\n\n\n<div class=\"gb-headline gb-headline-c5948263 gb-headline-text\">CHF 35.- pro Person<br>Mindestens 7 Personen<br>13.30 &#8211; 16.00 Uhr<\/div>\n\n\n\n<div class=\"gb-headline gb-headline-1d55d50c gb-headline-text\">Von 13.30 bis 14.00 Uhr<\/div>\n\n\n\n<div class=\"gb-headline gb-headline-2a8e37e2 gb-headline-text\">Besuch des Tierheims mit spielerischer Ann\u00e4herung an die Misshandlung von Equiden.<\/div>\n\n\n\n<div class=\"gb-headline gb-headline-0e7fcfd7 gb-headline-text\">Von 14.00 bis 15.00 Uhr<\/div>\n\n\n\n<div class=\"gb-headline gb-headline-bac9b116 gb-headline-text\">Spiele auf Pferden, die in der Hand gehalten werden (Spray wird bereitgestellt und ist obligatorisch) in der halb\u00fcberdachten Reithalle.<\/div>\n\n\n\n<div class=\"gb-headline gb-headline-ec3b8f5a gb-headline-text\">Von 15.00 bis 16.00 Uhr<\/div>\n\n\n\n<div class=\"gb-headline gb-headline-5543bc30 gb-headline-text\">Stock im Restaurant mit Sirup und S\u00fc\u00dfigkeiten.<\/div>\n\n\n\n<div class=\"gb-headline gb-headline-bcb7d4d7 gb-headline-text\">Als Bonus<\/div>\n\n\n\n<div class=\"gb-headline gb-headline-a41677d9 gb-headline-text\">Erinnerungsfoto<br>Zertifikat des guten kleinen COW-BOY oder COW-GIRL<br>Erinnerungsfloat f\u00fcr jedes Kind<\/div>\n\n<\/div>\n\n<div class=\"gb-container gb-container-7c696466\">\n\n<h3 class=\"gb-headline gb-headline-2afe4179 gb-headline-text h4\">Formel &#8222;Billy The Kid oder Calamity Jane&#8220;.<\/h3>\n\n\n\n<div class=\"gb-headline gb-headline-6a60d42a gb-headline-text\">CHF 45.- pro Person<br>Mindestens 7 Personen<br>Von 12.00 bis 15.30 Uhr<\/div>\n\n\n\n<div class=\"gb-headline gb-headline-c92f5617 gb-headline-text\">Von 12.00 bis 13.30 Uhr<\/div>\n\n\n\n<div class=\"gb-headline gb-headline-efea8ade gb-headline-text\">Mahlzeit<\/div>\n\n\n\n<div class=\"gb-headline gb-headline-cf1ffa9c gb-headline-text\">Von 13.00 bis 15.00 Uhr<\/div>\n\n\n\n<div class=\"gb-headline gb-headline-3449c812 gb-headline-text\">Besuch des Tierheims mit spielerischer Ann\u00e4herung an die Misshandlung von Equiden,&nbsp;Spiele auf Pferden, die in der Hand gehalten werden (Spray wird bereitgestellt &#8211; obligatorisch) in einer halb\u00fcberdachten Reithalle.<\/div>\n\n\n\n<div class=\"gb-headline gb-headline-c1267f5a gb-headline-text\">Von 15.00 bis 15.30 Uhr<\/div>\n\n\n\n<div class=\"gb-headline gb-headline-d60b03de gb-headline-text\">Stock im Restaurant mit Sirup und S\u00fc\u00dfigkeiten.<\/div>\n\n\n\n<div class=\"gb-headline gb-headline-746d5b18 gb-headline-text\">Als Bonus<\/div>\n\n\n\n<div class=\"gb-headline gb-headline-2944b972 gb-headline-text\">Erinnerungsfoto<br>Zertifikat Wanted Billy The Kid oder Calamity Jane<br>Flot Andenken f\u00fcr jedes Kind<\/div>\n\n<\/div>\n<\/div>\n<\/div>\n<\/div><div class=\"gb-container gb-container-fad2a5ae outer\">\n<div class=\"gb-container gb-container-cb800c11 inner\">\n\n<div class=\"wp-block-outermost-icon-block\"><div class=\"icon-container has-icon-color has-primary-900-color\" style=\"color:var(--primary-900);width:24px;transform:rotate(0deg) scaleX(1) scaleY(1)\"><svg xmlns=\"http:\/\/www.w3.org\/2000\/svg\" viewbox=\"0 0 19 54\"><path d=\"M7.44969 44.8418C7.44969 44.0438 7.43935 43.2466 7.45128 42.4494C7.55464 35.662 7.66118 11.4998 7.76851 4.71315C7.77964 3.97283 7.76135 3.2302 7.82257 2.49296C7.90764 1.47896 8.10482 0.291993 9.45485 0.531078C9.9947 0.626405 10.6761 1.74188 10.7158 2.42454C11.0474 8.09033 11.2541 31.1386 11.4743 36.8105C11.5244 38.1013 11.4815 39.3959 12.2034 40.8242C13.1185 39.2713 13.916 37.6354 15.0005 36.2016C15.5141 35.5228 16.7051 34.7164 17.3642 34.8702C18.8271 35.2107 18.614 36.6783 18.1688 37.6554C16.0651 42.2749 14.044 46.9513 11.5618 51.3817C9.97165 54.2192 7.58882 54.1961 6.0114 51.3724C3.90049 47.5932 2.27061 43.5587 0.549281 39.5881C0.341768 39.1083 0.845838 38.3404 1.01996 37.7061C1.67828 37.9191 2.58545 37.9429 2.94562 38.3842C3.72399 39.3382 4.22807 40.5029 4.8347 41.5868C5.46996 42.7223 6.0933 43.8639 6.72141 45.0025C6.9647 44.9486 7.20719 44.8956 7.44969 44.8418Z\"><\/path><\/svg><\/div><\/div>\n\n\n<div class=\"gb-container gb-container-79f81a1d\" id=\"reservation\">\n<div id=\"fcal_calendar_1\" class=\"fcal_calendar_wrapper fcal_calendars \">\n    <div class=\"fcal_calendar_block_inner\">\n        <div style=\"display: none;\" class=\"fcal_cals_wrap\">\n                            <div class=\"fcal_calendar_header\">\n                                                                <h2 class=\"fcal_calendar_title\">Formulaire de r\u00e9servation<\/h2>\n                                                        <\/div>\n                    <\/div>\n        <div style=\"height: 250px;width: 100%;text-align: center;display: flex;align-items: center;justify-content: center;flex-basis: max-content;flex-direction: column;\" class=\"fcal_calendar_loading\">\n            <h3>Loading&#8230;.<\/h3>\n            <i class=\"fcal-inline-spinner\"><\/i>\n            <style>\n                @keyframes fcal-inline-spinner-kf {\n                    0% {\n                        transform: rotate(0deg);\n                    }\n                    100% {\n                        transform: rotate(360deg);\n                    }\n                }\n\n                .fcal-inline-spinner,\n                .fcal-inline-spinner:before {\n                    display: inline-block;\n                    width: 111px;\n                    height: 111px;\n                    transform-origin: 50%;\n                    border: 2px solid transparent;\n                    border-color: #74a8d0 #74a8d0 transparent transparent;\n                    border-radius: 50%;\n                    content: \"\";\n                    animation: linear fcal-inline-spinner-kf 900ms infinite;\n                    position: relative;\n                    vertical-align: inherit;\n                    line-height: inherit;\n                }\n                .c-inline-spinner {\n                    top: 3px;\n                    margin: 0 3px;\n                }\n                .c-inline-spinner:before {\n                    border-color: #74a8d0 #74a8d0 transparent transparent;\n                    position: absolute;\n                    left: -2px;\n                    top: -2px;\n                    border-style: solid;\n                }\n            <\/style>\n        <\/div>\n    <\/div>\n<\/div>\n\n<style>\n    .fcal_phone_wrapper .flag {\n        background: url(https:\/\/refuge-de-darwyn.ch\/wp-content\/plugins\/fluent-booking\/assets\/images\/flags_responsive.png) no-repeat;\n        background-size: 100%;\n    }\n<\/style>\n\n\n<div class=\"gb-container gb-container-7b3fe91a\">\n\n<h3 class=\"gb-headline gb-headline-aff70c28 gb-headline-text h5\">Buchungsbedingungen<\/h3>\n\n\n\n<p>Das vorliegende Formular wird als endg\u00fcltig angesehen, wenn es innerhalb von 10 Tagen nach seiner Absendung nicht zur\u00fcckgegeben wird.<\/p>\n\n\n\n<p>Bei Nichteinhaltung (z.B. wenn Sie am Tag X nicht kommen), wird das Tierheim eine Entsch\u00e4digung von CHF 200.&#8211; von Ihnen verlangen. Diese Klausel wurde aufgrund mangelnder Fairness einiger Eltern eingef\u00fchrt. <\/p>\n\n\n\n<p>Ich, der Unterzeichner, verpflichte mich, auf das Konto 17-228647-4 &#8222;Refuge de Darwyn &#8211; 1200 Gen\u00e8ve&#8220;, CHF 200.&#8211; als Anzahlung bei der Unterzeichnung dieses Formulars und den Restbetrag am Tag des Geburtstags zu zahlen.<\/p>\n\n<\/div>\n<\/div>\n<\/div>\n<\/div><div class=\"gb-container gb-container-1f2d67a7 outer\">\n<div class=\"gb-container gb-container-3ced9bf1 inner\" id=\"invitations\">\n<div class=\"gb-container gb-container-23325fe3\">\n\n<h2 class=\"gb-headline gb-headline-82d24909 gb-headline-text\">Einladungskarten<\/h2>\n\n\n\n<p>Hier finden Sie unsere <strong>Vorlagen f\u00fcr Einladungen zu Geburtstagen<\/strong>. So verwenden Sie sie : <\/p>\n\n\n\n<ul class=\"wp-block-list\">\n<li>Drucken Sie die PDF-Datei im A4-Format auf dickem Papier aus.<\/li>\n\n\n\n<li>Falten Sie die Einladung in der Mitte, so dass sich der Plan auf der R\u00fcckseite der Einladung befindet.<\/li>\n\n\n\n<li>Tragen Sie den Namen Ihres Kindes, das gew\u00e4hlte Datum und die Telefonnummer ein (auf der R\u00fcckseite ist noch Platz).<\/li>\n<\/ul>\n\n\n\n<p>Wenn Sie auf das Bild statt auf den Link klicken, wird auch das Bild im A5-Format angezeigt, das Sie speichern und allein ohne den Plan verwenden k\u00f6nnen.<\/p>\n\n<\/div>\n\n<div class=\"gb-container gb-container-803883f9 inner\">\n\n<div class=\"gb-grid-wrapper gb-grid-wrapper-7371e43f gb-query-loop-wrapper\">\n<div class=\"gb-grid-column gb-grid-column-14ed7b02 gb-query-loop-item post-9280 cartes-invitation type-cartes-invitation status-publish has-post-thumbnail hentry\"><div class=\"gb-container gb-container-14ed7b02\">\n<figure class=\"gb-block-image gb-block-image-0bec86d8\"><a href=\"https:\/\/refuge-de-darwyn.ch\/wp-content\/uploads\/2024\/10\/cowboy.jpg\" rel=\"noopener noreferrer\" target=\"_blank\"><img loading=\"lazy\" decoding=\"async\" width=\"595\" height=\"420\" src=\"https:\/\/refuge-de-darwyn.ch\/wp-content\/uploads\/2024\/10\/cowboy.jpg\" class=\"gb-image-0bec86d8\" alt=\"\" srcset=\"https:\/\/refuge-de-darwyn.ch\/wp-content\/uploads\/2024\/10\/cowboy.jpg 595w, https:\/\/refuge-de-darwyn.ch\/wp-content\/uploads\/2024\/10\/cowboy-300x212.jpg 300w\" sizes=\"auto, (max-width: 595px) 100vw, 595px\" \/><\/a><\/figure>\n\n<a class=\"gb-container gb-container-9f09302e\" href=\"https:\/\/refuge-de-darwyn.ch\/wp-content\/uploads\/2024\/10\/cowboy.pdf\" target=\"_blank\" rel=\"noopener noreferrer\">\n<div class=\"gb-headline gb-headline-c1f92996 gb-headline-text\">Cowboy<\/div>\n\n\n<div class=\"gb-headline gb-headline-ab47b707 gb-headline-text\">A4 \/ PDF-Datei<\/div>\n\n<\/a>\n<\/div><\/div>\n\n<div class=\"gb-grid-column gb-grid-column-14ed7b02 gb-query-loop-item post-9510 cartes-invitation type-cartes-invitation status-publish has-post-thumbnail hentry\"><div class=\"gb-container gb-container-14ed7b02\">\n<figure class=\"gb-block-image gb-block-image-0bec86d8\"><a href=\"https:\/\/refuge-de-darwyn.ch\/wp-content\/uploads\/2024\/10\/indien.jpg\" rel=\"noopener noreferrer\" target=\"_blank\"><img loading=\"lazy\" decoding=\"async\" width=\"595\" height=\"420\" src=\"https:\/\/refuge-de-darwyn.ch\/wp-content\/uploads\/2024\/10\/indien.jpg\" class=\"gb-image-0bec86d8\" alt=\"\" srcset=\"https:\/\/refuge-de-darwyn.ch\/wp-content\/uploads\/2024\/10\/indien.jpg 595w, https:\/\/refuge-de-darwyn.ch\/wp-content\/uploads\/2024\/10\/indien-300x212.jpg 300w\" sizes=\"auto, (max-width: 595px) 100vw, 595px\" \/><\/a><\/figure>\n\n<a class=\"gb-container gb-container-9f09302e\" href=\"https:\/\/refuge-de-darwyn.ch\/wp-content\/uploads\/2024\/10\/indiens.pdf\" target=\"_blank\" rel=\"noopener noreferrer\">\n<div class=\"gb-headline gb-headline-c1f92996 gb-headline-text\">Indianer<\/div>\n\n\n<div class=\"gb-headline gb-headline-ab47b707 gb-headline-text\">A4 \/ PDF-Datei<\/div>\n\n<\/a>\n<\/div><\/div>\n\n<div class=\"gb-grid-column gb-grid-column-14ed7b02 gb-query-loop-item post-9508 cartes-invitation type-cartes-invitation status-publish has-post-thumbnail hentry\"><div class=\"gb-container gb-container-14ed7b02\">\n<figure class=\"gb-block-image gb-block-image-0bec86d8\"><a href=\"https:\/\/refuge-de-darwyn.ch\/wp-content\/uploads\/2024\/10\/lasso_boy.jpg\" rel=\"noopener noreferrer\" target=\"_blank\"><img loading=\"lazy\" decoding=\"async\" width=\"595\" height=\"420\" src=\"https:\/\/refuge-de-darwyn.ch\/wp-content\/uploads\/2024\/10\/lasso_boy.jpg\" class=\"gb-image-0bec86d8\" alt=\"\" srcset=\"https:\/\/refuge-de-darwyn.ch\/wp-content\/uploads\/2024\/10\/lasso_boy.jpg 595w, https:\/\/refuge-de-darwyn.ch\/wp-content\/uploads\/2024\/10\/lasso_boy-300x212.jpg 300w\" sizes=\"auto, (max-width: 595px) 100vw, 595px\" \/><\/a><\/figure>\n\n<a class=\"gb-container gb-container-9f09302e\" href=\"https:\/\/refuge-de-darwyn.ch\/wp-content\/uploads\/2024\/10\/lasso_boy.pdf\" target=\"_blank\" rel=\"noopener noreferrer\">\n<div class=\"gb-headline gb-headline-c1f92996 gb-headline-text\">Lasso-boy<\/div>\n\n\n<div class=\"gb-headline gb-headline-ab47b707 gb-headline-text\">A4 \/ PDF-Datei<\/div>\n\n<\/a>\n<\/div><\/div>\n\n<div class=\"gb-grid-column gb-grid-column-14ed7b02 gb-query-loop-item post-9503 cartes-invitation type-cartes-invitation status-publish has-post-thumbnail hentry\"><div class=\"gb-container gb-container-14ed7b02\">\n<figure class=\"gb-block-image gb-block-image-0bec86d8\"><a href=\"https:\/\/refuge-de-darwyn.ch\/wp-content\/uploads\/2024\/10\/lasso_girl.jpg\" rel=\"noopener noreferrer\" target=\"_blank\"><img loading=\"lazy\" decoding=\"async\" width=\"595\" height=\"420\" src=\"https:\/\/refuge-de-darwyn.ch\/wp-content\/uploads\/2024\/10\/lasso_girl.jpg\" class=\"gb-image-0bec86d8\" alt=\"\" srcset=\"https:\/\/refuge-de-darwyn.ch\/wp-content\/uploads\/2024\/10\/lasso_girl.jpg 595w, https:\/\/refuge-de-darwyn.ch\/wp-content\/uploads\/2024\/10\/lasso_girl-300x212.jpg 300w\" sizes=\"auto, (max-width: 595px) 100vw, 595px\" \/><\/a><\/figure>\n\n<a class=\"gb-container gb-container-9f09302e\" href=\"https:\/\/refuge-de-darwyn.ch\/wp-content\/uploads\/2024\/10\/lasso_girl.pdf\" target=\"_blank\" rel=\"noopener noreferrer\">\n<div class=\"gb-headline gb-headline-c1f92996 gb-headline-text\">Lasso-Girl<\/div>\n\n\n<div class=\"gb-headline gb-headline-ab47b707 gb-headline-text\">A4 \/ PDF-Datei<\/div>\n\n<\/a>\n<\/div><\/div>\n\n<div class=\"gb-grid-column gb-grid-column-14ed7b02 gb-query-loop-item post-9500 cartes-invitation type-cartes-invitation status-publish has-post-thumbnail hentry\"><div class=\"gb-container gb-container-14ed7b02\">\n<figure class=\"gb-block-image gb-block-image-0bec86d8\"><a href=\"https:\/\/refuge-de-darwyn.ch\/wp-content\/uploads\/2024\/10\/poney_boy.jpg\" rel=\"noopener noreferrer\" target=\"_blank\"><img loading=\"lazy\" decoding=\"async\" width=\"420\" height=\"595\" src=\"https:\/\/refuge-de-darwyn.ch\/wp-content\/uploads\/2024\/10\/poney_boy.jpg\" class=\"gb-image-0bec86d8\" alt=\"\" srcset=\"https:\/\/refuge-de-darwyn.ch\/wp-content\/uploads\/2024\/10\/poney_boy.jpg 420w, https:\/\/refuge-de-darwyn.ch\/wp-content\/uploads\/2024\/10\/poney_boy-212x300.jpg 212w\" sizes=\"auto, (max-width: 420px) 100vw, 420px\" \/><\/a><\/figure>\n\n<a class=\"gb-container gb-container-9f09302e\" href=\"https:\/\/refuge-de-darwyn.ch\/wp-content\/uploads\/2024\/10\/poney_boy.pdf\" target=\"_blank\" rel=\"noopener noreferrer\">\n<div class=\"gb-headline gb-headline-c1f92996 gb-headline-text\">Pony-Boy<\/div>\n\n\n<div class=\"gb-headline gb-headline-ab47b707 gb-headline-text\">A4 \/ PDF-Datei<\/div>\n\n<\/a>\n<\/div><\/div>\n\n<div class=\"gb-grid-column gb-grid-column-14ed7b02 gb-query-loop-item post-9496 cartes-invitation type-cartes-invitation status-publish has-post-thumbnail hentry\"><div class=\"gb-container gb-container-14ed7b02\">\n<figure class=\"gb-block-image gb-block-image-0bec86d8\"><a href=\"https:\/\/refuge-de-darwyn.ch\/wp-content\/uploads\/2024\/10\/poney_boy.jpg\" rel=\"noopener noreferrer\" target=\"_blank\"><img loading=\"lazy\" decoding=\"async\" width=\"420\" height=\"595\" src=\"https:\/\/refuge-de-darwyn.ch\/wp-content\/uploads\/2024\/10\/poney_boy.jpg\" class=\"gb-image-0bec86d8\" alt=\"\" srcset=\"https:\/\/refuge-de-darwyn.ch\/wp-content\/uploads\/2024\/10\/poney_boy.jpg 420w, https:\/\/refuge-de-darwyn.ch\/wp-content\/uploads\/2024\/10\/poney_boy-212x300.jpg 212w\" sizes=\"auto, (max-width: 420px) 100vw, 420px\" \/><\/a><\/figure>\n\n<a class=\"gb-container gb-container-9f09302e\" href=\"https:\/\/refuge-de-darwyn.ch\/wp-content\/uploads\/2024\/10\/poney_girl.pdf\" target=\"_blank\" rel=\"noopener noreferrer\">\n<div class=\"gb-headline gb-headline-c1f92996 gb-headline-text\">Ponym\u00e4dchen<\/div>\n\n\n<div class=\"gb-headline gb-headline-ab47b707 gb-headline-text\">A4 \/ PDF-Datei<\/div>\n\n<\/a>\n<\/div><\/div>\n\n<div class=\"gb-grid-column gb-grid-column-14ed7b02 gb-query-loop-item post-9504 cartes-invitation type-cartes-invitation status-publish has-post-thumbnail hentry\"><div class=\"gb-container gb-container-14ed7b02\">\n<figure class=\"gb-block-image gb-block-image-0bec86d8\"><a href=\"https:\/\/refuge-de-darwyn.ch\/wp-content\/uploads\/2024\/10\/petitcheval.jpg\" rel=\"noopener noreferrer\" target=\"_blank\"><img loading=\"lazy\" decoding=\"async\" width=\"595\" height=\"420\" src=\"https:\/\/refuge-de-darwyn.ch\/wp-content\/uploads\/2024\/10\/petitcheval.jpg\" class=\"gb-image-0bec86d8\" alt=\"\" srcset=\"https:\/\/refuge-de-darwyn.ch\/wp-content\/uploads\/2024\/10\/petitcheval.jpg 595w, https:\/\/refuge-de-darwyn.ch\/wp-content\/uploads\/2024\/10\/petitcheval-300x212.jpg 300w\" sizes=\"auto, (max-width: 595px) 100vw, 595px\" \/><\/a><\/figure>\n\n<a class=\"gb-container gb-container-9f09302e\" href=\"https:\/\/refuge-de-darwyn.ch\/wp-content\/uploads\/2024\/10\/petitcheval.pdf\" target=\"_blank\" rel=\"noopener noreferrer\">\n<div class=\"gb-headline gb-headline-c1f92996 gb-headline-text\">Kleines Pferd<\/div>\n\n\n<div class=\"gb-headline gb-headline-ab47b707 gb-headline-text\">A4 \/ PDF-Datei<\/div>\n\n<\/a>\n<\/div><\/div>\n<\/div>\n\n<\/div>\n<\/div>\n<\/div>","protected":false},"excerpt":{"rendered":"<p>Feiern Sie Ihren Geburtstag im Refugium F\u00fcr Kinder ab 6 Jahren bieten wir mittwochs und samstags Geburtstagsarrangements an. Um zu buchen, m\u00fcssen Sie nur : Sie k\u00f6nnen aus folgenden Angeboten w\u00e4hlen : Formel &#8222;Kleiner Cowboy oder kleines Cow-Girl&#8220;. CHF 35.- pro PersonMindestens 7 Personen13.30 &#8211; 16.00 Uhr Von 13.30 bis 14.00 Uhr Besuch des Tierheims &#8230; <a title=\"Feiern Sie Ihren Geburtstag im Refugium\" class=\"read-more\" href=\"https:\/\/refuge-de-darwyn.ch\/de\/aktivitaeten\/fuer-die-kleinen\/geburtstagsfeier-im-tierheim\/\" aria-label=\"Mehr Informationen \u00fcber Feiern Sie Ihren Geburtstag im Refugium\">Weiterlesen<\/a><\/p>\n","protected":false},"author":1,"featured_media":0,"parent":8105,"menu_order":0,"comment_status":"closed","ping_status":"closed","template":"","meta":{"_acf_changed":false,"_seopress_robots_primary_cat":"","_seopress_titles_title":"Buchen Sie einen unvergesslichen Geburtstag im Refugium!","_seopress_titles_desc":"Buchen Sie einen einzigartigen Geburtstag im Herbstcamp f\u00fcr Kinder ab 6 Jahren mit Reitaktivit\u00e4ten und Erinnerungsgeschenken. Passende Angebote f\u00fcr einen unvergesslichen Tag! ","_seopress_robots_index":"","footnotes":""},"page_category":[],"class_list":["post-8137","page","type-page","status-publish"],"acf":[],"_links":{"self":[{"href":"https:\/\/refuge-de-darwyn.ch\/de\/wp-json\/wp\/v2\/pages\/8137","targetHints":{"allow":["GET"]}}],"collection":[{"href":"https:\/\/refuge-de-darwyn.ch\/de\/wp-json\/wp\/v2\/pages"}],"about":[{"href":"https:\/\/refuge-de-darwyn.ch\/de\/wp-json\/wp\/v2\/types\/page"}],"author":[{"embeddable":true,"href":"https:\/\/refuge-de-darwyn.ch\/de\/wp-json\/wp\/v2\/users\/1"}],"replies":[{"embeddable":true,"href":"https:\/\/refuge-de-darwyn.ch\/de\/wp-json\/wp\/v2\/comments?post=8137"}],"version-history":[{"count":10,"href":"https:\/\/refuge-de-darwyn.ch\/de\/wp-json\/wp\/v2\/pages\/8137\/revisions"}],"predecessor-version":[{"id":16674,"href":"https:\/\/refuge-de-darwyn.ch\/de\/wp-json\/wp\/v2\/pages\/8137\/revisions\/16674"}],"up":[{"embeddable":true,"href":"https:\/\/refuge-de-darwyn.ch\/de\/wp-json\/wp\/v2\/pages\/8105"}],"wp:attachment":[{"href":"https:\/\/refuge-de-darwyn.ch\/de\/wp-json\/wp\/v2\/media?parent=8137"}],"wp:term":[{"taxonomy":"page_category","embeddable":true,"href":"https:\/\/refuge-de-darwyn.ch\/de\/wp-json\/wp\/v2\/page_category?post=8137"}],"curies":[{"name":"wp","href":"https:\/\/api.w.org\/{rel}","templated":true}]}}