{"id":8134,"date":"2024-09-11T14:54:22","date_gmt":"2024-09-11T12:54:22","guid":{"rendered":"https:\/\/refuge-de-darwyn.ch\/aktivitaeten\/fuer-die-kleinen\/herbstlager\/"},"modified":"2025-12-03T09:51:48","modified_gmt":"2025-12-03T08:51:48","slug":"herbstlager","status":"publish","type":"page","link":"https:\/\/refuge-de-darwyn.ch\/de\/aktivitaeten\/fuer-die-kleinen\/herbstlager\/","title":{"rendered":"Herbstlager"},"content":{"rendered":"<div class=\"gb-container gb-container-4053a0e7\">\n<div class=\"gb-container gb-container-595f4bb4\">\n\n<h2 class=\"gb-headline gb-headline-31d0f095 gb-headline-text h4\">Details<\/h2>\n\n\n\n<div class=\"gb-headline gb-headline-cf470095 gb-headline-text\">20. bis 24. Oktober 2025<\/div>\n\n\n\n<div class=\"gb-headline gb-headline-8be5f88e gb-headline-text\">Maximal 25 Kinder<\/div>\n\n\n\n<div class=\"gb-headline gb-headline-c1b4f30d gb-headline-text\">Vorrang f\u00fcr Mitglieder des Darwyn Refuge<\/div>\n\n\n\n<div class=\"gb-headline gb-headline-a08f67f8 gb-headline-text\">Kinder ab 5 Jahren bis 12 Jahren<\/div>\n\n\n\n<div class=\"gb-headline gb-headline-921cec00 gb-headline-text\">Montag bis Freitag von 9.00 bis 17.00 Uhr<\/div>\n\n\n\n<div class=\"gb-headline gb-headline-7b00f659 gb-headline-text\">Gepflegtes Fr\u00fchst\u00fcck, Abendessen und Snacks (hausgemacht und lokale Produkte)<\/div>\n\n\n\n<p class=\"gb-headline gb-headline-5710132a gb-headline-text\">Es besteht die M\u00f6glichkeit, den ganzen Tag zu arbeiten. Preis: CHF 400.- pro Woche oder 80.- pro Tag. <\/p>\n\n<\/div>\n\n<div class=\"gb-container gb-container-79f81a1d\">\n\n<h2 class=\"gb-headline gb-headline-3cdceaf0 gb-headline-text h4\">Aktivit\u00e4ten<\/h2>\n\n\n\n<div class=\"gb-headline gb-headline-c8ee54f3 gb-headline-text\">Ann\u00e4herung an die Pferde<\/div>\n\n\n\n<div class=\"gb-headline gb-headline-9561af5b gb-headline-text\">B\u00fcrste<\/div>\n\n\n\n<div class=\"gb-headline gb-headline-9d1d1585 gb-headline-text\">Sensibilisierung f\u00fcr die Misshandlung von Pferden auf spielerische Weise<\/div>\n\n\n\n<div class=\"gb-headline gb-headline-45b8a6a9 gb-headline-text\">Spiele auf dem Pferd<\/div>\n\n\n\n<div class=\"gb-headline gb-headline-846bf6e9 gb-headline-text\">Arbeit mit Pferden in Freiheit<\/div>\n\n\n\n<div class=\"gb-headline gb-headline-03aff41a gb-headline-text\">Spazierg\u00e4nge<\/div>\n\n\n\n<div class=\"gb-headline gb-headline-9fb26643 gb-headline-text\">Und vieles mehr: kleiner Kurs in der Reithalle, Basteln, Kochen, Schatzsuche,&nbsp;verschiedene Spiele, etc.<\/div>\n\n<\/div>\n<\/div>\n<p class=\"gb-headline gb-headline-ae3f4b7f gb-headline-text\">Wir m\u00f6chten Sie darauf hinweisen, dass Sie uns jedes besondere Problem Ihres Kindes \u00fcber ein Telefongespr\u00e4ch unter 078.666.86.49 mitteilen m\u00fcssen (z.B. Verhaltensst\u00f6rungen etc.), um zu pr\u00fcfen, ob unsere Struktur geeignet ist.<\/p>\n","protected":false},"excerpt":{"rendered":"<p>Details 20. bis 24. Oktober 2025 Maximal 25 Kinder Vorrang f\u00fcr Mitglieder des Darwyn Refuge Kinder ab 5 Jahren bis 12 Jahren Montag bis Freitag von 9.00 bis 17.00 Uhr Gepflegtes Fr\u00fchst\u00fcck, Abendessen und Snacks (hausgemacht und lokale Produkte) Es besteht die M\u00f6glichkeit, den ganzen Tag zu arbeiten. Preis: CHF 400.- pro Woche oder 80.- &#8230; <a title=\"Herbstlager\" class=\"read-more\" href=\"https:\/\/refuge-de-darwyn.ch\/de\/aktivitaeten\/fuer-die-kleinen\/herbstlager\/\" aria-label=\"Mehr Informationen \u00fcber Herbstlager\">Weiterlesen<\/a><\/p>\n","protected":false},"author":1,"featured_media":0,"parent":8105,"menu_order":3,"comment_status":"closed","ping_status":"closed","template":"","meta":{"_acf_changed":false,"_seopress_robots_primary_cat":"","_seopress_titles_title":"Herbstcamp: Natur und Abenteuer im Darwyn Refuge","_seopress_titles_desc":"Begleiten Sie uns auf einem einw\u00f6chigen Reitabenteuer, bei dem Sie sich um die Pferde k\u00fcmmern. Spielerische und lokale Aktivit\u00e4ten, vom 20. bis 24. Okt. F\u00fcr Kinder von 6 bis 12 Jahren!  ","_seopress_robots_index":"","footnotes":""},"page_category":[83],"class_list":{"0":"post-8134","1":"page","2":"type-page","3":"status-publish","5":"page_category-formulaire"},"acf":[],"_links":{"self":[{"href":"https:\/\/refuge-de-darwyn.ch\/de\/wp-json\/wp\/v2\/pages\/8134","targetHints":{"allow":["GET"]}}],"collection":[{"href":"https:\/\/refuge-de-darwyn.ch\/de\/wp-json\/wp\/v2\/pages"}],"about":[{"href":"https:\/\/refuge-de-darwyn.ch\/de\/wp-json\/wp\/v2\/types\/page"}],"author":[{"embeddable":true,"href":"https:\/\/refuge-de-darwyn.ch\/de\/wp-json\/wp\/v2\/users\/1"}],"replies":[{"embeddable":true,"href":"https:\/\/refuge-de-darwyn.ch\/de\/wp-json\/wp\/v2\/comments?post=8134"}],"version-history":[{"count":1,"href":"https:\/\/refuge-de-darwyn.ch\/de\/wp-json\/wp\/v2\/pages\/8134\/revisions"}],"predecessor-version":[{"id":8136,"href":"https:\/\/refuge-de-darwyn.ch\/de\/wp-json\/wp\/v2\/pages\/8134\/revisions\/8136"}],"up":[{"embeddable":true,"href":"https:\/\/refuge-de-darwyn.ch\/de\/wp-json\/wp\/v2\/pages\/8105"}],"wp:attachment":[{"href":"https:\/\/refuge-de-darwyn.ch\/de\/wp-json\/wp\/v2\/media?parent=8134"}],"wp:term":[{"taxonomy":"page_category","embeddable":true,"href":"https:\/\/refuge-de-darwyn.ch\/de\/wp-json\/wp\/v2\/page_category?post=8134"}],"curies":[{"name":"wp","href":"https:\/\/api.w.org\/{rel}","templated":true}]}}