{"id":8126,"date":"2024-09-19T10:49:50","date_gmt":"2024-09-19T08:49:50","guid":{"rendered":"https:\/\/refuge-de-darwyn.ch\/ticket-details\/"},"modified":"2024-09-19T10:49:50","modified_gmt":"2024-09-19T08:49:50","slug":"ticket-details","status":"publish","type":"page","link":"https:\/\/refuge-de-darwyn.ch\/de\/ticket-details\/","title":{"rendered":"Ticket Details"},"content":{"rendered":"<p>[sc_event_tickets_details]<\/p>\n","protected":false},"excerpt":{"rendered":"<p>[sc_event_tickets_details]<\/p>\n","protected":false},"author":1,"featured_media":0,"parent":0,"menu_order":0,"comment_status":"closed","ping_status":"closed","template":"","meta":{"_acf_changed":false,"_seopress_robots_primary_cat":"","_seopress_titles_title":"Buchen Sie Ihre Tickets f\u00fcr au\u00dfergew\u00f6hnliche Veranstaltungen online","_seopress_titles_desc":"","_seopress_robots_index":"","footnotes":""},"page_category":[],"class_list":["post-8126","page","type-page","status-publish"],"acf":[],"_links":{"self":[{"href":"https:\/\/refuge-de-darwyn.ch\/de\/wp-json\/wp\/v2\/pages\/8126","targetHints":{"allow":["GET"]}}],"collection":[{"href":"https:\/\/refuge-de-darwyn.ch\/de\/wp-json\/wp\/v2\/pages"}],"about":[{"href":"https:\/\/refuge-de-darwyn.ch\/de\/wp-json\/wp\/v2\/types\/page"}],"author":[{"embeddable":true,"href":"https:\/\/refuge-de-darwyn.ch\/de\/wp-json\/wp\/v2\/users\/1"}],"replies":[{"embeddable":true,"href":"https:\/\/refuge-de-darwyn.ch\/de\/wp-json\/wp\/v2\/comments?post=8126"}],"version-history":[{"count":0,"href":"https:\/\/refuge-de-darwyn.ch\/de\/wp-json\/wp\/v2\/pages\/8126\/revisions"}],"wp:attachment":[{"href":"https:\/\/refuge-de-darwyn.ch\/de\/wp-json\/wp\/v2\/media?parent=8126"}],"wp:term":[{"taxonomy":"page_category","embeddable":true,"href":"https:\/\/refuge-de-darwyn.ch\/de\/wp-json\/wp\/v2\/page_category?post=8126"}],"curies":[{"name":"wp","href":"https:\/\/api.w.org\/{rel}","templated":true}]}}