{"id":8124,"date":"2024-09-19T10:56:44","date_gmt":"2024-09-19T08:56:44","guid":{"rendered":"https:\/\/refuge-de-darwyn.ch\/zahlung-stornieren\/"},"modified":"2024-09-19T10:56:44","modified_gmt":"2024-09-19T08:56:44","slug":"zahlung-stornieren","status":"publish","type":"page","link":"https:\/\/refuge-de-darwyn.ch\/de\/zahlung-stornieren\/","title":{"rendered":"Zahlung stornieren"},"content":{"rendered":"<div class=\"bpa-front-data-empty-view __bpa-is-guest-view\">\n<h4>Es tut mir leid! Es ist etwas schief gelaufen. Ihre Zahlung ist fehlgeschlagen.  <\/h4>\n<\/p><\/div>\n","protected":false},"excerpt":{"rendered":"<p>Es tut mir leid! Es ist etwas schief gelaufen. Ihre Zahlung ist fehlgeschlagen.<\/p>\n","protected":false},"author":1,"featured_media":0,"parent":0,"menu_order":0,"comment_status":"open","ping_status":"open","template":"","meta":{"_acf_changed":false,"_seopress_robots_primary_cat":"","_seopress_titles_title":"Versuchen Sie es erneut: Zahlung fehlgeschlagen, was tun?","_seopress_titles_desc":"Es tut uns leid! Die Zahlung ist fehlgeschlagen. Finden Sie heraus, wie Sie das Problem l\u00f6sen k\u00f6nnen, um Ihre Transaktionen einfach und schnell erfolgreich abzuschlie\u00dfen.  ","_seopress_robots_index":"","footnotes":""},"page_category":[],"class_list":["post-8124","page","type-page","status-publish"],"acf":[],"_links":{"self":[{"href":"https:\/\/refuge-de-darwyn.ch\/de\/wp-json\/wp\/v2\/pages\/8124","targetHints":{"allow":["GET"]}}],"collection":[{"href":"https:\/\/refuge-de-darwyn.ch\/de\/wp-json\/wp\/v2\/pages"}],"about":[{"href":"https:\/\/refuge-de-darwyn.ch\/de\/wp-json\/wp\/v2\/types\/page"}],"author":[{"embeddable":true,"href":"https:\/\/refuge-de-darwyn.ch\/de\/wp-json\/wp\/v2\/users\/1"}],"replies":[{"embeddable":true,"href":"https:\/\/refuge-de-darwyn.ch\/de\/wp-json\/wp\/v2\/comments?post=8124"}],"version-history":[{"count":0,"href":"https:\/\/refuge-de-darwyn.ch\/de\/wp-json\/wp\/v2\/pages\/8124\/revisions"}],"wp:attachment":[{"href":"https:\/\/refuge-de-darwyn.ch\/de\/wp-json\/wp\/v2\/media?parent=8124"}],"wp:term":[{"taxonomy":"page_category","embeddable":true,"href":"https:\/\/refuge-de-darwyn.ch\/de\/wp-json\/wp\/v2\/page_category?post=8124"}],"curies":[{"name":"wp","href":"https:\/\/api.w.org\/{rel}","templated":true}]}}