{"id":8117,"date":"2024-09-19T10:56:44","date_gmt":"2024-09-19T08:56:44","guid":{"rendered":"https:\/\/refuge-de-darwyn.ch\/bestaetigung-der-stornierung-eines-termins\/"},"modified":"2025-03-03T08:20:25","modified_gmt":"2025-03-03T07:20:25","slug":"bestaetigung-der-stornierung-eines-termins","status":"publish","type":"page","link":"https:\/\/refuge-de-darwyn.ch\/de\/bestaetigung-der-stornierung-eines-termins\/","title":{"rendered":"Best\u00e4tigung der Stornierung eines Termins"},"content":{"rendered":"<p>[bookingpress_appointment_cancellation_confirmation]<\/p>\n","protected":false},"excerpt":{"rendered":"","protected":false},"author":1,"featured_media":0,"parent":0,"menu_order":0,"comment_status":"open","ping_status":"open","template":"","meta":{"_acf_changed":false,"_seopress_robots_primary_cat":"","_seopress_titles_title":"Stornierte Buchung: Schnelle und einfache Best\u00e4tigung","_seopress_titles_desc":"Sagen Sie Ihre Termine einfach mit BookingPress ab. Sofortige Best\u00e4tigung und einfache Handhabung f\u00fcr eine stressfreie Verwaltung. ","_seopress_robots_index":"","footnotes":""},"page_category":[],"class_list":["post-8117","page","type-page","status-publish"],"acf":[],"_links":{"self":[{"href":"https:\/\/refuge-de-darwyn.ch\/de\/wp-json\/wp\/v2\/pages\/8117","targetHints":{"allow":["GET"]}}],"collection":[{"href":"https:\/\/refuge-de-darwyn.ch\/de\/wp-json\/wp\/v2\/pages"}],"about":[{"href":"https:\/\/refuge-de-darwyn.ch\/de\/wp-json\/wp\/v2\/types\/page"}],"author":[{"embeddable":true,"href":"https:\/\/refuge-de-darwyn.ch\/de\/wp-json\/wp\/v2\/users\/1"}],"replies":[{"embeddable":true,"href":"https:\/\/refuge-de-darwyn.ch\/de\/wp-json\/wp\/v2\/comments?post=8117"}],"version-history":[{"count":1,"href":"https:\/\/refuge-de-darwyn.ch\/de\/wp-json\/wp\/v2\/pages\/8117\/revisions"}],"predecessor-version":[{"id":8120,"href":"https:\/\/refuge-de-darwyn.ch\/de\/wp-json\/wp\/v2\/pages\/8117\/revisions\/8120"}],"wp:attachment":[{"href":"https:\/\/refuge-de-darwyn.ch\/de\/wp-json\/wp\/v2\/media?parent=8117"}],"wp:term":[{"taxonomy":"page_category","embeddable":true,"href":"https:\/\/refuge-de-darwyn.ch\/de\/wp-json\/wp\/v2\/page_category?post=8117"}],"curies":[{"name":"wp","href":"https:\/\/api.w.org\/{rel}","templated":true}]}}