{"id":8114,"date":"2024-09-19T10:56:44","date_gmt":"2024-09-19T08:56:44","guid":{"rendered":"https:\/\/refuge-de-darwyn.ch\/termin-abgesagt\/"},"modified":"2024-09-19T10:56:44","modified_gmt":"2024-09-19T08:56:44","slug":"termin-abgesagt","status":"publish","type":"page","link":"https:\/\/refuge-de-darwyn.ch\/de\/termin-abgesagt\/","title":{"rendered":"Termin abgesagt"},"content":{"rendered":"\n<div class=\"bpa-front-cancel-module-container\">\n<div class=\"bpa-front-cmc__title\">Es tut mir leid zu h\u00f6ren, dass Sie um die Absage des Termins gebeten haben.<\/div>\n<div class=\"bpa-front-cmc__desc\">Wir haben Ihnen eine E-Mail-Benachrichtigung \u00fcber die Absage eines Termins geschickt. Bitte klicken Sie auf die Schaltfl\u00e4che, um den Termin zu stornieren. <\/div>\n<\/p><\/div>\n","protected":false},"excerpt":{"rendered":"<p>Es tut mir leid zu h\u00f6ren, dass Sie um die Absage des Termins gebeten haben. Wir haben Ihnen eine E-Mail-Benachrichtigung \u00fcber die Absage eines Termins geschickt. Bitte klicken Sie auf die Schaltfl\u00e4che, um den Termin zu stornieren.<\/p>\n","protected":false},"author":1,"featured_media":0,"parent":0,"menu_order":0,"comment_status":"open","ping_status":"open","template":"","meta":{"_acf_changed":false,"_seopress_robots_primary_cat":"","_seopress_titles_title":"Sagen Sie Ihren Termin einfach per E-Mail ab","_seopress_titles_desc":"","_seopress_robots_index":"","footnotes":""},"page_category":[],"class_list":["post-8114","page","type-page","status-publish"],"acf":[],"_links":{"self":[{"href":"https:\/\/refuge-de-darwyn.ch\/de\/wp-json\/wp\/v2\/pages\/8114","targetHints":{"allow":["GET"]}}],"collection":[{"href":"https:\/\/refuge-de-darwyn.ch\/de\/wp-json\/wp\/v2\/pages"}],"about":[{"href":"https:\/\/refuge-de-darwyn.ch\/de\/wp-json\/wp\/v2\/types\/page"}],"author":[{"embeddable":true,"href":"https:\/\/refuge-de-darwyn.ch\/de\/wp-json\/wp\/v2\/users\/1"}],"replies":[{"embeddable":true,"href":"https:\/\/refuge-de-darwyn.ch\/de\/wp-json\/wp\/v2\/comments?post=8114"}],"version-history":[{"count":0,"href":"https:\/\/refuge-de-darwyn.ch\/de\/wp-json\/wp\/v2\/pages\/8114\/revisions"}],"wp:attachment":[{"href":"https:\/\/refuge-de-darwyn.ch\/de\/wp-json\/wp\/v2\/media?parent=8114"}],"wp:term":[{"taxonomy":"page_category","embeddable":true,"href":"https:\/\/refuge-de-darwyn.ch\/de\/wp-json\/wp\/v2\/page_category?post=8114"}],"curies":[{"name":"wp","href":"https:\/\/api.w.org\/{rel}","templated":true}]}}