{"id":8110,"date":"2024-10-09T09:55:40","date_gmt":"2024-10-09T07:55:40","guid":{"rendered":"https:\/\/refuge-de-darwyn.ch\/aktivitaeten\/"},"modified":"2024-10-09T09:55:40","modified_gmt":"2024-10-09T07:55:40","slug":"aktivitaeten","status":"publish","type":"page","link":"https:\/\/refuge-de-darwyn.ch\/de\/aktivitaeten\/","title":{"rendered":"Aktivit\u00e4ten"},"content":{"rendered":"","protected":false},"excerpt":{"rendered":"","protected":false},"author":1,"featured_media":0,"parent":0,"menu_order":0,"comment_status":"closed","ping_status":"closed","template":"","meta":{"_acf_changed":false,"_seopress_robots_primary_cat":"","_seopress_titles_title":"Immersive Aktivit\u00e4ten im Darwyn Refuge","_seopress_titles_desc":"Entdecken Sie die Reitaktivit\u00e4ten des Darwyn Refuge: Schutz, Pflege und Wohlbefinden von Pferden. Engagieren Sie sich f\u00fcr einen guten Zweck! ","_seopress_robots_index":"","footnotes":""},"page_category":[],"class_list":["post-8110","page","type-page","status-publish"],"acf":[],"_links":{"self":[{"href":"https:\/\/refuge-de-darwyn.ch\/de\/wp-json\/wp\/v2\/pages\/8110","targetHints":{"allow":["GET"]}}],"collection":[{"href":"https:\/\/refuge-de-darwyn.ch\/de\/wp-json\/wp\/v2\/pages"}],"about":[{"href":"https:\/\/refuge-de-darwyn.ch\/de\/wp-json\/wp\/v2\/types\/page"}],"author":[{"embeddable":true,"href":"https:\/\/refuge-de-darwyn.ch\/de\/wp-json\/wp\/v2\/users\/1"}],"replies":[{"embeddable":true,"href":"https:\/\/refuge-de-darwyn.ch\/de\/wp-json\/wp\/v2\/comments?post=8110"}],"version-history":[{"count":0,"href":"https:\/\/refuge-de-darwyn.ch\/de\/wp-json\/wp\/v2\/pages\/8110\/revisions"}],"wp:attachment":[{"href":"https:\/\/refuge-de-darwyn.ch\/de\/wp-json\/wp\/v2\/media?parent=8110"}],"wp:term":[{"taxonomy":"page_category","embeddable":true,"href":"https:\/\/refuge-de-darwyn.ch\/de\/wp-json\/wp\/v2\/page_category?post=8110"}],"curies":[{"name":"wp","href":"https:\/\/api.w.org\/{rel}","templated":true}]}}