{"id":8098,"date":"2024-10-02T12:01:45","date_gmt":"2024-10-02T10:01:45","guid":{"rendered":"https:\/\/refuge-de-darwyn.ch\/allgemeine-geschaeftsbedingungen\/"},"modified":"2025-03-03T08:20:12","modified_gmt":"2025-03-03T07:20:12","slug":"allgemeine-geschaeftsbedingungen","status":"publish","type":"page","link":"https:\/\/refuge-de-darwyn.ch\/de\/allgemeine-geschaeftsbedingungen\/","title":{"rendered":"Allgemeine Gesch\u00e4ftsbedingungen"},"content":{"rendered":"\n<p>Le Refuge de Darwyn verpflichtet sich, Bestellungen, die \u00fcber seine Website oder <a href=\"https:\/boutique\/\" data-type=\"page\" data-id=\"4\" target=\"_blank\" rel=\"noreferrer noopener\">seinen Online-Shop<\/a> eingehen, nur auszuf\u00fchren, solange der Vorrat an Produkten reicht und die Lieferung in die auf der Website genannten L\u00e4nder m\u00f6glich ist. Die Preise der Produkte sind auf der Website <a href=\"https:\/boutique\/\" data-type=\"page\" data-id=\"4\" target=\"_blank\" rel=\"noreferrer noopener\">refuge-de-darwyn.ch\/boutique<\/a> angegeben. <a href=\"http:\/\/www.shop-de-darwyn.org\/\"><\/a><\/p>\n\n<p>Wenn bestimmte Artikel nicht verf\u00fcgbar sind, werden diese automatisch aus der Bestellung entfernt und zur\u00fcckerstattet. Die Lieferung der Artikel erfolgt in der Regel innerhalb von 7 Werktagen. Die Online-Bestellung ist verbindlich, sobald der Kunde die Schaltfl\u00e4che zur Best\u00e4tigung der Bestellung bet\u00e4tigt hat.  <\/p>\n\n<h2 class=\"wp-block-heading\">Zahlungsmodalit\u00e4ten<\/h2>\n\n<ul class=\"wp-block-list\">\n<li>Online-Zahlung PostFinance<\/li>\n\n\n\n<li>Kreditkarte Visa Mastercard<\/li>\n\n\n\n<li>Zahlung \u00fcber Twint<\/li>\n\n\n\n<li>Nachnahme bei Erhalt des Pakets.<\/li>\n<\/ul>\n\n<h2 class=\"wp-block-heading\">Datenschutz<\/h2>\n\n<p>Die f\u00fcr die Datenverarbeitung verantwortliche Stelle ist Darwyn&#8217;s Refuge, die sich verpflichtet, die auf dieser Website gespeicherten Daten nicht weiterzugeben,<\/p>\n\n<h2 class=\"wp-block-heading\">Versand und Preisgestaltung<\/h2>\n\n<p>F\u00fcr jede Bestellung betragen die Versand- und Verpackungskosten :<\/p>\n\n<ul class=\"wp-block-list\">\n<li>Die Versandkosten werden nur einmal pro Bestellung berechnet.<\/li>\n\n\n\n<li>Zuschlag f\u00fcr Expressversand.<\/li>\n<\/ul>\n\n<p>Sie k\u00f6nnen w\u00e4hlen, ob Sie eine Lieferung erhalten m\u00f6chten:<\/p>\n\n<ul class=\"wp-block-list\">\n<li>oder zu Hause<\/li>\n\n\n\n<li>oder an die Adresse einer dritten Person mit Wohnsitz in der Schweiz.<\/li>\n<\/ul>\n\n<p>Der Versand der verf\u00fcgbaren Artikel erfolgt per Post innerhalb von etwa 5 bis 8 Tagen. Der Paketversand erfolgt mit der Schweizer Post. Die Lieferung ist auf die Schweiz beschr\u00e4nkt.  <\/p>\n\n<p>Wir verpflichten uns, alles zu tun, um die Bestellung so schnell wie m\u00f6glich zu liefern, sobald wir das Bestellformular erhalten haben.<\/p>\n\n<p>Darwyn&#8217;s Refuge liefert keine Pakete an Postf\u00e4cher und liefert keine Waren an minderj\u00e4hrige oder bevormundete Kunden, es sei denn, es liegt eine schriftliche Genehmigung der Eltern oder des Vormunds vor.<\/p>\n\n<p><strong>Darwyn&#8217;s Refuge<\/strong><br\/>Chemin du Clos 15<br\/>1233 SEZENOVE (Geneve &#8211; CH)<\/p>\n\n<p>1200 Genf<br\/>CCP Nr. 17-228647-4<br\/>Darwyn&#8217;s Refuge<br\/>IBAN: CH07 0078 8000 U327 1271 4<\/p>\n","protected":false},"excerpt":{"rendered":"<p>Le Refuge de Darwyn verpflichtet sich, Bestellungen, die \u00fcber seine Website oder seinen Online-Shop eingehen, nur auszuf\u00fchren, solange der Vorrat an Produkten reicht und die Lieferung in die auf der Website genannten L\u00e4nder m\u00f6glich ist. Die Preise der Produkte sind auf der Website refuge-de-darwyn.ch\/boutique angegeben. Wenn bestimmte Artikel nicht verf\u00fcgbar sind, werden diese automatisch aus &#8230; <a title=\"Allgemeine Gesch\u00e4ftsbedingungen\" class=\"read-more\" href=\"https:\/\/refuge-de-darwyn.ch\/de\/allgemeine-geschaeftsbedingungen\/\" aria-label=\"Mehr Informationen \u00fcber Allgemeine Gesch\u00e4ftsbedingungen\">Weiterlesen<\/a><\/p>\n","protected":false},"author":1,"featured_media":0,"parent":0,"menu_order":0,"comment_status":"closed","ping_status":"closed","template":"","meta":{"_acf_changed":false,"_seopress_robots_primary_cat":"","_seopress_titles_title":"Bestellen Sie online bei Darwyn's Refuge - schnelle Lieferung!","_seopress_titles_desc":"Bestellen Sie online bei Refuge de Darwyn. Schnelle Lieferung in der Schweiz! Sicher, zuverl\u00e4ssig und dem Datenschutz verpflichtet. Bestellen Sie jetzt!   ","_seopress_robots_index":"","footnotes":""},"page_category":[17],"class_list":{"0":"post-8098","1":"page","2":"type-page","3":"status-publish","5":"page_category-standard"},"acf":[],"_links":{"self":[{"href":"https:\/\/refuge-de-darwyn.ch\/de\/wp-json\/wp\/v2\/pages\/8098","targetHints":{"allow":["GET"]}}],"collection":[{"href":"https:\/\/refuge-de-darwyn.ch\/de\/wp-json\/wp\/v2\/pages"}],"about":[{"href":"https:\/\/refuge-de-darwyn.ch\/de\/wp-json\/wp\/v2\/types\/page"}],"author":[{"embeddable":true,"href":"https:\/\/refuge-de-darwyn.ch\/de\/wp-json\/wp\/v2\/users\/1"}],"replies":[{"embeddable":true,"href":"https:\/\/refuge-de-darwyn.ch\/de\/wp-json\/wp\/v2\/comments?post=8098"}],"version-history":[{"count":1,"href":"https:\/\/refuge-de-darwyn.ch\/de\/wp-json\/wp\/v2\/pages\/8098\/revisions"}],"predecessor-version":[{"id":8101,"href":"https:\/\/refuge-de-darwyn.ch\/de\/wp-json\/wp\/v2\/pages\/8098\/revisions\/8101"}],"wp:attachment":[{"href":"https:\/\/refuge-de-darwyn.ch\/de\/wp-json\/wp\/v2\/media?parent=8098"}],"wp:term":[{"taxonomy":"page_category","embeddable":true,"href":"https:\/\/refuge-de-darwyn.ch\/de\/wp-json\/wp\/v2\/page_category?post=8098"}],"curies":[{"name":"wp","href":"https:\/\/api.w.org\/{rel}","templated":true}]}}