{"id":8091,"date":"2024-09-04T17:51:26","date_gmt":"2024-09-04T15:51:26","guid":{"rendered":"https:\/\/refuge-de-darwyn.ch\/ehrenamtlich-taetig-werden\/"},"modified":"2025-12-08T16:19:20","modified_gmt":"2025-12-08T15:19:20","slug":"ehrenamtlich-taetig-werden","status":"publish","type":"page","link":"https:\/\/refuge-de-darwyn.ch\/de\/uns-unterstuetzen\/durch-ihre-handlungen\/ehrenamtlich-taetig-werden\/","title":{"rendered":"Ehrenamtlich t\u00e4tig werden"},"content":{"rendered":"\n<p class=\"gb-headline gb-headline-3cdceaf0 gb-headline-text\"\/>\n\n<p class=\"gb-headline gb-headline-cf470095 gb-headline-text\">Es braucht Zeit, neue Freiwillige richtig zu begr\u00fc\u00dfen, da wir m\u00f6chten, dass jeder seinen Platz findet. Wir hatten im Jahr 2025 sehr viele neue Freiwillige und haben beschlossen, die Aufnahme zu schlie\u00dfen, um die bestehenden Teams zu st\u00e4rken! <\/p>\n\n<p class=\"has-text-align-center\">Je nachdem, wie viele Freiwillige sich langfristig engagieren, werden wir die Einschreibung f\u00fcr den Schulbeginn im August 2026 wieder er\u00f6ffnen. Wir danken Ihnen f\u00fcr Ihr Interesse an unserer Organisation! <\/p>\n\n<p class=\"has-text-align-center\">Freiwillige Helfer sind ein unverzichtbarer Teil unserer Arbeit. Diese Pause bei der Vergr\u00f6\u00dferung des Teams erm\u00f6glicht es uns, die Neuank\u00f6mmlinge gut zu schulen und uns um die Verantwortlichen zu k\u00fcmmern, auf die sich diese Aufgabe st\u00fctzt!<\/p>\n","protected":false},"excerpt":{"rendered":"<p>Es braucht Zeit, neue Freiwillige richtig zu begr\u00fc\u00dfen, da wir m\u00f6chten, dass jeder seinen Platz findet. Wir hatten im Jahr 2025 sehr viele neue Freiwillige und haben beschlossen, die Aufnahme zu schlie\u00dfen, um die bestehenden Teams zu st\u00e4rken! Je nachdem, wie viele Freiwillige sich langfristig engagieren, werden wir die Einschreibung f\u00fcr den Schulbeginn im August &#8230; <a title=\"Ehrenamtlich t\u00e4tig werden\" class=\"read-more\" href=\"https:\/\/refuge-de-darwyn.ch\/de\/uns-unterstuetzen\/durch-ihre-handlungen\/ehrenamtlich-taetig-werden\/\" aria-label=\"Mehr Informationen \u00fcber Ehrenamtlich t\u00e4tig werden\">Weiterlesen<\/a><\/p>\n","protected":false},"author":1,"featured_media":0,"parent":8152,"menu_order":5,"comment_status":"closed","ping_status":"closed","template":"","meta":{"_acf_changed":false,"_seopress_robots_primary_cat":"","_seopress_titles_title":"Nehmen Sie an unserer Warteliste f\u00fcr ehrenamtliche Arbeit teil.","_seopress_titles_desc":"Unterst\u00fctzen Sie uns, indem Sie ab 14 Jahren ehrenamtlich t\u00e4tig werden. Engagieren Sie sich f\u00fcr eine positive Wirkung in unserer Gemeinde. Schlie\u00dfen Sie sich uns noch heute an!  ","_seopress_robots_index":"","footnotes":""},"page_category":[17],"class_list":{"0":"post-8091","1":"page","2":"type-page","3":"status-publish","5":"page_category-standard"},"acf":[],"_links":{"self":[{"href":"https:\/\/refuge-de-darwyn.ch\/de\/wp-json\/wp\/v2\/pages\/8091","targetHints":{"allow":["GET"]}}],"collection":[{"href":"https:\/\/refuge-de-darwyn.ch\/de\/wp-json\/wp\/v2\/pages"}],"about":[{"href":"https:\/\/refuge-de-darwyn.ch\/de\/wp-json\/wp\/v2\/types\/page"}],"author":[{"embeddable":true,"href":"https:\/\/refuge-de-darwyn.ch\/de\/wp-json\/wp\/v2\/users\/1"}],"replies":[{"embeddable":true,"href":"https:\/\/refuge-de-darwyn.ch\/de\/wp-json\/wp\/v2\/comments?post=8091"}],"version-history":[{"count":2,"href":"https:\/\/refuge-de-darwyn.ch\/de\/wp-json\/wp\/v2\/pages\/8091\/revisions"}],"predecessor-version":[{"id":16004,"href":"https:\/\/refuge-de-darwyn.ch\/de\/wp-json\/wp\/v2\/pages\/8091\/revisions\/16004"}],"up":[{"embeddable":true,"href":"https:\/\/refuge-de-darwyn.ch\/de\/wp-json\/wp\/v2\/pages\/8152"}],"wp:attachment":[{"href":"https:\/\/refuge-de-darwyn.ch\/de\/wp-json\/wp\/v2\/media?parent=8091"}],"wp:term":[{"taxonomy":"page_category","embeddable":true,"href":"https:\/\/refuge-de-darwyn.ch\/de\/wp-json\/wp\/v2\/page_category?post=8091"}],"curies":[{"name":"wp","href":"https:\/\/api.w.org\/{rel}","templated":true}]}}