{"id":8090,"date":"2024-09-04T13:59:13","date_gmt":"2024-09-04T11:59:13","guid":{"rendered":"https:\/\/refuge-de-darwyn.ch\/die-vereinigung\/unser-verein\/aufgabe-des-tierheims\/"},"modified":"2025-03-07T08:32:46","modified_gmt":"2025-03-07T07:32:46","slug":"aufgabe-des-tierheims","status":"publish","type":"page","link":"https:\/\/refuge-de-darwyn.ch\/de\/die-vereinigung\/unser-verein\/aufgabe-des-tierheims\/","title":{"rendered":"Aufgabe des Tierheims"},"content":{"rendered":"<div class=\"gb-container gb-container-282f007b outer\">\n<div class=\"gb-container gb-container-0a92a879 inner\">\n<div class=\"gb-container gb-container-2cf3cc5a\">\n\n<h1 class=\"gb-headline gb-headline-b5ef71ce gb-headline-text\">Mission von Darwyns Zufluchtsort<\/h1>\n\n\n<div class=\"gb-container gb-container-fddf3e36\">\n\n<div class=\"gb-headline gb-headline-e718fcda\"><span class=\"gb-icon\">                <\/span><span class=\"gb-headline-text\">Der Verein ist <strong>seit 2003 als gemeinn\u00fctzig<\/strong> anerkannt.&nbsp;<\/span><\/div>\n\n\n\n<div class=\"gb-headline gb-headline-145f67e6\"><span class=\"gb-icon\">      <\/span><span class=\"gb-headline-text\">Darwyn&#8217;s Shelter <strong>ist<\/strong> seit 2010 <strong>eine anerkannte Sektion des STS<\/strong> (Schweizer Tierschutz).<\/span><\/div>\n\n\n\n<div class=\"gb-headline gb-headline-90e7c3c4\"><span class=\"gb-icon\">           <\/span><span class=\"gb-headline-text\">Darwyn&#8217;s Shelter wurde 2002 <strong>mit dem Cun\u00e9o-Preis<\/strong> des Genfer Tierschutzvereins und 2006 <strong>mit dem Preis der Genfer Tier\u00e4rzte<\/strong> ausgezeichnet.<\/span><\/div>\n\n<\/div>\n<\/div>\n\n<div class=\"gb-container gb-container-a1556cc6\">\n\n<figure class=\"gb-block-image gb-block-image-379ed26a\"><img loading=\"lazy\" decoding=\"async\" width=\"1200\" height=\"900\" class=\"gb-image gb-image-379ed26a\" src=\"https:\/\/refuge-de-darwyn.ch\/wp-content\/uploads\/2024\/09\/mission-du-refuge-de-darwyn.jpg\" alt=\"Eingang zu Darwyns Refugium  \" title=\"Mission-der-Flucht-aus-Darwyn\" srcset=\"https:\/\/refuge-de-darwyn.ch\/wp-content\/uploads\/2024\/09\/mission-du-refuge-de-darwyn.jpg 1200w, https:\/\/refuge-de-darwyn.ch\/wp-content\/uploads\/2024\/09\/mission-du-refuge-de-darwyn-300x225.jpg 300w, https:\/\/refuge-de-darwyn.ch\/wp-content\/uploads\/2024\/09\/mission-du-refuge-de-darwyn-1024x768.jpg 1024w, https:\/\/refuge-de-darwyn.ch\/wp-content\/uploads\/2024\/09\/mission-du-refuge-de-darwyn-768x576.jpg 768w, https:\/\/refuge-de-darwyn.ch\/wp-content\/uploads\/2024\/09\/mission-du-refuge-de-darwyn-600x450.jpg 600w\" sizes=\"auto, (max-width: 1200px) 100vw, 1200px\" \/><\/figure>\n\n<\/div>\n<\/div>\n<\/div><div class=\"gb-container gb-container-109b45df outer\">\n<div class=\"gb-container gb-container-e3e6c2db inner\">\n\n<p class=\"gb-headline gb-headline-8d0a487c gb-headline-text\">Seit Jahrtausenden ist das Pferd der bevorzugte Begleiter des Menschen.  <strong>Diese au\u00dfergew\u00f6hnliche Beziehung, die der Mensch zu seinem Vergn\u00fcgen oder f\u00fcr seine Arbeit nutzt, endet leider allzu oft auf tragische und emp\u00f6rende Weise: Wenn das Pferd zu alt ist oder seinen Besitzer nicht mehr voll zufrieden stellen kann, wird es &#8230; zum Schlachter gebracht.<\/strong><\/p>\n\n\n\n<p>Aus Emp\u00f6rung \u00fcber diese Tatsache und weil Anouk THIBAUD seit ihrer Kindheit von diesem Tier begeistert war, beschloss sie, den Verein &#8222;Le Refuge de Darwyn&#8220; (zu Ehren ihres verstorbenen Pferdes) zu gr\u00fcnden. Die Organisation wurde am 17.02.2000 gegr\u00fcndet und befindet sich heute in Genf in der Schweiz. <\/p>\n\n\n\n<p>Darwyns Tierheim wurde im Jahr 2000 von Anouk Thibaud gegr\u00fcndet und ist ein gemeinn\u00fctziger Verein, der vom Finanzdepartement als gemeinn\u00fctzig anerkannt wurde, vom kantonalen Veterin\u00e4ramt anerkannt wurde und seit dem 1. Dezember 2010 eine Sektion des Schweizer Tierschutzes darstellt (die erste Sektion mit Pferden).<\/p>\n\n\n\n<p><br\/><strong>Die Aufgabe des Refugiums ist es, :<\/strong><\/p>\n\n\n\n<div class=\"gb-headline gb-headline-2a99298c\"><span class=\"gb-icon\">  <\/span><span class=\"gb-headline-text\">Teilnahme am Tierschutz im Allgemeinen, insbesondere durch die F\u00f6rderung des Schutzes von Equiden, Pferden und Eseln&nbsp;,<\/span><\/div>\n\n\n\n<div class=\"gb-headline gb-headline-89034ca2\"><span class=\"gb-icon\">  <\/span><span class=\"gb-headline-text\">die \u00d6ffentlichkeit f\u00fcr die Misshandlung von Pferden und Eseln zu sensibilisieren,<\/span><\/div>\n\n\n\n<div class=\"gb-headline gb-headline-0ad59071\"><span class=\"gb-icon\">  <\/span><span class=\"gb-headline-text\">Einflussnahme auf die Gesetzgebung, um w\u00fcrdige Lebensbedingungen f\u00fcr Pferde und&nbsp;Esel zu gew\u00e4hrleisten,<\/span><\/div>\n\n\n\n<div class=\"gb-headline gb-headline-e90f77f4\"><span class=\"gb-icon\">  <\/span><span class=\"gb-headline-text\">Bek\u00e4mpfung der Nichteinhaltung der Gesetze \u00fcber die Behandlung und Haltung von Pferden&nbsp;und Eseln,<\/span><\/div>\n\n\n\n<div class=\"gb-headline gb-headline-abe0c751\"><span class=\"gb-icon\">  <\/span><span class=\"gb-headline-text\">eine Liga zum Schutz des Pferdes in der franz\u00f6sischen Schweiz zu gr\u00fcnden.<\/span><\/div>\n\n\n\n<p><strong>Das Tierheim erf\u00fcllt seine Aufgabe durch :<\/strong><\/p>\n\n\n\n<div class=\"gb-headline gb-headline-b4be78d7\">Nach Beschwerden interveniert, um eine Feststellung zu treffen, einen Dialog zu er\u00f6ffnen und den f\u00fcr den Streitfall verantwortlichen Personen L\u00f6sungen vorzuschlagen,<\/div>\n\n\n\n<div class=\"gb-headline gb-headline-88135ad0\">unl\u00f6sbare F\u00e4lle den zust\u00e4ndigen Beh\u00f6rden melden,<\/div>\n\n\n\n<div class=\"gb-headline gb-headline-7c1d0f53\">in denen sequestrierte Pferde oder Esel untergebracht sind,<\/div>\n\n\n\n<div class=\"gb-headline gb-headline-2f1842af\">Sie nehmen misshandelte Pferde auf und pflegen sie, um ihnen zu helfen, ihr physisches und psychisches Gleichgewicht wiederzufinden,<\/div>\n\n\n\n<div class=\"gb-headline gb-headline-b9cb11c8\">die Pferde in Pflegefamilien unterzubringen, wo die Haltungsbedingungen den von Le Refuge festgelegten Anforderungen entsprechen,<\/div>\n\n\n\n<div class=\"gb-headline gb-headline-30fff321\">die helfen, Pferde von Besitzern unterzubringen, die aus verschiedenen Gr\u00fcnden nicht mehr in der Lage sind, sie zu versorgen,<\/div>\n\n\n\n<div class=\"gb-headline gb-headline-66fe276b\">Dienstleistungen f\u00fcr Erwachsene und Kinder, um sie f\u00fcr den Schutz von Pferden zu sensibilisieren &#8211; Schulausfl\u00fcge, Besuche in Pflegeheimen, p\u00e4dagogische Camps, St\u00e4nde\/Shops bei Reitveranstaltungen und andere,<\/div>\n\n\n\n<div class=\"gb-headline gb-headline-c609c4f7\">St\u00e4lle f\u00fcr pensionierte Pferde mit einem G\u00fctesiegel versehen, um eine gute Pflege in geeigneten Einrichtungen zu gew\u00e4hrleisten,<\/div>\n\n\n\n<div class=\"gb-headline gb-headline-79771530\">die Pferde aufnehmen, deren Besitzer aufgrund finanzieller Probleme (Krankheit, Arbeitslosigkeit, Scheidung, Tod usw.) nicht mehr in der Lage sind, sie zu versorgen, und die zu den &#8222;Sozialf\u00e4llen&#8220; geh\u00f6ren.<\/div>\n\n\n\n<div class=\"gb-headline gb-headline-f422356f\">Unterst\u00fctzung \u00e4hnlicher Vereinigungen oder Stiftungen.<\/div>\n\n\n\n<p>Das Tierheim funktioniert dank der Beitr\u00e4ge seiner Mitglieder und der Unterst\u00fctzung verschiedener Stiftungen, die die gesamte materielle Infrastruktur sicherstellen.<br\/>Der Vorstand, der aus f\u00fcnf Mitgliedern besteht, trifft sich regelm\u00e4\u00dfig, um die zahlreichen Aufgaben und Aktionen zu verfolgen und zu gew\u00e4hrleisten.<\/p>\n\n\n\n<p><strong>Der Verein ist vom Tierschutzverein und den kantonalen Veterin\u00e4r\u00e4mtern anerkannt.  <\/strong><\/p>\n\n\n\n<p>Wenn Sie Pferde lieben, k\u00f6nnen Sie Mitglied von &#8222;Darwyn&#8217;s Refuge&#8220; werden, indem Sie einen Jahresbeitrag zahlen.<\/p>\n\n\n<div class=\"gb-container gb-container-ba69338d\">\n\n<a class=\"gb-button gb-button-9dbb169c btn-primary\" href=\"https:\/\/refuge-de-darwyn.ch\/de\/die-vereinigung\/unser-verein\/kontakt\/\"><span class=\"gb-button-text\">Mitglied werden<\/span><span class=\"gb-icon\">\n    \n<\/span><\/a>\n\n<\/div>\n<\/div>\n<\/div>","protected":false},"excerpt":{"rendered":"<p>Mission von Darwyns Zufluchtsort Der Verein ist seit 2003 als gemeinn\u00fctzig anerkannt.&nbsp; Darwyn&#8217;s Shelter ist seit 2010 eine anerkannte Sektion des STS (Schweizer Tierschutz). Darwyn&#8217;s Shelter wurde 2002 mit dem Cun\u00e9o-Preis des Genfer Tierschutzvereins und 2006 mit dem Preis der Genfer Tier\u00e4rzte ausgezeichnet. Seit Jahrtausenden ist das Pferd der bevorzugte Begleiter des Menschen. Diese au\u00dfergew\u00f6hnliche &#8230; <a title=\"Aufgabe des Tierheims\" class=\"read-more\" href=\"https:\/\/refuge-de-darwyn.ch\/de\/die-vereinigung\/unser-verein\/aufgabe-des-tierheims\/\" aria-label=\"Mehr Informationen \u00fcber Aufgabe des Tierheims\">Weiterlesen<\/a><\/p>\n","protected":false},"author":1,"featured_media":0,"parent":7991,"menu_order":1,"comment_status":"closed","ping_status":"closed","template":"","meta":{"_acf_changed":false,"_seopress_robots_primary_cat":"","_seopress_titles_title":"Sch\u00fctzen Sie die Pferde mit Darwyn's Refuge","_seopress_titles_desc":"Entdecken Sie Darwyns Tierheim, das als gemeinn\u00fctzig anerkannt ist, und unterst\u00fctzen Sie unsere Mission, Equiden vor Misshandlung zu sch\u00fctzen. Schlie\u00dfen Sie sich uns an! ","_seopress_robots_index":"","footnotes":""},"page_category":[],"class_list":["post-8090","page","type-page","status-publish"],"acf":[],"_links":{"self":[{"href":"https:\/\/refuge-de-darwyn.ch\/de\/wp-json\/wp\/v2\/pages\/8090","targetHints":{"allow":["GET"]}}],"collection":[{"href":"https:\/\/refuge-de-darwyn.ch\/de\/wp-json\/wp\/v2\/pages"}],"about":[{"href":"https:\/\/refuge-de-darwyn.ch\/de\/wp-json\/wp\/v2\/types\/page"}],"author":[{"embeddable":true,"href":"https:\/\/refuge-de-darwyn.ch\/de\/wp-json\/wp\/v2\/users\/1"}],"replies":[{"embeddable":true,"href":"https:\/\/refuge-de-darwyn.ch\/de\/wp-json\/wp\/v2\/comments?post=8090"}],"version-history":[{"count":3,"href":"https:\/\/refuge-de-darwyn.ch\/de\/wp-json\/wp\/v2\/pages\/8090\/revisions"}],"predecessor-version":[{"id":10042,"href":"https:\/\/refuge-de-darwyn.ch\/de\/wp-json\/wp\/v2\/pages\/8090\/revisions\/10042"}],"up":[{"embeddable":true,"href":"https:\/\/refuge-de-darwyn.ch\/de\/wp-json\/wp\/v2\/pages\/7991"}],"wp:attachment":[{"href":"https:\/\/refuge-de-darwyn.ch\/de\/wp-json\/wp\/v2\/media?parent=8090"}],"wp:term":[{"taxonomy":"page_category","embeddable":true,"href":"https:\/\/refuge-de-darwyn.ch\/de\/wp-json\/wp\/v2\/page_category?post=8090"}],"curies":[{"name":"wp","href":"https:\/\/api.w.org\/{rel}","templated":true}]}}