{"id":7994,"date":"2024-08-07T10:09:42","date_gmt":"2024-08-07T08:09:42","guid":{"rendered":"https:\/\/refuge-de-darwyn.ch\/datenschutzrichtlinie-und-datenerhebung\/"},"modified":"2025-02-27T09:19:59","modified_gmt":"2025-02-27T08:19:59","slug":"datenschutzrichtlinie-und-datenerhebung","status":"publish","type":"page","link":"https:\/\/refuge-de-darwyn.ch\/de\/datenschutzrichtlinie-und-datenerhebung\/","title":{"rendered":"Datenschutzrichtlinie und Datenerhebung"},"content":{"rendered":"\n<p>Darwyn&#8217;s Refuge respektiert die Vertraulichkeit Ihrer Daten und verpflichtet sich, diese durch die Einf\u00fchrung einer Datenschutzrichtlinie zu sch\u00fctzen.<\/p>\n\n<h2 class=\"gb-headline gb-headline-6c6015f5 gb-headline-text h3\">Wer verarbeitet Ihre pers\u00f6nlichen Daten?<\/h2>\n\n<p>Der Verantwortliche f\u00fcr die Verarbeitung ist Le Refuge de Darwyn.<\/p>\n\n<p>Sie k\u00f6nnen uns kontaktieren:<\/p>\n\n<ul class=\"wp-block-list\">\n<li>per E-Mail: <a href=\"mailto:info@refugedarwyn.ch\">info@refugedarwyn.ch<\/a><\/li>\n\n\n\n<li>per Telefon: <a href=\"tel:0041786668649\">+41 78 666 86 49<\/a><\/li>\n\n\n\n<li>per Post: Chemin du Clos 15, 1233 BERNEX<\/li>\n<\/ul>\n\n<h2 class=\"gb-headline gb-headline-eed57d4b gb-headline-text h3\">Daten, die wir sammeln<\/h2>\n\n<p>Wir sammeln verschiedene Arten von pers\u00f6nlichen Daten je nach Art der angebotenen Dienstleistung, einschlie\u00dflich :<\/p>\n\n<ul class=\"wp-block-list\">\n<li>Vorname(n) und Name(n)<\/li>\n\n\n\n<li>Postanschrift<\/li>\n\n\n\n<li>E-Mail<\/li>\n\n\n\n<li>Telefonnummer<\/li>\n\n\n\n<li>Spendenhistorie<\/li>\n\n\n\n<li>Informationen \u00fcber Zahlungen per Kreditkarte<\/li>\n<\/ul>\n\n<p>Je nach Art der Interaktion, die Sie mit dem Tierheim haben, sammeln wir auch :<\/p>\n\n<ul class=\"wp-block-list\">\n<li>Geschlecht<\/li>\n\n\n\n<li>Geburtsjahr<\/li>\n\n\n\n<li>Eheliche Situation<\/li>\n\n\n\n<li>Vornamen und Namen des Ehepartners oder der Eltern<\/li>\n\n\n\n<li>Beruf<\/li>\n\n\n\n<li>Fotografien\/Bilder<\/li>\n<\/ul>\n\n<p>Diese Daten k\u00f6nnen sich auf Folgendes beziehen<\/p>\n\n<ul class=\"wp-block-list\">\n<li>Nutzer unserer Website<\/li>\n\n\n\n<li>Mitglieder und Paten der Zuflucht<\/li>\n\n\n\n<li>Spender<\/li>\n\n\n\n<li>Teilnehmer an Veranstaltungen und Ereignissen<\/li>\n\n\n\n<li>Kunden unseres Shops  <\/li>\n<\/ul>\n\n<p>Wir sammeln diese Daten:<\/p>\n\n<ul class=\"wp-block-list\">\n<li>wenn Sie sie uns direkt durch Offline- oder pers\u00f6nliche Interaktionen zur Verf\u00fcgung stellen<\/li>\n\n\n\n<li>Auf unserer Website<\/li>\n\n\n\n<li>Auf den verschiedenen Formularen (Lager, Geburtstag, Veranstaltungen, Pferdevermittlung usw.)<\/li>\n\n\n\n<li>Wenn Sie unsere Dienste nutzen<\/li>\n\n\n\n<li>Wenn Sie an unseren Programmen teilnehmen oder sich f\u00fcr eine von uns organisierte Veranstaltung anmelden und\/oder daran teilnehmen.<\/li>\n\n\n\n<li>\u00d6ffentlich zug\u00e4ngliche Ressourcen.<\/li>\n<\/ul>\n\n<h2 class=\"gb-headline gb-headline-f87eb5ee gb-headline-text h3\">Daten, die Sie uns zur Verf\u00fcgung stellen<\/h2>\n\n<p>Wir sammeln Daten, wenn Sie mit dem Tierheim interagieren, sei es \u00fcber unsere Website, offline oder pers\u00f6nlich:<\/p>\n\n<ul class=\"wp-block-list\">\n<li>Pers\u00f6nliche Daten, die Sie bei einer Anfrage oder als Mitglied angeben.<\/li>\n\n\n\n<li>Aufzeichnungen und Kopien von Schreiben (einschlie\u00dflich E-Mails, andere elektronische Nachrichten und Beitr\u00e4ge in sozialen Netzwerken), die Sie uns zur Verf\u00fcgung stellen, wenn Sie mit uns in Kontakt treten.<\/li>\n\n\n\n<li>Anmeldung zu Veranstaltungen des Refugiums.<\/li>\n\n\n\n<li>Pers\u00f6nliche Daten, die Sie bei einer Spende angeben.<\/li>\n\n\n\n<li>Pers\u00f6nliche Daten, die Sie angeben, wenn Sie eine Anfrage stellen.<\/li>\n\n\n\n<li>Details, die Sie angeben, wenn Sie eine Transaktion auf unserer Website durchf\u00fchren oder eine Bestellung aufgeben. Es kann sein, dass Sie finanzielle Informationen angeben m\u00fcssen, bevor Sie eine Bestellung auf unserer Website aufgeben k\u00f6nnen. <\/li>\n<\/ul>\n\n<h2 class=\"gb-headline gb-headline-a7794c27 gb-headline-text h3\">Verwendung Ihrer pers\u00f6nlichen Daten<\/h2>\n\n<p>Wir verwenden die Daten, die wir \u00fcber Sie sammeln oder die Sie uns zur Verf\u00fcgung stellen, einschlie\u00dflich Ihrer pers\u00f6nlichen Daten:<\/p>\n\n<ul class=\"wp-block-list\">\n<li>F\u00fcr Ihre Mitgliedschaft in der Vereinigung ;<\/li>\n\n\n\n<li>Um vertragliche Beziehungen einzugehen und diese gem\u00e4\u00df den in den Vertr\u00e4gen festgelegten Bestimmungen durchzuf\u00fchren;<\/li>\n\n\n\n<li>Um mit Ihnen \u00fcber jedes geeignete Kommunikationsmittel zu kommunizieren, um Ihre Fragen zu unseren Dienstleistungen zu beantworten;<\/li>\n\n\n\n<li>Um Ihnen Informationen \u00fcber das Tierheim zukommen zu lassen (Gazette, bevorstehende Veranstaltungen, etc.).<\/li>\n\n\n\n<li>Um Ihnen Informationen, Produkte oder Dienstleistungen zu liefern, die Sie von uns angefordert haben.<\/li>\n\n\n\n<li>Zur Erf\u00fcllung unserer Verpflichtungen und Durchsetzung unserer Rechte in Bezug auf Vertr\u00e4ge, die zwischen Ihnen und uns geschlossen wurden, einschlie\u00dflich Rechnungsstellung und Inkasso. &#8211; F\u00fcr jeden anderen Zweck, f\u00fcr den wir Ihre Zustimmung haben. <\/li>\n<\/ul>\n\n<h2 class=\"gb-headline gb-headline-ca8c7810 gb-headline-text h3\">Mitteilung Ihrer pers\u00f6nlichen Daten<\/h2>\n\n<p>Die von uns \u00fcbermittelten Daten werden niemals an Dritte weitergegeben, sondern nur in den folgenden F\u00e4llen verwendet:<\/p>\n\n<ul class=\"wp-block-list\">\n<li>F\u00fcr die Zwecke, die wir Ihnen zu dem Zeitpunkt mitgeteilt haben, als Sie uns die Daten zur Verf\u00fcgung gestellt haben.<\/li>\n\n\n\n<li>Nach Erhalt Ihrer Zustimmung<\/li>\n\n\n\n<li>Um Sie mit anderen Personen in Verbindung zu bringen, die mit Ihrer Anfrage zu tun haben.<\/li>\n<\/ul>\n\n<h2 class=\"gb-headline gb-headline-6c638809 gb-headline-text h3\">Pers\u00f6nliche Daten von Spendern<\/h2>\n\n<p>Le Refuge wird die pers\u00f6nlichen Informationen der Spender, einschlie\u00dflich Name, Telefonnummer, E-Mail oder Postanschrift, nicht verkaufen, austauschen oder an Dritte weitergeben. Das Refugium wird auch keine Post im Namen anderer Organisationen versenden, die nicht mit ihm verbunden sind. Diese Politik gilt f\u00fcr alle pers\u00f6nlichen Daten, die das Tierheim online und offline, elektronisch, schriftlich oder m\u00fcndlich erh\u00e4lt.  <\/p>\n\n<h2 class=\"gb-headline gb-headline-5f1aef6b gb-headline-text h3\">Dauer der Speicherung Ihrer pers\u00f6nlichen Daten<\/h2>\n\n<p>Wir bewahren die gesammelten Daten so lange auf, wie es f\u00fcr die Erf\u00fcllung vertraglicher Verpflichtungen erforderlich ist.<\/p>\n","protected":false},"excerpt":{"rendered":"<p>Darwyn&#8217;s Refuge respektiert die Vertraulichkeit Ihrer Daten und verpflichtet sich, diese durch die Einf\u00fchrung einer Datenschutzrichtlinie zu sch\u00fctzen. Wer verarbeitet Ihre pers\u00f6nlichen Daten? Der Verantwortliche f\u00fcr die Verarbeitung ist Le Refuge de Darwyn. Sie k\u00f6nnen uns kontaktieren: Daten, die wir sammeln Wir sammeln verschiedene Arten von pers\u00f6nlichen Daten je nach Art der angebotenen Dienstleistung, einschlie\u00dflich &#8230; <a title=\"Datenschutzrichtlinie und Datenerhebung\" class=\"read-more\" href=\"https:\/\/refuge-de-darwyn.ch\/de\/datenschutzrichtlinie-und-datenerhebung\/\" aria-label=\"Mehr Informationen \u00fcber Datenschutzrichtlinie und Datenerhebung\">Weiterlesen<\/a><\/p>\n","protected":false},"author":1,"featured_media":0,"parent":0,"menu_order":0,"comment_status":"closed","ping_status":"closed","template":"","meta":{"_acf_changed":false,"_seopress_robots_primary_cat":"","_seopress_titles_title":"Vertraulichkeit im Darwyn Refuge: Sicherheit garantiert","_seopress_titles_desc":"","_seopress_robots_index":"","footnotes":""},"page_category":[17],"class_list":{"0":"post-7994","1":"page","2":"type-page","3":"status-publish","5":"page_category-standard"},"acf":[],"_links":{"self":[{"href":"https:\/\/refuge-de-darwyn.ch\/de\/wp-json\/wp\/v2\/pages\/7994","targetHints":{"allow":["GET"]}}],"collection":[{"href":"https:\/\/refuge-de-darwyn.ch\/de\/wp-json\/wp\/v2\/pages"}],"about":[{"href":"https:\/\/refuge-de-darwyn.ch\/de\/wp-json\/wp\/v2\/types\/page"}],"author":[{"embeddable":true,"href":"https:\/\/refuge-de-darwyn.ch\/de\/wp-json\/wp\/v2\/users\/1"}],"replies":[{"embeddable":true,"href":"https:\/\/refuge-de-darwyn.ch\/de\/wp-json\/wp\/v2\/comments?post=7994"}],"version-history":[{"count":1,"href":"https:\/\/refuge-de-darwyn.ch\/de\/wp-json\/wp\/v2\/pages\/7994\/revisions"}],"predecessor-version":[{"id":7996,"href":"https:\/\/refuge-de-darwyn.ch\/de\/wp-json\/wp\/v2\/pages\/7994\/revisions\/7996"}],"wp:attachment":[{"href":"https:\/\/refuge-de-darwyn.ch\/de\/wp-json\/wp\/v2\/media?parent=7994"}],"wp:term":[{"taxonomy":"page_category","embeddable":true,"href":"https:\/\/refuge-de-darwyn.ch\/de\/wp-json\/wp\/v2\/page_category?post=7994"}],"curies":[{"name":"wp","href":"https:\/\/api.w.org\/{rel}","templated":true}]}}