{"id":15877,"date":"2025-08-18T10:44:47","date_gmt":"2025-08-18T08:44:47","guid":{"rendered":"https:\/\/refuge-de-darwyn.ch\/uns-unterstuetzen\/durch-ihre-spenden\/auktion-25-jahre-darwyns-refuge\/"},"modified":"2025-12-03T09:51:40","modified_gmt":"2025-12-03T08:51:40","slug":"auktion-25-jahre-darwyns-refuge","status":"publish","type":"page","link":"https:\/\/refuge-de-darwyn.ch\/de\/uns-unterstuetzen\/durch-ihre-spenden\/auktion-25-jahre-darwyns-refuge\/","title":{"rendered":"Auktion 25 Jahre Darwyn&#8217;s Refuge"},"content":{"rendered":"\n<p class=\"has-text-align-center\"><strong>Versteigerung von Bildern der K\u00fcnstlerinnen Graziella Bordignon und Marie-Pierre Maurer, der gesamte Erl\u00f6s kommt den Pferden und Eseln des Tierheims zugute!<\/strong><\/p>\n\n<p class=\"has-text-align-center\">Dieser Verkauf findet dank eines sehr gro\u00dfz\u00fcgigen Mitglieds des Refugiums statt, das uns ihre Bilder (Bilder 1 bis 5) und Marie-Pierre Maurer selbst (Bilder 6 und 7) geschenkt hat, um Geld f\u00fcr unsere Aktion zu sammeln.  <br\/>Geben Sie hier Ihre Informationen und den Betrag Ihres\/Ihrer Gebots\/e f\u00fcr das\/die Gem\u00e4lde Ihrer Wahl ein.<br\/><\/p>\n\n<div class=\"wp-block-columns is-layout-flex wp-container-core-columns-is-layout-9d6595d7 wp-block-columns-is-layout-flex\">\n<div class=\"wp-block-column is-layout-flow wp-block-column-is-layout-flow\">\n<h2 class=\"gb-headline gb-headline-a15b4348 gb-headline-text\">Tabelle 1<\/h2>\n\n\n\n<p class=\"has-text-align-center\">110cm x 40cm<\/p>\n\n\n\n<figure class=\"gb-block-image gb-block-image-88dedabe\"><img loading=\"lazy\" decoding=\"async\" width=\"987\" height=\"2884\" class=\"gb-image gb-image-88dedabe\" src=\"https:\/\/refuge-de-darwyn.ch\/wp-content\/uploads\/2025\/08\/IMG_1835.jpeg\" alt=\"\" title=\"IMG_1835\" srcset=\"https:\/\/refuge-de-darwyn.ch\/wp-content\/uploads\/2025\/08\/IMG_1835.jpeg 987w, https:\/\/refuge-de-darwyn.ch\/wp-content\/uploads\/2025\/08\/IMG_1835-103x300.jpeg 103w, https:\/\/refuge-de-darwyn.ch\/wp-content\/uploads\/2025\/08\/IMG_1835-350x1024.jpeg 350w, https:\/\/refuge-de-darwyn.ch\/wp-content\/uploads\/2025\/08\/IMG_1835-768x2244.jpeg 768w, https:\/\/refuge-de-darwyn.ch\/wp-content\/uploads\/2025\/08\/IMG_1835-526x1536.jpeg 526w, https:\/\/refuge-de-darwyn.ch\/wp-content\/uploads\/2025\/08\/IMG_1835-701x2048.jpeg 701w, https:\/\/refuge-de-darwyn.ch\/wp-content\/uploads\/2025\/08\/IMG_1835-600x1753.jpeg 600w\" sizes=\"auto, (max-width: 987px) 100vw, 987px\" \/><\/figure>\n<\/div>\n\n\n\n<div class=\"wp-block-column is-layout-flow wp-block-column-is-layout-flow\">\n<h2 class=\"wp-block-heading has-text-align-center\">Tabelle 2<\/h2>\n\n\n\n<p class=\"has-text-align-center\">120cm x 40cm<\/p>\n\n\n\n<figure class=\"gb-block-image gb-block-image-a5d67a71\"><img loading=\"lazy\" decoding=\"async\" width=\"998\" height=\"3007\" class=\"gb-image gb-image-a5d67a71\" src=\"https:\/\/refuge-de-darwyn.ch\/wp-content\/uploads\/2025\/08\/IMG_1831.jpeg\" alt=\"\" title=\"IMG_1831\" srcset=\"https:\/\/refuge-de-darwyn.ch\/wp-content\/uploads\/2025\/08\/IMG_1831.jpeg 998w, https:\/\/refuge-de-darwyn.ch\/wp-content\/uploads\/2025\/08\/IMG_1831-100x300.jpeg 100w, https:\/\/refuge-de-darwyn.ch\/wp-content\/uploads\/2025\/08\/IMG_1831-340x1024.jpeg 340w, https:\/\/refuge-de-darwyn.ch\/wp-content\/uploads\/2025\/08\/IMG_1831-768x2314.jpeg 768w, https:\/\/refuge-de-darwyn.ch\/wp-content\/uploads\/2025\/08\/IMG_1831-510x1536.jpeg 510w, https:\/\/refuge-de-darwyn.ch\/wp-content\/uploads\/2025\/08\/IMG_1831-680x2048.jpeg 680w, https:\/\/refuge-de-darwyn.ch\/wp-content\/uploads\/2025\/08\/IMG_1831-600x1808.jpeg 600w\" sizes=\"auto, (max-width: 998px) 100vw, 998px\" \/><\/figure>\n<\/div>\n\n\n\n<div class=\"wp-block-column is-layout-flow wp-block-column-is-layout-flow\">\n<h2 class=\"wp-block-heading has-text-align-center\">Tabelle 3<\/h2>\n\n\n\n<p class=\"has-text-align-center\">120cm x 40cm<\/p>\n\n\n\n<figure class=\"gb-block-image gb-block-image-7f281229\"><img loading=\"lazy\" decoding=\"async\" width=\"1098\" height=\"3356\" class=\"gb-image gb-image-7f281229\" src=\"https:\/\/refuge-de-darwyn.ch\/wp-content\/uploads\/2025\/08\/IMG_1833.jpeg\" alt=\"\" title=\"IMG_1833\" srcset=\"https:\/\/refuge-de-darwyn.ch\/wp-content\/uploads\/2025\/08\/IMG_1833.jpeg 1098w, https:\/\/refuge-de-darwyn.ch\/wp-content\/uploads\/2025\/08\/IMG_1833-98x300.jpeg 98w, https:\/\/refuge-de-darwyn.ch\/wp-content\/uploads\/2025\/08\/IMG_1833-335x1024.jpeg 335w, https:\/\/refuge-de-darwyn.ch\/wp-content\/uploads\/2025\/08\/IMG_1833-768x2347.jpeg 768w, https:\/\/refuge-de-darwyn.ch\/wp-content\/uploads\/2025\/08\/IMG_1833-503x1536.jpeg 503w, https:\/\/refuge-de-darwyn.ch\/wp-content\/uploads\/2025\/08\/IMG_1833-670x2048.jpeg 670w, https:\/\/refuge-de-darwyn.ch\/wp-content\/uploads\/2025\/08\/IMG_1833-600x1834.jpeg 600w\" sizes=\"auto, (max-width: 1098px) 100vw, 1098px\" \/><\/figure>\n<\/div>\n<\/div>\n\n<div class=\"wp-block-columns is-layout-flex wp-container-core-columns-is-layout-9d6595d7 wp-block-columns-is-layout-flex\">\n<div class=\"wp-block-column is-layout-flow wp-block-column-is-layout-flow\">\n<h2 class=\"wp-block-heading has-text-align-center\">Tabelle 4<\/h2>\n\n\n\n<p class=\"has-text-align-center\">100cm x 100cm<\/p>\n\n\n\n<figure class=\"gb-block-image gb-block-image-7b36a706\"><img loading=\"lazy\" decoding=\"async\" width=\"2180\" height=\"2149\" class=\"gb-image gb-image-7b36a706\" src=\"https:\/\/refuge-de-darwyn.ch\/wp-content\/uploads\/2025\/08\/IMG_1838.jpeg\" alt=\"\" title=\"IMG_1838\" srcset=\"https:\/\/refuge-de-darwyn.ch\/wp-content\/uploads\/2025\/08\/IMG_1838.jpeg 2180w, https:\/\/refuge-de-darwyn.ch\/wp-content\/uploads\/2025\/08\/IMG_1838-300x296.jpeg 300w, https:\/\/refuge-de-darwyn.ch\/wp-content\/uploads\/2025\/08\/IMG_1838-1024x1009.jpeg 1024w, https:\/\/refuge-de-darwyn.ch\/wp-content\/uploads\/2025\/08\/IMG_1838-768x757.jpeg 768w, https:\/\/refuge-de-darwyn.ch\/wp-content\/uploads\/2025\/08\/IMG_1838-1536x1514.jpeg 1536w, https:\/\/refuge-de-darwyn.ch\/wp-content\/uploads\/2025\/08\/IMG_1838-2048x2019.jpeg 2048w, https:\/\/refuge-de-darwyn.ch\/wp-content\/uploads\/2025\/08\/IMG_1838-600x591.jpeg 600w, https:\/\/refuge-de-darwyn.ch\/wp-content\/uploads\/2025\/08\/IMG_1838-100x100.jpeg 100w\" sizes=\"auto, (max-width: 2180px) 100vw, 2180px\" \/><\/figure>\n<\/div>\n\n\n\n<div class=\"wp-block-column is-layout-flow wp-block-column-is-layout-flow\">\n<h2 class=\"wp-block-heading has-text-align-center\">Tabelle 5<\/h2>\n\n\n\n<p class=\"has-text-align-center\">40cm x 30cm<\/p>\n\n\n\n<figure class=\"gb-block-image gb-block-image-f90a35a8\"><img loading=\"lazy\" decoding=\"async\" width=\"2025\" height=\"2625\" class=\"gb-image gb-image-f90a35a8\" src=\"https:\/\/refuge-de-darwyn.ch\/wp-content\/uploads\/2025\/08\/IMG_1715-2.jpeg\" alt=\"\" title=\"IMG_1715\" srcset=\"https:\/\/refuge-de-darwyn.ch\/wp-content\/uploads\/2025\/08\/IMG_1715-2.jpeg 2025w, https:\/\/refuge-de-darwyn.ch\/wp-content\/uploads\/2025\/08\/IMG_1715-2-231x300.jpeg 231w, https:\/\/refuge-de-darwyn.ch\/wp-content\/uploads\/2025\/08\/IMG_1715-2-790x1024.jpeg 790w, https:\/\/refuge-de-darwyn.ch\/wp-content\/uploads\/2025\/08\/IMG_1715-2-768x996.jpeg 768w, https:\/\/refuge-de-darwyn.ch\/wp-content\/uploads\/2025\/08\/IMG_1715-2-1185x1536.jpeg 1185w, https:\/\/refuge-de-darwyn.ch\/wp-content\/uploads\/2025\/08\/IMG_1715-2-1580x2048.jpeg 1580w, https:\/\/refuge-de-darwyn.ch\/wp-content\/uploads\/2025\/08\/IMG_1715-2-600x778.jpeg 600w\" sizes=\"auto, (max-width: 2025px) 100vw, 2025px\" \/><\/figure>\n<\/div>\n<\/div>\n\n<div class=\"wp-block-columns is-layout-flex wp-container-core-columns-is-layout-9d6595d7 wp-block-columns-is-layout-flex\">\n<div class=\"wp-block-column is-layout-flow wp-block-column-is-layout-flow\">\n<h2 class=\"wp-block-heading has-text-align-center\">Tabelle 6<\/h2>\n\n\n\n<p class=\"has-text-align-center\">40cm x 30cm<\/p>\n\n\n\n<figure class=\"gb-block-image gb-block-image-2f36fa8d\"><img loading=\"lazy\" decoding=\"async\" width=\"1105\" height=\"1353\" class=\"gb-image gb-image-2f36fa8d\" src=\"https:\/\/refuge-de-darwyn.ch\/wp-content\/uploads\/2025\/08\/mp-tableau1-a.jpg\" alt=\"\" title=\"mp Tabelle1 a\" srcset=\"https:\/\/refuge-de-darwyn.ch\/wp-content\/uploads\/2025\/08\/mp-tableau1-a.jpg 1105w, https:\/\/refuge-de-darwyn.ch\/wp-content\/uploads\/2025\/08\/mp-tableau1-a-245x300.jpg 245w, https:\/\/refuge-de-darwyn.ch\/wp-content\/uploads\/2025\/08\/mp-tableau1-a-836x1024.jpg 836w, https:\/\/refuge-de-darwyn.ch\/wp-content\/uploads\/2025\/08\/mp-tableau1-a-768x940.jpg 768w, https:\/\/refuge-de-darwyn.ch\/wp-content\/uploads\/2025\/08\/mp-tableau1-a-600x735.jpg 600w\" sizes=\"auto, (max-width: 1105px) 100vw, 1105px\" \/><\/figure>\n<\/div>\n\n\n\n<div class=\"wp-block-column is-layout-flow wp-block-column-is-layout-flow\">\n<h2 class=\"wp-block-heading has-text-align-center\">Tabelle 7<\/h2>\n\n\n\n<p class=\"has-text-align-center\">40cm x 30cm<\/p>\n\n\n\n<figure class=\"gb-block-image gb-block-image-c62d2218\"><img loading=\"lazy\" decoding=\"async\" width=\"1335\" height=\"1013\" class=\"gb-image gb-image-c62d2218\" src=\"https:\/\/refuge-de-darwyn.ch\/wp-content\/uploads\/2025\/08\/talbeau-2_a.jpeg\" alt=\"\" title=\"talbeau 2_a\" srcset=\"https:\/\/refuge-de-darwyn.ch\/wp-content\/uploads\/2025\/08\/talbeau-2_a.jpeg 1335w, https:\/\/refuge-de-darwyn.ch\/wp-content\/uploads\/2025\/08\/talbeau-2_a-300x228.jpeg 300w, https:\/\/refuge-de-darwyn.ch\/wp-content\/uploads\/2025\/08\/talbeau-2_a-1024x777.jpeg 1024w, https:\/\/refuge-de-darwyn.ch\/wp-content\/uploads\/2025\/08\/talbeau-2_a-768x583.jpeg 768w, https:\/\/refuge-de-darwyn.ch\/wp-content\/uploads\/2025\/08\/talbeau-2_a-600x455.jpeg 600w\" sizes=\"auto, (max-width: 1335px) 100vw, 1335px\" \/><\/figure>\n<\/div>\n<\/div>\n\n<h2 class=\"wp-block-heading has-text-align-center\"><\/h2>\n\n<p><\/p>\n","protected":false},"excerpt":{"rendered":"<p>Versteigerung von Bildern der K\u00fcnstlerinnen Graziella Bordignon und Marie-Pierre Maurer, der gesamte Erl\u00f6s kommt den Pferden und Eseln des Tierheims zugute! Dieser Verkauf findet dank eines sehr gro\u00dfz\u00fcgigen Mitglieds des Refugiums statt, das uns ihre Bilder (Bilder 1 bis 5) und Marie-Pierre Maurer selbst (Bilder 6 und 7) geschenkt hat, um Geld f\u00fcr unsere Aktion &#8230; <a title=\"Auktion 25 Jahre Darwyn&#8217;s Refuge\" class=\"read-more\" href=\"https:\/\/refuge-de-darwyn.ch\/de\/uns-unterstuetzen\/durch-ihre-spenden\/auktion-25-jahre-darwyns-refuge\/\" aria-label=\"Mehr Informationen \u00fcber Auktion 25 Jahre Darwyn&#8217;s Refuge\">Weiterlesen<\/a><\/p>\n","protected":false},"author":2,"featured_media":0,"parent":8103,"menu_order":0,"comment_status":"closed","ping_status":"closed","template":"","meta":{"_acf_changed":false,"_seopress_robots_primary_cat":"","_seopress_titles_title":"","_seopress_titles_desc":"","_seopress_robots_index":"","footnotes":""},"page_category":[83],"class_list":{"0":"post-15877","1":"page","2":"type-page","3":"status-publish","5":"page_category-formulaire"},"acf":[],"_links":{"self":[{"href":"https:\/\/refuge-de-darwyn.ch\/de\/wp-json\/wp\/v2\/pages\/15877","targetHints":{"allow":["GET"]}}],"collection":[{"href":"https:\/\/refuge-de-darwyn.ch\/de\/wp-json\/wp\/v2\/pages"}],"about":[{"href":"https:\/\/refuge-de-darwyn.ch\/de\/wp-json\/wp\/v2\/types\/page"}],"author":[{"embeddable":true,"href":"https:\/\/refuge-de-darwyn.ch\/de\/wp-json\/wp\/v2\/users\/2"}],"replies":[{"embeddable":true,"href":"https:\/\/refuge-de-darwyn.ch\/de\/wp-json\/wp\/v2\/comments?post=15877"}],"version-history":[{"count":1,"href":"https:\/\/refuge-de-darwyn.ch\/de\/wp-json\/wp\/v2\/pages\/15877\/revisions"}],"predecessor-version":[{"id":15879,"href":"https:\/\/refuge-de-darwyn.ch\/de\/wp-json\/wp\/v2\/pages\/15877\/revisions\/15879"}],"up":[{"embeddable":true,"href":"https:\/\/refuge-de-darwyn.ch\/de\/wp-json\/wp\/v2\/pages\/8103"}],"wp:attachment":[{"href":"https:\/\/refuge-de-darwyn.ch\/de\/wp-json\/wp\/v2\/media?parent=15877"}],"wp:term":[{"taxonomy":"page_category","embeddable":true,"href":"https:\/\/refuge-de-darwyn.ch\/de\/wp-json\/wp\/v2\/page_category?post=15877"}],"curies":[{"name":"wp","href":"https:\/\/api.w.org\/{rel}","templated":true}]}}