{"id":15866,"date":"2025-06-26T11:32:18","date_gmt":"2025-06-26T09:32:18","guid":{"rendered":"https:\/\/refuge-de-darwyn.ch\/feiern-sie-mit-uns-das-25-jaehrige-bestehen-des-tierheims\/"},"modified":"2025-12-03T09:51:40","modified_gmt":"2025-12-03T08:51:40","slug":"feiern-sie-mit-uns-das-25-jaehrige-bestehen-des-tierheims","status":"publish","type":"page","link":"https:\/\/refuge-de-darwyn.ch\/de\/feiern-sie-mit-uns-das-25-jaehrige-bestehen-des-tierheims\/","title":{"rendered":"Feiern Sie mit uns das 25-j\u00e4hrige Bestehen des Tierheims!"},"content":{"rendered":"\n<div class=\"wp-block-columns are-vertically-aligned-center is-layout-flex wp-container-core-columns-is-layout-9d6595d7 wp-block-columns-is-layout-flex\">\n<div class=\"wp-block-column is-vertically-aligned-center is-layout-flow wp-block-column-is-layout-flow\">\n<p class=\"has-text-align-center\" style=\"font-size:16px\"><strong>Freitag, 29. August<br\/>Firmen\u00fcbergreifender Tag (nach Anmeldung):<\/strong><br\/>Spieleparcours aus alten Zeiten<br\/>Kleine Speisen und Getr\u00e4nke<br\/><br\/><br\/> Samstag<strong>, 30. August<br\/>Guinguette-Abend ab 18 Uhr:<\/strong><br\/>Musikalische Einlage von Lola Gastier<br\/>Isabelle am Akkordeon<br\/>Und \u00dcberraschung f\u00fcr &#8222;die Gro\u00dfen&#8220;&#8230;!<br\/>Verpflegung mit Grillfleisch, gegrilltem Mais, Risotto, Hot Fondue, Cr\u00eapes und Eis<\/p>\n<\/div>\n\n\n\n<div class=\"wp-block-column is-vertically-aligned-center is-layout-flow wp-block-column-is-layout-flow\">\n<figure class=\"gb-block-image gb-block-image-59bcd571\"><img loading=\"lazy\" decoding=\"async\" width=\"564\" height=\"791\" class=\"gb-image gb-image-59bcd571\" src=\"https:\/\/refuge-de-darwyn.ch\/wp-content\/uploads\/2025\/06\/FLyer-coupe.png\" alt=\"\" title=\"FLyer geschnitten\" srcset=\"https:\/\/refuge-de-darwyn.ch\/wp-content\/uploads\/2025\/06\/FLyer-coupe.png 564w, https:\/\/refuge-de-darwyn.ch\/wp-content\/uploads\/2025\/06\/FLyer-coupe-214x300.png 214w\" sizes=\"auto, (max-width: 564px) 100vw, 564px\" \/><\/figure>\n<\/div>\n\n\n\n<div class=\"wp-block-column is-vertically-aligned-center is-layout-flow wp-block-column-is-layout-flow\">\n<p class=\"has-text-align-center has-small-font-size\"><strong>Sonntag, 31. August<br\/>Familientag ab 11 Uhr:<\/strong><br\/>Offizieller Aperitif mit den Beh\u00f6rden um 11.30 Uhr<br\/>Ausstellerdorf<br\/>Pferde- und Hundeshows<br\/>Tanzvorf\u00fchrungen von:<br\/>der Liberty Catalan Country Danse<br\/>Joelle &amp; Gilbert und ihre Rockeurs<br\/>Vorf\u00fchrung der Reitbrigade der Genfer Polizei<br\/>Country-Musik mit Lauri<br\/>Aufblasbare Burg<br\/>Ponyreiten<br\/>Ein Bereich, der der Pr\u00e4sentation von Berufen im Zusammenhang mit Pferden gewidmet ist, mit Beitr\u00e4gen von Fachleuten.<br\/>Ausstellung von Transportfahrzeugen durch Transeb und SACAR<br\/>Spielstra\u00dfe mit Spielen aus fr\u00fcheren Zeiten<br\/>Tombola<br\/>Gastronomie mit Grillspezialit\u00e4ten, veganen Tacos, Salaten, Pellkartoffeln, Raclette, Cr\u00eapes, Eis&#8230;<\/p>\n<\/div>\n<\/div>\n\n<p><\/p>\n\n<p class=\"has-text-align-center has-medium-font-size\" style=\"font-style:normal;font-weight:800\"><strong>Um eine Vorstellung davon zu bekommen, wie viele Personen <mark style=\"background-color:var(--primary-300)\" class=\"has-inline-color has-background-900-color\">am Abend des 30. August ab 18 Uhr an der Guinguette<\/mark> teilnehmen werden, f\u00fcllen Sie bitte das untenstehende Formular f\u00fcr das Abendessen aus! Es wird f\u00fcr jeden Geschmack etwas dabei sein: Gegrilltes, gegrillter Mais, Risotto, Hot Fondue, Cr\u00eapes, Eis&#8230;. <\/strong><\/p>\n\n<p><\/p>\n","protected":false},"excerpt":{"rendered":"<p>Freitag, 29. AugustFirmen\u00fcbergreifender Tag (nach Anmeldung):Spieleparcours aus alten ZeitenKleine Speisen und Getr\u00e4nke Samstag, 30. AugustGuinguette-Abend ab 18 Uhr:Musikalische Einlage von Lola GastierIsabelle am AkkordeonUnd \u00dcberraschung f\u00fcr &#8222;die Gro\u00dfen&#8220;&#8230;!Verpflegung mit Grillfleisch, gegrilltem Mais, Risotto, Hot Fondue, Cr\u00eapes und Eis Sonntag, 31. AugustFamilientag ab 11 Uhr:Offizieller Aperitif mit den Beh\u00f6rden um 11.30 UhrAusstellerdorfPferde- und HundeshowsTanzvorf\u00fchrungen von:der Liberty &#8230; <a title=\"Feiern Sie mit uns das 25-j\u00e4hrige Bestehen des Tierheims!\" class=\"read-more\" href=\"https:\/\/refuge-de-darwyn.ch\/de\/feiern-sie-mit-uns-das-25-jaehrige-bestehen-des-tierheims\/\" aria-label=\"Mehr Informationen \u00fcber Feiern Sie mit uns das 25-j\u00e4hrige Bestehen des Tierheims!\">Weiterlesen<\/a><\/p>\n","protected":false},"author":2,"featured_media":0,"parent":0,"menu_order":0,"comment_status":"closed","ping_status":"closed","template":"","meta":{"_acf_changed":false,"_seopress_robots_primary_cat":"","_seopress_titles_title":"","_seopress_titles_desc":"","_seopress_robots_index":"","footnotes":""},"page_category":[83],"class_list":{"0":"post-15866","1":"page","2":"type-page","3":"status-publish","5":"page_category-formulaire"},"acf":[],"_links":{"self":[{"href":"https:\/\/refuge-de-darwyn.ch\/de\/wp-json\/wp\/v2\/pages\/15866","targetHints":{"allow":["GET"]}}],"collection":[{"href":"https:\/\/refuge-de-darwyn.ch\/de\/wp-json\/wp\/v2\/pages"}],"about":[{"href":"https:\/\/refuge-de-darwyn.ch\/de\/wp-json\/wp\/v2\/types\/page"}],"author":[{"embeddable":true,"href":"https:\/\/refuge-de-darwyn.ch\/de\/wp-json\/wp\/v2\/users\/2"}],"replies":[{"embeddable":true,"href":"https:\/\/refuge-de-darwyn.ch\/de\/wp-json\/wp\/v2\/comments?post=15866"}],"version-history":[{"count":1,"href":"https:\/\/refuge-de-darwyn.ch\/de\/wp-json\/wp\/v2\/pages\/15866\/revisions"}],"predecessor-version":[{"id":15868,"href":"https:\/\/refuge-de-darwyn.ch\/de\/wp-json\/wp\/v2\/pages\/15866\/revisions\/15868"}],"wp:attachment":[{"href":"https:\/\/refuge-de-darwyn.ch\/de\/wp-json\/wp\/v2\/media?parent=15866"}],"wp:term":[{"taxonomy":"page_category","embeddable":true,"href":"https:\/\/refuge-de-darwyn.ch\/de\/wp-json\/wp\/v2\/page_category?post=15866"}],"curies":[{"name":"wp","href":"https:\/\/api.w.org\/{rel}","templated":true}]}}